{"id":18543,"date":"2025-10-01T09:45:33","date_gmt":"2025-10-01T06:45:33","guid":{"rendered":"https:\/\/ceoparts.com\/?post_type=product&#038;p=18543"},"modified":"2026-05-14T12:05:30","modified_gmt":"2026-05-14T09:05:30","slug":"hyster-sensor-4617248","status":"publish","type":"product","link":"http:\/\/ceoparts.com\/de\/urun\/hyster-sensor-4617248\/","title":{"rendered":"Hyster Sensor \u2013 4617248"},"content":{"rendered":"<p>Hyster Sensor \u2013 4617248<\/p>","protected":false},"excerpt":{"rendered":"<p data-start=\"1418\" data-end=\"1650\">Der <strong data-start=\"1422\" data-end=\"1449\">Hyster Sensor \u2013 4617248<\/strong> ist ein hochpr\u00e4zises Bauteil zur genauen Erfassung und \u00dcbertragung von Motor-, Geschwindigkeits- oder Hydraulikdaten an die Steuereinheit. Er sorgt f\u00fcr optimale Leistung und verhindert Systemfehler.<\/p>\n<p data-start=\"1652\" data-end=\"1675\"><strong data-start=\"1652\" data-end=\"1673\">Technische Daten:<\/strong><\/p>\n<ul data-start=\"1676\" data-end=\"1977\">\n<li data-start=\"1676\" data-end=\"1720\">\n<p data-start=\"1678\" data-end=\"1720\"><strong data-start=\"1678\" data-end=\"1694\">Produktname:<\/strong> Hyster Sensor \u2013 4617248<\/p>\n<\/li>\n<li data-start=\"1721\" data-end=\"1749\">\n<p data-start=\"1723\" data-end=\"1749\"><strong data-start=\"1723\" data-end=\"1739\">Teilenummer:<\/strong> 4617248<\/p>\n<\/li>\n<li data-start=\"1750\" data-end=\"1814\">\n<p data-start=\"1752\" data-end=\"1814\"><strong data-start=\"1752\" data-end=\"1765\">Material:<\/strong> Elektronische Komponenten in Industriequalit\u00e4t<\/p>\n<\/li>\n<li data-start=\"1815\" data-end=\"1891\">\n<p data-start=\"1817\" data-end=\"1891\"><strong data-start=\"1817\" data-end=\"1836\">Einsatzbereich:<\/strong> Motor- und Hydrauliksysteme von Hyster-Gabelstaplern<\/p>\n<\/li>\n<li data-start=\"1892\" data-end=\"1977\">\n<p data-start=\"1894\" data-end=\"1977\"><strong data-start=\"1894\" data-end=\"1906\">Vorteil:<\/strong> Hohe Genauigkeit, langlebig, zuverl\u00e4ssige Leistung, einfache Montage<\/p>\n<\/li>\n<\/ul>\n","protected":false},"featured_media":18547,"template":"","meta":[],"product_brand":[],"product_cat":[469,256,520],"product_tag":[],"class_list":{"0":"post-18543","1":"product","2":"type-product","3":"status-publish","4":"has-post-thumbnail","6":"product_cat-elektrik-ve-sistem-parcalari","7":"product_cat-hyster","8":"product_cat-yedek-parca-hyster","10":"first","11":"instock","12":"taxable","13":"shipping-taxable","14":"purchasable","15":"product-type-simple"},"_links":{"self":[{"href":"http:\/\/ceoparts.com\/de\/wp-json\/wp\/v2\/product\/18543","targetHints":{"allow":["GET"]}}],"collection":[{"href":"http:\/\/ceoparts.com\/de\/wp-json\/wp\/v2\/product"}],"about":[{"href":"http:\/\/ceoparts.com\/de\/wp-json\/wp\/v2\/types\/product"}],"wp:featuredmedia":[{"embeddable":true,"href":"http:\/\/ceoparts.com\/de\/wp-json\/wp\/v2\/media\/18547"}],"wp:attachment":[{"href":"http:\/\/ceoparts.com\/de\/wp-json\/wp\/v2\/media?parent=18543"}],"wp:term":[{"taxonomy":"product_brand","embeddable":true,"href":"http:\/\/ceoparts.com\/de\/wp-json\/wp\/v2\/product_brand?post=18543"},{"taxonomy":"product_cat","embeddable":true,"href":"http:\/\/ceoparts.com\/de\/wp-json\/wp\/v2\/product_cat?post=18543"},{"taxonomy":"product_tag","embeddable":true,"href":"http:\/\/ceoparts.com\/de\/wp-json\/wp\/v2\/product_tag?post=18543"}],"curies":[{"name":"wp","href":"https:\/\/api.w.org\/{rel}","templated":true}]}}