{"id":18543,"date":"2025-10-01T09:45:33","date_gmt":"2025-10-01T06:45:33","guid":{"rendered":"https:\/\/ceoparts.com\/?post_type=product&#038;p=18543"},"modified":"2026-05-14T13:03:47","modified_gmt":"2026-05-14T10:03:47","slug":"hyster-sensor-4617248","status":"publish","type":"product","link":"http:\/\/ceoparts.com\/es\/urun\/hyster-sensor-4617248\/","title":{"rendered":"Sensor Hyster \u2013 4617248"},"content":{"rendered":"<p>Sensor Hyster \u2013 4617248<\/p>","protected":false},"excerpt":{"rendered":"<p data-start=\"3795\" data-end=\"4019\">El <strong data-start=\"3798\" data-end=\"3825\">Sensor Hyster \u2013 4617248<\/strong> est\u00e1 dise\u00f1ado para medir y transmitir con precisi\u00f3n los datos del motor, velocidad o sistema hidr\u00e1ulico al m\u00f3dulo de control. Garantiza un funcionamiento confiable y evita fallos del sistema.<\/p>\n<p data-start=\"4021\" data-end=\"4044\"><strong data-start=\"4021\" data-end=\"4042\">Especificaciones:<\/strong><\/p>\n<ul data-start=\"4045\" data-end=\"4338\">\n<li data-start=\"4045\" data-end=\"4097\">\n<p data-start=\"4047\" data-end=\"4097\"><strong data-start=\"4047\" data-end=\"4071\">Nombre del producto:<\/strong> Sensor Hyster \u2013 4617248<\/p>\n<\/li>\n<li data-start=\"4098\" data-end=\"4130\">\n<p data-start=\"4100\" data-end=\"4130\"><strong data-start=\"4100\" data-end=\"4120\">C\u00f3digo de pieza:<\/strong> 4617248<\/p>\n<\/li>\n<li data-start=\"4131\" data-end=\"4193\">\n<p data-start=\"4133\" data-end=\"4193\"><strong data-start=\"4133\" data-end=\"4146\">Material:<\/strong> Componentes electr\u00f3nicos de grado industrial<\/p>\n<\/li>\n<li data-start=\"4194\" data-end=\"4267\">\n<p data-start=\"4196\" data-end=\"4267\"><strong data-start=\"4196\" data-end=\"4211\">Aplicaci\u00f3n:<\/strong> Sistemas de motor e hidr\u00e1ulicos de carretillas Hyster<\/p>\n<\/li>\n<li data-start=\"4268\" data-end=\"4338\">\n<p data-start=\"4270\" data-end=\"4338\"><strong data-start=\"4270\" data-end=\"4282\">Ventaja:<\/strong> Alta precisi\u00f3n, larga vida \u00fatil, instalaci\u00f3n sencilla<\/p>\n<\/li>\n<\/ul>\n","protected":false},"featured_media":18547,"template":"","meta":[],"product_brand":[],"product_cat":[469,520,256],"product_tag":[],"class_list":{"0":"post-18543","1":"product","2":"type-product","3":"status-publish","4":"has-post-thumbnail","6":"product_cat-elektrik-ve-sistem-parcalari","7":"product_cat-yedek-parca-hyster","8":"product_cat-hyster","10":"first","11":"instock","12":"taxable","13":"shipping-taxable","14":"purchasable","15":"product-type-simple"},"_links":{"self":[{"href":"http:\/\/ceoparts.com\/es\/wp-json\/wp\/v2\/product\/18543","targetHints":{"allow":["GET"]}}],"collection":[{"href":"http:\/\/ceoparts.com\/es\/wp-json\/wp\/v2\/product"}],"about":[{"href":"http:\/\/ceoparts.com\/es\/wp-json\/wp\/v2\/types\/product"}],"wp:featuredmedia":[{"embeddable":true,"href":"http:\/\/ceoparts.com\/es\/wp-json\/wp\/v2\/media\/18547"}],"wp:attachment":[{"href":"http:\/\/ceoparts.com\/es\/wp-json\/wp\/v2\/media?parent=18543"}],"wp:term":[{"taxonomy":"product_brand","embeddable":true,"href":"http:\/\/ceoparts.com\/es\/wp-json\/wp\/v2\/product_brand?post=18543"},{"taxonomy":"product_cat","embeddable":true,"href":"http:\/\/ceoparts.com\/es\/wp-json\/wp\/v2\/product_cat?post=18543"},{"taxonomy":"product_tag","embeddable":true,"href":"http:\/\/ceoparts.com\/es\/wp-json\/wp\/v2\/product_tag?post=18543"}],"curies":[{"name":"wp","href":"https:\/\/api.w.org\/{rel}","templated":true}]}}