{"id":22372,"date":"2026-05-14T09:18:54","date_gmt":"2026-05-14T06:18:54","guid":{"rendered":"https:\/\/ceoparts.com\/?post_type=product&#038;p=22372"},"modified":"2026-05-14T12:57:49","modified_gmt":"2026-05-14T09:57:49","slug":"toyota-gosterge-7527393","status":"publish","type":"product","link":"http:\/\/ceoparts.com\/fr\/urun\/toyota-gosterge-7527393\/","title":{"rendered":"TOYOTA \u00c9cran &#8211; 7527393"},"content":{"rendered":"<p>TOYOTA \u00c9cran &#8211; 7527393<\/p>\n<ul class=\"KsbFXc U6u95\" data-sfc-root=\"c\" data-sfc-cb=\"\" data-processed=\"true\" data-complete=\"true\" data-copy-service-computed-style=\"font-family: &quot;Google Sans&quot;, Arial, sans-serif; font-size: 16px; font-weight: 400; margin: 12px 0px 16px; text-decoration: none; border-bottom: 0px rgb(230, 232, 240);\">\n<li class=\"Z1qcYe\" data-sfc-cp=\"\" data-sfc-root=\"c\" data-sfc-cb=\"\" data-hveid=\"CAIIAAgNEAA\" data-complete=\"true\" data-sae=\"\" data-copy-service-computed-style=\"font-family: &quot;Google Sans&quot;, Arial, sans-serif; font-size: 16px; font-weight: 400; margin: 0px 0px 12px; text-decoration: none; border-bottom: 0px rgb(230, 232, 240);\"><span class=\"T286Pc\" data-sfc-cp=\"\" data-sfc-root=\"c\" data-sfc-cb=\"\" data-complete=\"true\" data-copy-service-computed-style=\"font-family: &quot;Google Sans&quot;, Arial, sans-serif; font-size: 16px; font-weight: 400; margin: 0px; text-decoration: none; border-bottom: 0px rgb(230, 232, 240);\"><strong class=\"Yjhzub\" data-sfc-root=\"c\" data-sfc-cb=\"\" data-complete=\"true\" data-copy-service-computed-style=\"font-family: &quot;Google Sans&quot;, Arial, sans-serif; font-size: 16px; font-weight: 600; margin: 0px; text-decoration: none; border-bottom: 0px rgb(230, 232, 240);\">BT Reflex B Serisi:<!--TgQPHd|[]--><\/strong> RRE120B, RRE140B, RRE160B<!--TgQPHd|[]--><\/span><!--TgQPHd|[]--><\/li>\n<li class=\"Z1qcYe\" data-sfc-cp=\"\" data-sfc-root=\"c\" data-sfc-cb=\"\" data-hveid=\"CAIIAAgNEAE\" data-complete=\"true\" data-sae=\"\" data-copy-service-computed-style=\"font-family: &quot;Google Sans&quot;, Arial, sans-serif; font-size: 16px; font-weight: 400; margin: 0px 0px 12px; text-decoration: none; border-bottom: 0px rgb(230, 232, 240);\"><span class=\"T286Pc\" data-sfc-cp=\"\" data-sfc-root=\"c\" data-sfc-cb=\"\" data-complete=\"true\" data-copy-service-computed-style=\"font-family: &quot;Google Sans&quot;, Arial, sans-serif; font-size: 16px; font-weight: 400; margin: 0px; text-decoration: none; border-bottom: 0px rgb(230, 232, 240);\"><strong class=\"Yjhzub\" data-sfc-root=\"c\" data-sfc-cb=\"\" data-complete=\"true\" data-copy-service-computed-style=\"font-family: &quot;Google Sans&quot;, Arial, sans-serif; font-size: 16px; font-weight: 600; margin: 0px; text-decoration: none; border-bottom: 0px rgb(230, 232, 240);\">BT Reflex M Serisi:<!--TgQPHd|[]--><\/strong> RRE120M, RRE140M, RRE160M<!--TgQPHd|[]--><\/span><!--TgQPHd|[]--><\/li>\n<li class=\"Z1qcYe\" data-sfc-cp=\"\" data-sfc-root=\"c\" data-sfc-cb=\"\" data-hveid=\"CAIIAAgNEAI\" data-complete=\"true\" data-sae=\"\" data-copy-service-computed-style=\"font-family: &quot;Google Sans&quot;, Arial, sans-serif; font-size: 16px; font-weight: 400; margin: 0px 0px 12px; text-decoration: none; border-bottom: 0px rgb(230, 232, 240);\"><span class=\"T286Pc\" data-sfc-cp=\"\" data-sfc-root=\"c\" data-sfc-cb=\"\" data-complete=\"true\" data-copy-service-computed-style=\"font-family: &quot;Google Sans&quot;, Arial, sans-serif; font-size: 16px; font-weight: 400; margin: 0px; text-decoration: none; border-bottom: 0px rgb(230, 232, 240);\"><strong class=\"Yjhzub\" data-sfc-root=\"c\" data-sfc-cb=\"\" data-complete=\"true\" data-copy-service-computed-style=\"font-family: &quot;Google Sans&quot;, Arial, sans-serif; font-size: 16px; font-weight: 600; margin: 0px; text-decoration: none; border-bottom: 0px rgb(230, 232, 240);\">BT Reflex H \/ E Serisi:<!--TgQPHd|[]--><\/strong> RRE140H, RRE160H, RRE180H, RRE200H, RRE250H<!--TgQPHd|[]--><\/span><!--TgQPHd|[]--><\/li>\n<li class=\"Z1qcYe\" data-sfc-cp=\"\" data-sfc-root=\"c\" data-sfc-cb=\"\" data-hveid=\"CAIIAAgNEAM\" data-sae=\"\" data-complete=\"true\" data-copy-service-computed-style=\"font-family: &quot;Google Sans&quot;, Arial, sans-serif; font-size: 16px; font-weight: 400; margin: 0px 0px 12px; text-decoration: none; border-bottom: 0px rgb(230, 232, 240);\"><span class=\"T286Pc\" data-sfc-cp=\"\" data-sfc-root=\"c\" data-sfc-cb=\"\" data-complete=\"true\" data-copy-service-computed-style=\"font-family: &quot;Google Sans&quot;, Arial, sans-serif; font-size: 16px; font-weight: 400; margin: 0px; text-decoration: none; border-bottom: 0px rgb(230, 232, 240);\"><strong class=\"Yjhzub\" data-sfc-root=\"c\" data-sfc-cb=\"\" data-complete=\"true\" data-copy-service-computed-style=\"font-family: &quot;Google Sans&quot;, Arial, sans-serif; font-size: 16px; font-weight: 600; margin: 0px; text-decoration: none; border-bottom: 0px rgb(230, 232, 240);\">BT Reflex A\u011f\u0131r Hizmet Serisi:<!--TgQPHd|[]--><\/strong> RRE160HR, FRE270<!--TgQPHd|[]--><\/span><!--TgQPHd|[]--><\/li>\n<li class=\"Z1qcYe\" data-sfc-cp=\"\" data-sfc-root=\"c\" data-sfc-cb=\"\" data-hveid=\"CAIIAAgNEAQ\" data-complete=\"true\" data-processed=\"true\" data-sae=\"\" data-copy-service-computed-style=\"font-family: &quot;Google Sans&quot;, Arial, sans-serif; font-size: 16px; font-weight: 400; margin: 0px 0px 12px; text-decoration: none; border-bottom: 0px rgb(230, 232, 240);\"><span class=\"T286Pc\" data-sfc-cp=\"\" data-sfc-root=\"c\" data-sfc-cb=\"\" data-complete=\"true\" data-copy-service-computed-style=\"font-family: &quot;Google Sans&quot;, Arial, sans-serif; font-size: 16px; font-weight: 400; margin: 0px; text-decoration: none; border-bottom: 0px rgb(230, 232, 240);\"><strong class=\"Yjhzub\" data-sfc-root=\"c\" data-sfc-cb=\"\" data-complete=\"true\" data-copy-service-computed-style=\"font-family: &quot;Google Sans&quot;, Arial, sans-serif; font-size: 16px; font-weight: 600; margin: 0px; text-decoration: none; border-bottom: 0px rgb(230, 232, 240);\">BT Reflex Kabinli \/ S\u00fcr\u00fcc\u00fcl\u00fc Serisi:<!--TgQPHd|[]--><\/strong> RRE140HCC, RRE160HECC, RRE200HCC<!--TgQPHd|[]--><\/span><\/li>\n<li class=\"Z1qcYe\" data-sfc-cp=\"\" data-sfc-root=\"c\" data-sfc-cb=\"\" data-hveid=\"CAIIAAgNEAQ\" data-complete=\"true\" data-processed=\"true\" data-sae=\"\" data-copy-service-computed-style=\"font-family: &quot;Google Sans&quot;, Arial, sans-serif; font-size: 16px; font-weight: 400; margin: 0px 0px 12px; text-decoration: none; border-bottom: 0px rgb(230, 232, 240);\"><span class=\"T286Pc\" data-sfc-cp=\"\" data-sfc-root=\"c\" data-sfc-cb=\"\" data-complete=\"true\" data-copy-service-computed-style=\"font-family: &quot;Google Sans&quot;, Arial, sans-serif; font-size: 16px; font-weight: 400; margin: 0px; text-decoration: none; border-bottom: 0px rgb(230, 232, 240);\"><strong class=\"Yjhzub\" data-sfc-root=\"c\" data-sfc-cb=\"\" data-complete=\"true\" data-copy-service-computed-style=\"font-family: &quot;Google Sans&quot;, Arial, sans-serif; font-size: 16px; font-weight: 600; margin: 0px; text-decoration: none; border-bottom: 0px rgb(230, 232, 240);\"><span class=\"N9Q8Lc\" data-copy-service-computed-style=\"font-family: &quot;Google Sans&quot;, Arial, sans-serif; font-size: 16px; font-weight: 600; margin: 0px; text-decoration: none; border-bottom: 0px rgb(230, 232, 240);\">BT Optio L Serisi (Sipari\u015f Toplay\u0131c\u0131lar):<\/span><!--TgQPHd|[]--><\/strong><span class=\"N9Q8Lc\" data-copy-service-computed-style=\"font-family: &quot;Google Sans&quot;, Arial, sans-serif; font-size: 16px; font-weight: 400; margin: 0px; text-decoration: none; border-bottom: 0px rgb(230, 232, 240);\"> OSE 250 \/ P<\/span><\/span><\/li>\n<li class=\"Z1qcYe\" data-sfc-cp=\"\" data-sfc-root=\"c\" data-sfc-cb=\"\" data-hveid=\"CAIIAAgNEAQ\" data-complete=\"true\" data-processed=\"true\" data-sae=\"\" data-copy-service-computed-style=\"font-family: &quot;Google Sans&quot;, Arial, sans-serif; font-size: 16px; font-weight: 400; margin: 0px 0px 12px; text-decoration: none; border-bottom: 0px rgb(230, 232, 240);\"><span class=\"T286Pc\" data-sfc-cp=\"\" data-sfc-root=\"c\" data-sfc-cb=\"\" data-complete=\"true\" data-copy-service-computed-style=\"font-family: &quot;Google Sans&quot;, Arial, sans-serif; font-size: 16px; font-weight: 400; margin: 0px; text-decoration: none; border-bottom: 0px rgb(230, 232, 240);\"><!--TgQPHd|[]--><\/span><!--TgQPHd|[]--><span class=\"T286Pc\" data-sfc-cp=\"\" data-sfc-root=\"c\" data-sfc-cb=\"\" data-complete=\"true\" data-copy-service-computed-style=\"font-family: &quot;Google Sans&quot;, Arial, sans-serif; font-size: 16px; font-weight: 400; margin: 0px; text-decoration: none; border-bottom: 0px rgb(230, 232, 240);\"><strong class=\"Yjhzub\" data-sfc-root=\"c\" data-sfc-cb=\"\" data-complete=\"true\" data-copy-service-computed-style=\"font-family: &quot;Google Sans&quot;, Arial, sans-serif; font-size: 16px; font-weight: 600; margin: 0px; text-decoration: none; border-bottom: 0px rgb(230, 232, 240);\"><span class=\"N9Q8Lc\" data-copy-service-computed-style=\"font-family: &quot;Google Sans&quot;, Arial, sans-serif; font-size: 16px; font-weight: 600; margin: 0px; text-decoration: none; border-bottom: 0px rgb(230, 232, 240);\">Cesab Reach Truck Modelleri (Karde\u015f Marka):<\/span><!--TgQPHd|[]--><\/strong><span class=\"N9Q8Lc\" data-copy-service-computed-style=\"font-family: &quot;Google Sans&quot;, Arial, sans-serif; font-size: 16px; font-weight: 400; margin: 0px; text-decoration: none; border-bottom: 0px rgb(230, 232, 240);\"> R112, R114, R116, R212, R214, R216, R314Z, R316Z, R320Z, R325Z<\/span><!--TgQPHd|[]--><\/span><\/li>\n<\/ul>","protected":false},"excerpt":{"rendered":"<p data-start=\"3179\" data-end=\"3778\">L\u2019<strong data-start=\"3181\" data-end=\"3209\">afficheur Toyota 7527393<\/strong> est un composant \u00e9lectronique utilis\u00e9 dans les chariots \u00e9l\u00e9vateurs et \u00e9quipements de manutention pour fournir \u00e0 l\u2019op\u00e9rateur des informations sur l\u2019\u00e9tat de fonctionnement de la machine. Il permet d\u2019afficher des donn\u00e9es importantes telles que l\u2019\u00e9tat de la batterie, les heures de fonctionnement, les codes d\u2019erreur et les avertissements syst\u00e8me. Il contribue \u00e0 une utilisation plus s\u00fbre et contr\u00f4l\u00e9e de l\u2019\u00e9quipement. Gr\u00e2ce \u00e0 sa structure \u00e9lectronique robuste, il garantit des performances fiables et une longue dur\u00e9e de vie dans les environnements industriels intensifs.<\/p>\n<p data-start=\"3780\" data-end=\"4086\"><strong data-start=\"3780\" data-end=\"3802\">Caract\u00e9ristiques :<\/strong><br data-start=\"3802\" data-end=\"3805\" \/>Nom du produit : Afficheur Toyota<br data-start=\"3838\" data-end=\"3841\" \/>R\u00e9f\u00e9rence : 7527393<br data-start=\"3860\" data-end=\"3863\" \/>Type : Afficheur \u00e9lectronique \/ \u00e9cran de contr\u00f4le<br data-start=\"3912\" data-end=\"3915\" \/>Application : Syst\u00e8mes de commande pour chariots \u00e9l\u00e9vateurs et \u00e9quipements industriels<br data-start=\"4001\" data-end=\"4004\" \/>Avantage : Surveillance du syst\u00e8me, utilisation s\u00e9curis\u00e9e et longue dur\u00e9e de vie<\/p>\n","protected":false},"featured_media":22373,"template":"","meta":[],"product_brand":[],"product_cat":[554,431,518,530],"product_tag":[],"class_list":{"0":"post-22372","1":"product","2":"type-product","3":"status-publish","4":"has-post-thumbnail","6":"product_cat-haftanin-urunleri","7":"product_cat-ekranlar-ve-kartlar","8":"product_cat-yedek-parca-bt","9":"product_cat-yedek-parca-toyota","11":"first","12":"instock","13":"taxable","14":"shipping-taxable","15":"purchasable","16":"product-type-simple"},"_links":{"self":[{"href":"http:\/\/ceoparts.com\/fr\/wp-json\/wp\/v2\/product\/22372","targetHints":{"allow":["GET"]}}],"collection":[{"href":"http:\/\/ceoparts.com\/fr\/wp-json\/wp\/v2\/product"}],"about":[{"href":"http:\/\/ceoparts.com\/fr\/wp-json\/wp\/v2\/types\/product"}],"wp:featuredmedia":[{"embeddable":true,"href":"http:\/\/ceoparts.com\/fr\/wp-json\/wp\/v2\/media\/22373"}],"wp:attachment":[{"href":"http:\/\/ceoparts.com\/fr\/wp-json\/wp\/v2\/media?parent=22372"}],"wp:term":[{"taxonomy":"product_brand","embeddable":true,"href":"http:\/\/ceoparts.com\/fr\/wp-json\/wp\/v2\/product_brand?post=22372"},{"taxonomy":"product_cat","embeddable":true,"href":"http:\/\/ceoparts.com\/fr\/wp-json\/wp\/v2\/product_cat?post=22372"},{"taxonomy":"product_tag","embeddable":true,"href":"http:\/\/ceoparts.com\/fr\/wp-json\/wp\/v2\/product_tag?post=22372"}],"curies":[{"name":"wp","href":"https:\/\/api.w.org\/{rel}","templated":true}]}}