{"id":22372,"date":"2026-05-14T09:18:54","date_gmt":"2026-05-14T06:18:54","guid":{"rendered":"https:\/\/ceoparts.com\/?post_type=product&#038;p=22372"},"modified":"2026-05-14T11:49:41","modified_gmt":"2026-05-14T08:49:41","slug":"toyota-gosterge-7527393","status":"publish","type":"product","link":"http:\/\/ceoparts.com\/ru\/urun\/toyota-gosterge-7527393\/","title":{"rendered":"TOYOTA \u0414\u0438\u0441\u043f\u043b\u0435\u0439 &#8211; 7527393"},"content":{"rendered":"<p>TOYOTA \u0414\u0438\u0441\u043f\u043b\u0435\u0439 &#8211; 7527393<\/p>\n<ul class=\"KsbFXc U6u95\" data-sfc-root=\"c\" data-sfc-cb=\"\" data-processed=\"true\" data-complete=\"true\" data-copy-service-computed-style=\"font-family: &quot;Google Sans&quot;, Arial, sans-serif; font-size: 16px; font-weight: 400; margin: 12px 0px 16px; text-decoration: none; border-bottom: 0px rgb(230, 232, 240);\">\n<li class=\"Z1qcYe\" data-sfc-cp=\"\" data-sfc-root=\"c\" data-sfc-cb=\"\" data-hveid=\"CAIIAAgNEAA\" data-complete=\"true\" data-sae=\"\" data-copy-service-computed-style=\"font-family: &quot;Google Sans&quot;, Arial, sans-serif; font-size: 16px; font-weight: 400; margin: 0px 0px 12px; text-decoration: none; border-bottom: 0px rgb(230, 232, 240);\"><span class=\"T286Pc\" data-sfc-cp=\"\" data-sfc-root=\"c\" data-sfc-cb=\"\" data-complete=\"true\" data-copy-service-computed-style=\"font-family: &quot;Google Sans&quot;, Arial, sans-serif; font-size: 16px; font-weight: 400; margin: 0px; text-decoration: none; border-bottom: 0px rgb(230, 232, 240);\"><strong class=\"Yjhzub\" data-sfc-root=\"c\" data-sfc-cb=\"\" data-complete=\"true\" data-copy-service-computed-style=\"font-family: &quot;Google Sans&quot;, Arial, sans-serif; font-size: 16px; font-weight: 600; margin: 0px; text-decoration: none; border-bottom: 0px rgb(230, 232, 240);\">BT Reflex B Serisi:<!--TgQPHd|[]--><\/strong> RRE120B, RRE140B, RRE160B<!--TgQPHd|[]--><\/span><!--TgQPHd|[]--><\/li>\n<li class=\"Z1qcYe\" data-sfc-cp=\"\" data-sfc-root=\"c\" data-sfc-cb=\"\" data-hveid=\"CAIIAAgNEAE\" data-complete=\"true\" data-sae=\"\" data-copy-service-computed-style=\"font-family: &quot;Google Sans&quot;, Arial, sans-serif; font-size: 16px; font-weight: 400; margin: 0px 0px 12px; text-decoration: none; border-bottom: 0px rgb(230, 232, 240);\"><span class=\"T286Pc\" data-sfc-cp=\"\" data-sfc-root=\"c\" data-sfc-cb=\"\" data-complete=\"true\" data-copy-service-computed-style=\"font-family: &quot;Google Sans&quot;, Arial, sans-serif; font-size: 16px; font-weight: 400; margin: 0px; text-decoration: none; border-bottom: 0px rgb(230, 232, 240);\"><strong class=\"Yjhzub\" data-sfc-root=\"c\" data-sfc-cb=\"\" data-complete=\"true\" data-copy-service-computed-style=\"font-family: &quot;Google Sans&quot;, Arial, sans-serif; font-size: 16px; font-weight: 600; margin: 0px; text-decoration: none; border-bottom: 0px rgb(230, 232, 240);\">BT Reflex M Serisi:<!--TgQPHd|[]--><\/strong> RRE120M, RRE140M, RRE160M<!--TgQPHd|[]--><\/span><!--TgQPHd|[]--><\/li>\n<li class=\"Z1qcYe\" data-sfc-cp=\"\" data-sfc-root=\"c\" data-sfc-cb=\"\" data-hveid=\"CAIIAAgNEAI\" data-complete=\"true\" data-sae=\"\" data-copy-service-computed-style=\"font-family: &quot;Google Sans&quot;, Arial, sans-serif; font-size: 16px; font-weight: 400; margin: 0px 0px 12px; text-decoration: none; border-bottom: 0px rgb(230, 232, 240);\"><span class=\"T286Pc\" data-sfc-cp=\"\" data-sfc-root=\"c\" data-sfc-cb=\"\" data-complete=\"true\" data-copy-service-computed-style=\"font-family: &quot;Google Sans&quot;, Arial, sans-serif; font-size: 16px; font-weight: 400; margin: 0px; text-decoration: none; border-bottom: 0px rgb(230, 232, 240);\"><strong class=\"Yjhzub\" data-sfc-root=\"c\" data-sfc-cb=\"\" data-complete=\"true\" data-copy-service-computed-style=\"font-family: &quot;Google Sans&quot;, Arial, sans-serif; font-size: 16px; font-weight: 600; margin: 0px; text-decoration: none; border-bottom: 0px rgb(230, 232, 240);\">BT Reflex H \/ E Serisi:<!--TgQPHd|[]--><\/strong> RRE140H, RRE160H, RRE180H, RRE200H, RRE250H<!--TgQPHd|[]--><\/span><!--TgQPHd|[]--><\/li>\n<li class=\"Z1qcYe\" data-sfc-cp=\"\" data-sfc-root=\"c\" data-sfc-cb=\"\" data-hveid=\"CAIIAAgNEAM\" data-sae=\"\" data-complete=\"true\" data-copy-service-computed-style=\"font-family: &quot;Google Sans&quot;, Arial, sans-serif; font-size: 16px; font-weight: 400; margin: 0px 0px 12px; text-decoration: none; border-bottom: 0px rgb(230, 232, 240);\"><span class=\"T286Pc\" data-sfc-cp=\"\" data-sfc-root=\"c\" data-sfc-cb=\"\" data-complete=\"true\" data-copy-service-computed-style=\"font-family: &quot;Google Sans&quot;, Arial, sans-serif; font-size: 16px; font-weight: 400; margin: 0px; text-decoration: none; border-bottom: 0px rgb(230, 232, 240);\"><strong class=\"Yjhzub\" data-sfc-root=\"c\" data-sfc-cb=\"\" data-complete=\"true\" data-copy-service-computed-style=\"font-family: &quot;Google Sans&quot;, Arial, sans-serif; font-size: 16px; font-weight: 600; margin: 0px; text-decoration: none; border-bottom: 0px rgb(230, 232, 240);\">BT Reflex A\u011f\u0131r Hizmet Serisi:<!--TgQPHd|[]--><\/strong> RRE160HR, FRE270<!--TgQPHd|[]--><\/span><!--TgQPHd|[]--><\/li>\n<li class=\"Z1qcYe\" data-sfc-cp=\"\" data-sfc-root=\"c\" data-sfc-cb=\"\" data-hveid=\"CAIIAAgNEAQ\" data-complete=\"true\" data-processed=\"true\" data-sae=\"\" data-copy-service-computed-style=\"font-family: &quot;Google Sans&quot;, Arial, sans-serif; font-size: 16px; font-weight: 400; margin: 0px 0px 12px; text-decoration: none; border-bottom: 0px rgb(230, 232, 240);\"><span class=\"T286Pc\" data-sfc-cp=\"\" data-sfc-root=\"c\" data-sfc-cb=\"\" data-complete=\"true\" data-copy-service-computed-style=\"font-family: &quot;Google Sans&quot;, Arial, sans-serif; font-size: 16px; font-weight: 400; margin: 0px; text-decoration: none; border-bottom: 0px rgb(230, 232, 240);\"><strong class=\"Yjhzub\" data-sfc-root=\"c\" data-sfc-cb=\"\" data-complete=\"true\" data-copy-service-computed-style=\"font-family: &quot;Google Sans&quot;, Arial, sans-serif; font-size: 16px; font-weight: 600; margin: 0px; text-decoration: none; border-bottom: 0px rgb(230, 232, 240);\">BT Reflex Kabinli \/ S\u00fcr\u00fcc\u00fcl\u00fc Serisi:<!--TgQPHd|[]--><\/strong> RRE140HCC, RRE160HECC, RRE200HCC<!--TgQPHd|[]--><\/span><\/li>\n<li class=\"Z1qcYe\" data-sfc-cp=\"\" data-sfc-root=\"c\" data-sfc-cb=\"\" data-hveid=\"CAIIAAgNEAQ\" data-complete=\"true\" data-processed=\"true\" data-sae=\"\" data-copy-service-computed-style=\"font-family: &quot;Google Sans&quot;, Arial, sans-serif; font-size: 16px; font-weight: 400; margin: 0px 0px 12px; text-decoration: none; border-bottom: 0px rgb(230, 232, 240);\"><span class=\"T286Pc\" data-sfc-cp=\"\" data-sfc-root=\"c\" data-sfc-cb=\"\" data-complete=\"true\" data-copy-service-computed-style=\"font-family: &quot;Google Sans&quot;, Arial, sans-serif; font-size: 16px; font-weight: 400; margin: 0px; text-decoration: none; border-bottom: 0px rgb(230, 232, 240);\"><strong class=\"Yjhzub\" data-sfc-root=\"c\" data-sfc-cb=\"\" data-complete=\"true\" data-copy-service-computed-style=\"font-family: &quot;Google Sans&quot;, Arial, sans-serif; font-size: 16px; font-weight: 600; margin: 0px; text-decoration: none; border-bottom: 0px rgb(230, 232, 240);\"><span class=\"N9Q8Lc\" data-copy-service-computed-style=\"font-family: &quot;Google Sans&quot;, Arial, sans-serif; font-size: 16px; font-weight: 600; margin: 0px; text-decoration: none; border-bottom: 0px rgb(230, 232, 240);\">BT Optio L Serisi (Sipari\u015f Toplay\u0131c\u0131lar):<\/span><!--TgQPHd|[]--><\/strong><span class=\"N9Q8Lc\" data-copy-service-computed-style=\"font-family: &quot;Google Sans&quot;, Arial, sans-serif; font-size: 16px; font-weight: 400; margin: 0px; text-decoration: none; border-bottom: 0px rgb(230, 232, 240);\"> OSE 250 \/ P<\/span><\/span><\/li>\n<li class=\"Z1qcYe\" data-sfc-cp=\"\" data-sfc-root=\"c\" data-sfc-cb=\"\" data-hveid=\"CAIIAAgNEAQ\" data-complete=\"true\" data-processed=\"true\" data-sae=\"\" data-copy-service-computed-style=\"font-family: &quot;Google Sans&quot;, Arial, sans-serif; font-size: 16px; font-weight: 400; margin: 0px 0px 12px; text-decoration: none; border-bottom: 0px rgb(230, 232, 240);\"><span class=\"T286Pc\" data-sfc-cp=\"\" data-sfc-root=\"c\" data-sfc-cb=\"\" data-complete=\"true\" data-copy-service-computed-style=\"font-family: &quot;Google Sans&quot;, Arial, sans-serif; font-size: 16px; font-weight: 400; margin: 0px; text-decoration: none; border-bottom: 0px rgb(230, 232, 240);\"><!--TgQPHd|[]--><\/span><!--TgQPHd|[]--><span class=\"T286Pc\" data-sfc-cp=\"\" data-sfc-root=\"c\" data-sfc-cb=\"\" data-complete=\"true\" data-copy-service-computed-style=\"font-family: &quot;Google Sans&quot;, Arial, sans-serif; font-size: 16px; font-weight: 400; margin: 0px; text-decoration: none; border-bottom: 0px rgb(230, 232, 240);\"><strong class=\"Yjhzub\" data-sfc-root=\"c\" data-sfc-cb=\"\" data-complete=\"true\" data-copy-service-computed-style=\"font-family: &quot;Google Sans&quot;, Arial, sans-serif; font-size: 16px; font-weight: 600; margin: 0px; text-decoration: none; border-bottom: 0px rgb(230, 232, 240);\"><span class=\"N9Q8Lc\" data-copy-service-computed-style=\"font-family: &quot;Google Sans&quot;, Arial, sans-serif; font-size: 16px; font-weight: 600; margin: 0px; text-decoration: none; border-bottom: 0px rgb(230, 232, 240);\">Cesab Reach Truck Modelleri (Karde\u015f Marka):<\/span><!--TgQPHd|[]--><\/strong><span class=\"N9Q8Lc\" data-copy-service-computed-style=\"font-family: &quot;Google Sans&quot;, Arial, sans-serif; font-size: 16px; font-weight: 400; margin: 0px; text-decoration: none; border-bottom: 0px rgb(230, 232, 240);\"> R112, R114, R116, R212, R214, R216, R314Z, R316Z, R320Z, R325Z<\/span><!--TgQPHd|[]--><\/span><\/li>\n<\/ul>","protected":false},"excerpt":{"rendered":"<p data-start=\"2373\" data-end=\"2856\"><strong data-start=\"2373\" data-end=\"2399\">\u0414\u0438\u0441\u043f\u043b\u0435\u0439 Toyota 7527393<\/strong> \u044f\u0432\u043b\u044f\u0435\u0442\u0441\u044f \u044d\u043b\u0435\u043a\u0442\u0440\u043e\u043d\u043d\u044b\u043c \u043a\u043e\u043c\u043f\u043e\u043d\u0435\u043d\u0442\u043e\u043c, \u0438\u0441\u043f\u043e\u043b\u044c\u0437\u0443\u0435\u043c\u044b\u043c \u0432 \u0432\u0438\u043b\u043e\u0447\u043d\u044b\u0445 \u043f\u043e\u0433\u0440\u0443\u0437\u0447\u0438\u043a\u0430\u0445 \u0438 \u0441\u043a\u043b\u0430\u0434\u0441\u043a\u043e\u0439 \u0442\u0435\u0445\u043d\u0438\u043a\u0435 \u0434\u043b\u044f \u043e\u0442\u043e\u0431\u0440\u0430\u0436\u0435\u043d\u0438\u044f \u0438\u043d\u0444\u043e\u0440\u043c\u0430\u0446\u0438\u0438 \u043e \u0441\u043e\u0441\u0442\u043e\u044f\u043d\u0438\u0438 \u0440\u0430\u0431\u043e\u0442\u044b \u043c\u0430\u0448\u0438\u043d\u044b. \u041e\u043d \u043f\u043e\u043c\u043e\u0433\u0430\u0435\u0442 \u043e\u0442\u043e\u0431\u0440\u0430\u0436\u0430\u0442\u044c \u0442\u0430\u043a\u0438\u0435 \u0432\u0430\u0436\u043d\u044b\u0435 \u0434\u0430\u043d\u043d\u044b\u0435, \u043a\u0430\u043a \u0441\u043e\u0441\u0442\u043e\u044f\u043d\u0438\u0435 \u0430\u043a\u043a\u0443\u043c\u0443\u043b\u044f\u0442\u043e\u0440\u0430, \u0447\u0430\u0441\u044b \u0440\u0430\u0431\u043e\u0442\u044b, \u043a\u043e\u0434\u044b \u043e\u0448\u0438\u0431\u043e\u043a \u0438 \u0441\u0438\u0441\u0442\u0435\u043c\u043d\u044b\u0435 \u043f\u0440\u0435\u0434\u0443\u043f\u0440\u0435\u0436\u0434\u0435\u043d\u0438\u044f. \u0421\u043f\u043e\u0441\u043e\u0431\u0441\u0442\u0432\u0443\u0435\u0442 \u0431\u043e\u043b\u0435\u0435 \u0431\u0435\u0437\u043e\u043f\u0430\u0441\u043d\u043e\u043c\u0443 \u0438 \u043a\u043e\u043d\u0442\u0440\u043e\u043b\u0438\u0440\u0443\u0435\u043c\u043e\u043c\u0443 \u0443\u043f\u0440\u0430\u0432\u043b\u0435\u043d\u0438\u044e \u0442\u0435\u0445\u043d\u0438\u043a\u043e\u0439. \u0411\u043b\u0430\u0433\u043e\u0434\u0430\u0440\u044f \u043f\u0440\u043e\u0447\u043d\u043e\u0439 \u044d\u043b\u0435\u043a\u0442\u0440\u043e\u043d\u043d\u043e\u0439 \u043a\u043e\u043d\u0441\u0442\u0440\u0443\u043a\u0446\u0438\u0438 \u043e\u0431\u0435\u0441\u043f\u0435\u0447\u0438\u0432\u0430\u0435\u0442 \u043d\u0430\u0434\u0435\u0436\u043d\u0443\u044e \u0438 \u0434\u043e\u043b\u0433\u043e\u0432\u0435\u0447\u043d\u0443\u044e \u0440\u0430\u0431\u043e\u0442\u0443 \u0432 \u0442\u044f\u0436\u0435\u043b\u044b\u0445 \u043f\u0440\u043e\u043c\u044b\u0448\u043b\u0435\u043d\u043d\u044b\u0445 \u0443\u0441\u043b\u043e\u0432\u0438\u044f\u0445.<\/p>\n<p data-start=\"2858\" data-end=\"3133\"><strong data-start=\"2858\" data-end=\"2877\">\u0425\u0430\u0440\u0430\u043a\u0442\u0435\u0440\u0438\u0441\u0442\u0438\u043a\u0438:<\/strong><br data-start=\"2877\" data-end=\"2880\" \/>\u041d\u0430\u0437\u0432\u0430\u043d\u0438\u0435 \u043f\u0440\u043e\u0434\u0443\u043a\u0442\u0430: \u0414\u0438\u0441\u043f\u043b\u0435\u0439 Toyota<br data-start=\"2913\" data-end=\"2916\" \/>\u041d\u043e\u043c\u0435\u0440 \u0434\u0435\u0442\u0430\u043b\u0438: 7527393<br data-start=\"2937\" data-end=\"2940\" \/>\u0422\u0438\u043f: \u042d\u043b\u0435\u043a\u0442\u0440\u043e\u043d\u043d\u044b\u0439 \u0434\u0438\u0441\u043f\u043b\u0435\u0439 \/ \u043f\u0430\u043d\u0435\u043b\u044c \u0438\u043d\u0434\u0438\u043a\u0430\u0446\u0438\u0438<br data-start=\"2983\" data-end=\"2986\" \/>\u041f\u0440\u0438\u043c\u0435\u043d\u0435\u043d\u0438\u0435: \u0421\u0438\u0441\u0442\u0435\u043c\u044b \u0443\u043f\u0440\u0430\u0432\u043b\u0435\u043d\u0438\u044f \u043f\u043e\u0433\u0440\u0443\u0437\u0447\u0438\u043a\u043e\u0432 \u0438 \u0441\u043a\u043b\u0430\u0434\u0441\u043a\u043e\u0439 \u0442\u0435\u0445\u043d\u0438\u043a\u0438<br data-start=\"3048\" data-end=\"3051\" \/>\u041f\u0440\u0435\u0438\u043c\u0443\u0449\u0435\u0441\u0442\u0432\u043e: \u041a\u043e\u043d\u0442\u0440\u043e\u043b\u044c \u0441\u0438\u0441\u0442\u0435\u043c\u044b, \u0431\u0435\u0437\u043e\u043f\u0430\u0441\u043d\u0430\u044f \u044d\u043a\u0441\u043f\u043b\u0443\u0430\u0442\u0430\u0446\u0438\u044f \u0438 \u0434\u043b\u0438\u0442\u0435\u043b\u044c\u043d\u044b\u0439 \u0441\u0440\u043e\u043a \u0441\u043b\u0443\u0436\u0431\u044b<\/p>\n","protected":false},"featured_media":22373,"template":"","meta":[],"product_brand":[],"product_cat":[554,431,518,530],"product_tag":[],"class_list":{"0":"post-22372","1":"product","2":"type-product","3":"status-publish","4":"has-post-thumbnail","6":"product_cat-haftanin-urunleri","7":"product_cat-ekranlar-ve-kartlar","8":"product_cat-yedek-parca-bt","9":"product_cat-yedek-parca-toyota","11":"first","12":"instock","13":"taxable","14":"shipping-taxable","15":"purchasable","16":"product-type-simple"},"_links":{"self":[{"href":"http:\/\/ceoparts.com\/ru\/wp-json\/wp\/v2\/product\/22372","targetHints":{"allow":["GET"]}}],"collection":[{"href":"http:\/\/ceoparts.com\/ru\/wp-json\/wp\/v2\/product"}],"about":[{"href":"http:\/\/ceoparts.com\/ru\/wp-json\/wp\/v2\/types\/product"}],"wp:featuredmedia":[{"embeddable":true,"href":"http:\/\/ceoparts.com\/ru\/wp-json\/wp\/v2\/media\/22373"}],"wp:attachment":[{"href":"http:\/\/ceoparts.com\/ru\/wp-json\/wp\/v2\/media?parent=22372"}],"wp:term":[{"taxonomy":"product_brand","embeddable":true,"href":"http:\/\/ceoparts.com\/ru\/wp-json\/wp\/v2\/product_brand?post=22372"},{"taxonomy":"product_cat","embeddable":true,"href":"http:\/\/ceoparts.com\/ru\/wp-json\/wp\/v2\/product_cat?post=22372"},{"taxonomy":"product_tag","embeddable":true,"href":"http:\/\/ceoparts.com\/ru\/wp-json\/wp\/v2\/product_tag?post=22372"}],"curies":[{"name":"wp","href":"https:\/\/api.w.org\/{rel}","templated":true}]}}