{"id":37,"date":"2022-11-30T14:53:50","date_gmt":"2022-11-30T14:53:50","guid":{"rendered":"http:\/\/dummy.xtemos.com\/woodmart2\/mega-electronics\/?page_id=37"},"modified":"2026-02-09T17:43:06","modified_gmt":"2026-02-09T14:43:06","slug":"bize-ulasin","status":"publish","type":"page","link":"http:\/\/ceoparts.com\/tr\/bize-ulasin\/","title":{"rendered":"Bize Ula\u015f\u0131n"},"content":{"rendered":"<div class=\"wpb-content-wrapper\"><p>[vc_row content_placement=&#8221;top&#8221; woodmart_stretch_content=&#8221;section-stretch-content&#8221; woodmart_css_id=&#8221;66be79d6e75dc&#8221; responsive_spacing=&#8221;eyJwYXJhbV90eXBlIjoid29vZG1hcnRfcmVzcG9uc2l2ZV9zcGFjaW5nIiwic2VsZWN0b3JfaWQiOiI2NmJlNzlkNmU3NWRjIiwic2hvcnRjb2RlIjoidmNfcm93IiwiZGF0YSI6eyJ0YWJsZXQiOnt9LCJtb2JpbGUiOnt9fX0=&#8221; mobile_bg_img_hidden=&#8221;no&#8221; tablet_bg_img_hidden=&#8221;no&#8221; woodmart_parallax=&#8221;0&#8243; woodmart_gradient_switch=&#8221;no&#8221; woodmart_box_shadow=&#8221;no&#8221; wd_z_index=&#8221;no&#8221; woodmart_disable_overflow=&#8221;0&#8243; row_reverse_mobile=&#8221;0&#8243; row_reverse_tablet=&#8221;0&#8243; css=&#8221;.vc_custom_1723759069635{margin-right: -10px !important;margin-left: -10px !important;}&#8221;][vc_column woodmart_css_id=&#8221;638a1931f1133&#8243; parallax_scroll=&#8221;no&#8221; woodmart_sticky_column=&#8221;false&#8221; wd_collapsible_content_switcher=&#8221;no&#8221; wd_column_role_offcanvas_desktop=&#8221;no&#8221; wd_column_role_offcanvas_tablet=&#8221;no&#8221; wd_column_role_offcanvas_mobile=&#8221;no&#8221; wd_column_role_content_desktop=&#8221;no&#8221; wd_column_role_content_tablet=&#8221;no&#8221; wd_column_role_content_mobile=&#8221;no&#8221; mobile_bg_img_hidden=&#8221;no&#8221; tablet_bg_img_hidden=&#8221;no&#8221; woodmart_parallax=&#8221;0&#8243; woodmart_box_shadow=&#8221;no&#8221; responsive_spacing=&#8221;eyJwYXJhbV90eXBlIjoid29vZG1hcnRfcmVzcG9uc2l2ZV9zcGFjaW5nIiwic2VsZWN0b3JfaWQiOiI2MzhhMTkzMWYxMTMzIiwic2hvcnRjb2RlIjoidmNfY29sdW1uIiwiZGF0YSI6eyJ0YWJsZXQiOnt9LCJtb2JpbGUiOnt9fX0=&#8221; mobile_reset_margin=&#8221;no&#8221; tablet_reset_margin=&#8221;no&#8221; wd_z_index=&#8221;no&#8221; css=&#8221;.vc_custom_1669994811413{margin-right: 10px !important;margin-bottom: 20px !important;margin-left: 10px !important;padding-top: 0px !important;padding-right: 0px !important;padding-left: 0px !important;}&#8221; offset=&#8221;vc_col-lg-4 vc_col-md-4&#8243;][vc_column_text css=&#8221;&#8221; woodmart_inline=&#8221;no&#8221; text_larger=&#8221;no&#8221;]<iframe loading=\"lazy\" style=\"border: 0;\" src=\"https:\/\/www.google.com\/maps\/embed?pb=!1m14!1m8!1m3!1d12063.962379504588!2d29.3545043!3d40.8940212!3m2!1i1024!2i768!4f13.1!3m3!1m2!1s0x14cad9c924ef48a7%3A0x78523f9800d9d832!2sCeoparts%20Yedek%20Par%C3%A7a%20Ticaret%20A.%C5%9E!5e0!3m2!1str!2str!4v1723756433973!5m2!1str!2str\" width=\"600\" height=\"720\" allowfullscreen=\"allowfullscreen\"><\/iframe>[\/vc_column_text][\/vc_column][vc_column width=&#8221;1\/2&#8243; css=&#8221;.vc_custom_1669994823234{margin-right: 10px !important;margin-bottom: 20px !important;margin-left: 10px !important;padding-top: 20px !important;padding-right: 20px !important;padding-bottom: 20px !important;padding-left: 20px !important;background-color: #ffffff !important;border-radius: 10px !important;}&#8221; woodmart_css_id=&#8221;638a193fc2de1&#8243; parallax_scroll=&#8221;no&#8221; woodmart_sticky_column=&#8221;false&#8221; wd_collapsible_content_switcher=&#8221;no&#8221; wd_column_role_offcanvas_desktop=&#8221;no&#8221; wd_column_role_offcanvas_tablet=&#8221;no&#8221; wd_column_role_offcanvas_mobile=&#8221;no&#8221; wd_column_role_content_desktop=&#8221;no&#8221; wd_column_role_content_tablet=&#8221;no&#8221; wd_column_role_content_mobile=&#8221;no&#8221; mobile_bg_img_hidden=&#8221;no&#8221; tablet_bg_img_hidden=&#8221;no&#8221; woodmart_parallax=&#8221;0&#8243; woodmart_box_shadow=&#8221;no&#8221; responsive_spacing=&#8221;eyJwYXJhbV90eXBlIjoid29vZG1hcnRfcmVzcG9uc2l2ZV9zcGFjaW5nIiwic2VsZWN0b3JfaWQiOiI2MzhhMTkzZmMyZGUxIiwic2hvcnRjb2RlIjoidmNfY29sdW1uIiwiZGF0YSI6eyJ0YWJsZXQiOnt9LCJtb2JpbGUiOnt9fX0=&#8221; mobile_reset_margin=&#8221;no&#8221; tablet_reset_margin=&#8221;no&#8221; wd_z_index=&#8221;no&#8221; offset=&#8221;vc_col-lg-4 vc_col-md-4&#8243;]\t\t\t<div class=\"info-box-wrapper\">\n\t\t\t\t<div id=\"wd-685efbb00e22b\" class=\" wd-rs-685efbb00e22b wd-info-box wd-wpb text-left box-icon-align-left box-style- color-scheme- wd-bg-none wd-items-top \">\n\t\t\t\t\t\t\t\t\t\t\t<div class=\"box-icon-wrapper  box-with-icon box-icon-simple\">\n\t\t\t\t\t\t\t<div class=\"info-box-icon\">\n\n\t\t\t\t\t\t\t\n\t\t\t\t\t\t\t\t\t\t\t\t\t\t\t\t\t<img loading=\"lazy\" decoding=\"async\" width=\"40\" height=\"40\" src=\"http:\/\/ceoparts.com\/wp-content\/themes\/ceoparts\/images\/lazy.png\" class=\"attachment-800x600 size-800x600 wd-lazy-load wd-lazy-fade\" alt=\"\" data-wood-src=\"http:\/\/ceoparts.com\/wp-content\/uploads\/2024\/08\/map-40x40-1.png\" srcset=\"\" \/>\t\t\t\t\t\t\t\t\t\t\t\t\t\t\t\n\t\t\t\t\t\t\t<\/div>\n\t\t\t\t\t\t<\/div>\n\t\t\t\t\t\t\t\t\t\t<div class=\"info-box-content\">\n\t\t\t\t\t\t<h4 class=\"info-box-title title box-title-style-default wd-fontsize-m\">\u015eirket Adresimiz<\/h4>\t\t\t\t\t\t<div class=\"info-box-inner set-cont-mb-s reset-last-child\"><p>Mescit Mahallesi Demokrasi Caddesi. Ulug\u00fcney Sokak A Blok No:1 Tuzla\/\u0130stanbul<\/p>\n<\/div>\n\n\t\t\t\t\t\t\t\t\t\t\t<\/div>\n\n\t\t\t\t\t\n\t\t\t\t\t\t\t\t\t<\/div>\n\t\t\t<\/div>\n\t\t\t\t\t<div class=\"info-box-wrapper\">\n\t\t\t\t<div id=\"wd-685efc9e3acc2\" class=\" wd-rs-685efc9e3acc2 wd-info-box wd-wpb text-left box-icon-align-left box-style- color-scheme- wd-bg-none wd-items-top \">\n\t\t\t\t\t\t\t\t\t\t\t<div class=\"box-icon-wrapper  box-with-icon box-icon-simple\">\n\t\t\t\t\t\t\t<div class=\"info-box-icon\">\n\n\t\t\t\t\t\t\t\n\t\t\t\t\t\t\t\t\t\t\t\t\t\t\t\t\t<img loading=\"lazy\" decoding=\"async\" width=\"32\" height=\"32\" src=\"http:\/\/ceoparts.com\/wp-content\/themes\/ceoparts\/images\/lazy.png\" class=\"attachment-thumbnail size-thumbnail wd-lazy-load wd-lazy-fade\" alt=\"\" data-wood-src=\"http:\/\/ceoparts.com\/wp-content\/uploads\/2025\/06\/road-1.png\" srcset=\"\" \/>\t\t\t\t\t\t\t\t\t\t\t\t\t\t\t\n\t\t\t\t\t\t\t<\/div>\n\t\t\t\t\t\t<\/div>\n\t\t\t\t\t\t\t\t\t\t<div class=\"info-box-content\">\n\t\t\t\t\t\t<h4 class=\"info-box-title title box-title-style-default wd-fontsize-m\">Yol Haritas\u0131<\/h4>\t\t\t\t\t\t<div class=\"info-box-inner set-cont-mb-s reset-last-child\"><p><a href=\"https:\/\/yandex.com.tr\/harita\/106127\/tuzla\/?feedback=map%2Fedit&amp;feedback-context=map.context&amp;ll=29.354732%2C40.894039&amp;rtext=~40.894074%2C29.354378&amp;rtt=auto&amp;ruri=~&amp;z=20.4\" target=\"_blank\" rel=\"noopener\">Yandex Yol Haritas\u0131<\/a><\/p>\n<p><a href=\"https:\/\/www.google.com\/maps\/dir\/41.0124288,29.1438592\/ceoparts\/@40.9649588,29.0860884,11z\/data=!3m1!4b1!4m9!4m8!1m1!4e1!1m5!1m1!1s0x14cad9c924ef48a7:0x78523f9800d9d832!2m2!1d29.3545043!2d40.8940212?entry=ttu\" target=\"_blank\" rel=\"noopener\">Google Yol Haritas\u0131<\/a><\/p>\n<\/div>\n\n\t\t\t\t\t\t\t\t\t\t\t<\/div>\n\n\t\t\t\t\t\n\t\t\t\t\t\t\t\t\t<\/div>\n\t\t\t<\/div>\n\t\t\t\t\t<div class=\"info-box-wrapper\">\n\t\t\t\t<div id=\"wd-685efc52d42ea\" class=\" wd-rs-685efc52d42ea wd-info-box wd-wpb text-left box-icon-align-left box-style- color-scheme- wd-bg-none wd-items-top \">\n\t\t\t\t\t\t\t\t\t\t\t<div class=\"box-icon-wrapper  box-with-icon box-icon-simple\">\n\t\t\t\t\t\t\t<div class=\"info-box-icon\">\n\n\t\t\t\t\t\t\t\n\t\t\t\t\t\t\t\t\t\t\t\t\t\t\t\t\t<img loading=\"lazy\" decoding=\"async\" width=\"32\" height=\"32\" src=\"http:\/\/ceoparts.com\/wp-content\/themes\/ceoparts\/images\/lazy.png\" class=\"attachment-40x40 size-40x40 wd-lazy-load wd-lazy-fade\" alt=\"\" data-wood-src=\"http:\/\/ceoparts.com\/wp-content\/uploads\/2025\/06\/contact-information-1.png\" srcset=\"\" \/>\t\t\t\t\t\t\t\t\t\t\t\t\t\t\t\n\t\t\t\t\t\t\t<\/div>\n\t\t\t\t\t\t<\/div>\n\t\t\t\t\t\t\t\t\t\t<div class=\"info-box-content\">\n\t\t\t\t\t\t<h4 class=\"info-box-title title box-title-style-default wd-fontsize-m\">\u0130leti\u015fim Bilgilerimiz<\/h4>\t\t\t\t\t\t<div class=\"info-box-inner set-cont-mb-s reset-last-child\"><p><span style=\"color: #333333;\"><strong>Tel No:<\/strong><\/span> \u00a0<a href=\"tel:90216394 14 94\">(0216) 394 14 94<\/a><br \/>\n<span style=\"color: #333333;\"><strong>Faks No:<\/strong><\/span> (0216) 394 16 37<br \/>\n<span style=\"color: #333333;\"><strong>Mail:<\/strong><\/span> <a href=\"mailto:info@ceoparts.com\">info@ceoparts.com<\/a><\/p>\n<\/div>\n\n\t\t\t\t\t\t\t\t\t\t\t<\/div>\n\n\t\t\t\t\t\n\t\t\t\t\t\t\t\t\t<\/div>\n\t\t\t<\/div>\n\t\t\t\t\t<div class=\"info-box-wrapper\">\n\t\t\t\t<div id=\"wd-6989e8b21032d\" class=\" wd-rs-6989e8b21032d wd-info-box wd-wpb text-left box-icon-align-left box-style- color-scheme- wd-bg-none wd-items-top with-btn box-btn-static \">\n\t\t\t\t\t\t\t\t\t\t<div class=\"info-box-content\">\n\t\t\t\t\t\t<h4 class=\"info-box-title title box-title-style-default wd-fontsize-m\">Hakk\u0131m\u0131zda<\/h4>\t\t\t\t\t\t<div class=\"info-box-inner set-cont-mb-s reset-last-child\"><p>CEOPARTS, lojistik ve end\u00fcstriyel ta\u015f\u0131ma sekt\u00f6r\u00fcn\u00fcn kalbinde yer alan forkliftlerin; tekerler, mekanizmalar ve yedek par\u00e7a \u00e7\u00f6z\u00fcmleri sunan bir markad\u0131r.<br \/>\n15 y\u0131l\u0131 a\u015fan sekt\u00f6r tecr\u00fcbesiyle firmam\u0131z 2019 y\u0131l\u0131nda ba\u015flayan CEOPARTS, bug\u00fcn birden \u00e7ok lokasyonlu organizasyon yap\u0131s\u0131 ve yayg\u0131n bayi a\u011f\u0131yla T\u00fcrkiye genelinde hizmet vermektedir.<\/p>\n<ul>\n<li>\u00a0\u0130stanbul \/ Tuzla \/ Orhanl\u0131 Mahallesi\u2019nde faaliyet g\u00f6stermekte,<\/li>\n<li>Birden \u00e7ok lokasyonlu organizasyon yap\u0131s\u0131yla hizmet a\u011f\u0131n\u0131 her ge\u00e7en g\u00fcn geni\u015fletmekte,,<\/li>\n<li>5 b\u00f6lgede yer alan toplam 6 bayi a\u011f\u0131 ile T\u00fcrkiye\u2019nin her noktas\u0131na h\u0131zl\u0131 ve kesintisiz \u00e7\u00f6z\u00fcm ula\u015ft\u0131rmaktad\u0131r.<\/li>\n<\/ul>\n<p>Biz b\u00fcy\u00fcrken, sadece hacmimizi de\u011fil; hizmet kalitemizi, operasyon g\u00fcc\u00fcm\u00fcz\u00fc ve kurumsal duru\u015fumuzu b\u00fcy\u00fctt\u00fck.<\/p>\n<\/div>\n\n\t\t\t\t\t\t<div class=\"info-btn-wrapper\"><div id=\"wd-69fb0ab2a2306\" class=\"  wd-button-wrapper text-left\"><a href=\"https:\/\/ceoparts.com\/tr\/hakkimizda\/\" title=\"\" class=\"btn btn-color-primary btn-style-3d btn-style-rectangle btn-size-large\">DAHA FAZLASI \u0130\u00c7\u0130N<\/a><\/div><\/div>\t\t\t\t\t<\/div>\n\n\t\t\t\t\t\n\t\t\t\t\t\t\t\t\t<\/div>\n\t\t\t<\/div>\n\t\t[\/vc_column][vc_column width=&#8221;1\/2&#8243; horizontal_alignment=&#8221;eyJkZXZpY2VzIjp7ImRlc2t0b3AiOnsidmFsdWUiOiJzcGFjZS1hcm91bmQifSwidGFibGV0Ijp7InZhbHVlIjoiIn0sIm1vYmlsZSI6eyJ2YWx1ZSI6IiJ9fX0=&#8221; css=&#8221;.vc_custom_1669994833734{margin-right: 10px !important;margin-left: 10px !important;padding-top: 20px !important;padding-right: 20px !important;padding-bottom: 20px !important;padding-left: 20px !important;background-color: #ffffff !important;border-radius: 10px !important;}&#8221; woodmart_css_id=&#8221;638a1948d0840&#8243; parallax_scroll=&#8221;no&#8221; woodmart_sticky_column=&#8221;false&#8221; wd_collapsible_content_switcher=&#8221;no&#8221; wd_column_role_offcanvas_desktop=&#8221;no&#8221; wd_column_role_offcanvas_tablet=&#8221;no&#8221; wd_column_role_offcanvas_mobile=&#8221;no&#8221; wd_column_role_content_desktop=&#8221;no&#8221; wd_column_role_content_tablet=&#8221;no&#8221; wd_column_role_content_mobile=&#8221;no&#8221; mobile_bg_img_hidden=&#8221;no&#8221; tablet_bg_img_hidden=&#8221;no&#8221; woodmart_parallax=&#8221;0&#8243; woodmart_box_shadow=&#8221;no&#8221; responsive_spacing=&#8221;eyJwYXJhbV90eXBlIjoid29vZG1hcnRfcmVzcG9uc2l2ZV9zcGFjaW5nIiwic2VsZWN0b3JfaWQiOiI2MzhhMTk0OGQwODQwIiwic2hvcnRjb2RlIjoidmNfY29sdW1uIiwiZGF0YSI6eyJ0YWJsZXQiOnt9LCJtb2JpbGUiOnt9fX0=&#8221; mobile_reset_margin=&#8221;no&#8221; tablet_reset_margin=&#8221;no&#8221; wd_z_index=&#8221;no&#8221; offset=&#8221;vc_col-lg-4 vc_col-md-4&#8243;]\n\t\t<div id=\"wd-66be7aa44f703\" class=\"title-wrapper wd-wpb set-mb-s reset-last-child  wd-rs-66be7aa44f703 wd-title-color-default wd-title-style-default text-left vc_custom_1723759300047 wd-underline-colored\">\n\t\t\t\n\t\t\t<div class=\"liner-continer\">\n\t\t\t\t<h4 class=\"woodmart-title-container title  wd-font-weight- wd-fontsize-l\" >\u0130leti\u015fim Form'u<\/h4>\n\t\t\t\t\t\t\t<\/div>\n\t\t\t\n\t\t\t\t\t\t\t<div class=\"title-after_title  set-cont-mb-s reset-last-child  wd-fontsize-xs\">\u00dcr\u00fcnlerimiz hakk\u0131nda bilgi almak i\u00e7in bizim ile telefon numaralar\u0131m\u0131z arac\u0131l\u0131\u011f\u0131 ile yada ileti\u015fim formunu kullanarak h\u0131zl\u0131 bir \u015fekilde ileti\u015fime ge\u00e7ebilirsiniz.<\/div>\n\t\t\t\n\t\t\t\n\t\t<\/div>\n\t\t\n\t\t[vc_separator color=&#8221;custom&#8221; css=&#8221;.vc_custom_1669379857096{margin-bottom: 20px !important;}&#8221; accent_color=&#8221;rgba(0,0,0,0.11)&#8221; wd_hide_on_desktop=&#8221;no&#8221; wd_hide_on_tablet=&#8221;no&#8221; wd_hide_on_mobile=&#8221;no&#8221;]\n<div class=\"wpcf7 no-js\" id=\"wpcf7-f7648-o1\" lang=\"en-US\" dir=\"ltr\" data-wpcf7-id=\"7648\">\n<div class=\"screen-reader-response\"><p role=\"status\" aria-live=\"polite\" aria-atomic=\"true\"><\/p> <ul><\/ul><\/div>\n<form action=\"\/tr\/wp-json\/wp\/v2\/pages\/37#wpcf7-f7648-o1\" method=\"post\" class=\"wpcf7-form init\" aria-label=\"Contact form\" novalidate=\"novalidate\" data-status=\"init\">\n<fieldset class=\"hidden-fields-container\"><input type=\"hidden\" name=\"_wpcf7\" value=\"7648\" \/><input type=\"hidden\" name=\"_wpcf7_version\" value=\"6.1.5\" \/><input type=\"hidden\" name=\"_wpcf7_locale\" value=\"en_US\" \/><input type=\"hidden\" name=\"_wpcf7_unit_tag\" value=\"wpcf7-f7648-o1\" \/><input type=\"hidden\" name=\"_wpcf7_container_post\" value=\"0\" \/><input type=\"hidden\" name=\"_wpcf7_posted_data_hash\" value=\"\" \/>\n<\/fieldset>\n<div class=\"row\">\n\t<div class=\"col-md-6\" style='margin-bottom:20px;'>\n\t\t<p><label>\u0130sim Soyisim<\/label><span class=\"wpcf7-form-control-wrap\" data-name=\"your-name\"><input size=\"40\" maxlength=\"400\" class=\"wpcf7-form-control wpcf7-text wpcf7-validates-as-required\" aria-required=\"true\" aria-invalid=\"false\" value=\"\" type=\"text\" name=\"your-name\" \/><\/span>\n\t\t<\/p>\n\t<\/div>\n\t<div class=\"col-md-6\" style='margin-bottom:20px;'>\n\t\t<p><label>Mail Adresiniz<\/label><span class=\"wpcf7-form-control-wrap\" data-name=\"your-email\"><input size=\"40\" maxlength=\"400\" class=\"wpcf7-form-control wpcf7-email wpcf7-validates-as-required wpcf7-text wpcf7-validates-as-email\" aria-required=\"true\" aria-invalid=\"false\" value=\"\" type=\"email\" name=\"your-email\" \/><\/span>\n\t\t<\/p>\n\t<\/div>\n<\/div>\n<div class=\"row\">\n\t<div class=\"col-md-6\" style='margin-bottom:20px;'>\n\t\t<p><label>Telefon Numaras\u0131<\/label><span class=\"wpcf7-form-control-wrap\" data-name=\"tel-767\"><input size=\"40\" maxlength=\"400\" class=\"wpcf7-form-control wpcf7-tel wpcf7-text wpcf7-validates-as-tel\" aria-invalid=\"false\" value=\"\" type=\"tel\" name=\"tel-767\" \/><\/span>\n\t\t<\/p>\n\t<\/div>\n\t<div class=\"col-md-6\" style='margin-bottom:20px;'>\n\t\t<p><label>Firma \u0130smi<\/label><span class=\"wpcf7-form-control-wrap\" data-name=\"text-1\"><input size=\"40\" maxlength=\"400\" class=\"wpcf7-form-control wpcf7-text\" aria-invalid=\"false\" value=\"\" type=\"text\" name=\"text-1\" \/><\/span>\n\t\t<\/p>\n\t<\/div>\n<\/div>\n<p><label>Mesaj\u0131n\u0131z<\/label><span class=\"wpcf7-form-control-wrap\" data-name=\"your-message\"><textarea cols=\"40\" rows=\"10\" maxlength=\"2000\" class=\"wpcf7-form-control wpcf7-textarea\" aria-invalid=\"false\" name=\"your-message\"><\/textarea><\/span>\n<\/p>\n<p><label><\/label><span class=\"wpcf7-form-control-wrap\" data-name=\"quiz-401\"><label><span class=\"wpcf7-quiz-label\">3+5<\/span> <input size=\"40\" class=\"wpcf7-form-control wpcf7-quiz\" autocomplete=\"off\" aria-required=\"true\" aria-invalid=\"false\" type=\"text\" name=\"quiz-401\" \/><\/label><input type=\"hidden\" name=\"_wpcf7_quiz_answer_quiz-401\" value=\"23b90d60e1b41a91b3ce6a08c86d5947\" \/><\/span>\n<\/p>\n<div class=\"wpcf7-turnstile cf-turnstile\" data-sitekey=\"0x4AAAAAABspDsNDezOi2F4S\" data-response-field-name=\"_wpcf7_turnstile_response\" data-size=\"compact\" data-language=\"en\"><\/div>\n<p><input class=\"wpcf7-form-control wpcf7-submit has-spinner btn-color-black\" type=\"submit\" value=\"G\u00f6nder\" \/>\n<\/p><div class=\"wpcf7-response-output\" aria-hidden=\"true\"><\/div>\n<\/form>\n<\/div>\n[\/vc_column][\/vc_row]<\/p>\n<\/div>","protected":false},"excerpt":{"rendered":"<p>[vc_row content_placement=&#8221;top&#8221; woodmart_stretch_content=&#8221;section-stretch-content&#8221; woodmart_css_id=&#8221;66be79d6e75dc&#8221; responsive_spacing=&#8221;eyJwYXJhbV90eXBlIjoid29vZG1hcnRfcmVzcG9uc2l2ZV9zcGFjaW5nIiwic2VsZWN0b3JfaWQiOiI2NmJlNzlkNmU3NWRjIiwic2hvcnRjb2RlIjoidmNfcm93IiwiZGF0YSI6eyJ0YWJsZXQiOnt9LCJtb2JpbGUiOnt9fX0=&#8221; mobile_bg_img_hidden=&#8221;no&#8221; tablet_bg_img_hidden=&#8221;no&#8221; woodmart_parallax=&#8221;0&#8243; woodmart_gradient_switch=&#8221;no&#8221; woodmart_box_shadow=&#8221;no&#8221; wd_z_index=&#8221;no&#8221; woodmart_disable_overflow=&#8221;0&#8243; row_reverse_mobile=&#8221;0&#8243; row_reverse_tablet=&#8221;0&#8243; css=&#8221;.vc_custom_1723759069635{margin-right: -10px !important;margin-left: -10px !important;}&#8221;][vc_column woodmart_css_id=&#8221;638a1931f1133&#8243;<\/p>\n","protected":false},"author":1,"featured_media":0,"parent":0,"menu_order":0,"comment_status":"closed","ping_status":"closed","template":"","meta":{"footnotes":""},"class_list":["post-37","page","type-page","status-publish","hentry"],"_links":{"self":[{"href":"http:\/\/ceoparts.com\/tr\/wp-json\/wp\/v2\/pages\/37","targetHints":{"allow":["GET"]}}],"collection":[{"href":"http:\/\/ceoparts.com\/tr\/wp-json\/wp\/v2\/pages"}],"about":[{"href":"http:\/\/ceoparts.com\/tr\/wp-json\/wp\/v2\/types\/page"}],"author":[{"embeddable":true,"href":"http:\/\/ceoparts.com\/tr\/wp-json\/wp\/v2\/users\/1"}],"replies":[{"embeddable":true,"href":"http:\/\/ceoparts.com\/tr\/wp-json\/wp\/v2\/comments?post=37"}],"version-history":[{"count":61,"href":"http:\/\/ceoparts.com\/tr\/wp-json\/wp\/v2\/pages\/37\/revisions"}],"predecessor-version":[{"id":20980,"href":"http:\/\/ceoparts.com\/tr\/wp-json\/wp\/v2\/pages\/37\/revisions\/20980"}],"wp:attachment":[{"href":"http:\/\/ceoparts.com\/tr\/wp-json\/wp\/v2\/media?parent=37"}],"curies":[{"name":"wp","href":"https:\/\/api.w.org\/{rel}","templated":true}]}}