{"id":18543,"date":"2025-10-01T09:45:33","date_gmt":"2025-10-01T06:45:33","guid":{"rendered":"https:\/\/ceoparts.com\/?post_type=product&#038;p=18543"},"modified":"2026-05-14T13:03:47","modified_gmt":"2026-05-14T10:03:47","slug":"hyster-sensor-4617248","status":"publish","type":"product","link":"http:\/\/ceoparts.com\/tr\/urun\/hyster-sensor-4617248\/","title":{"rendered":"Hyster Sens\u00f6r &#8211; 4617248"},"content":{"rendered":"<p>Hyster Sens\u00f6r &#8211; 4617248<\/p>","protected":false},"excerpt":{"rendered":"<p data-start=\"157\" data-end=\"462\"><strong data-start=\"157\" data-end=\"184\">Hyster Sens\u00f6r \u2013 4617248<\/strong>, forkliftlerde motor, h\u0131z veya hidrolik sistem verilerini do\u011fru \u015fekilde \u00f6l\u00e7mek ve kontrol \u00fcnitesine aktarmak i\u00e7in tasarlanm\u0131\u015f y\u00fcksek hassasiyetli bir sens\u00f6rd\u00fcr. Hyster marka forkliftlerin optimum performansla \u00e7al\u0131\u015fmas\u0131n\u0131 sa\u011flar ve sistem ar\u0131zalar\u0131n\u0131n \u00f6nlenmesine katk\u0131 sunar.<\/p>\n<p data-start=\"464\" data-end=\"481\"><strong data-start=\"464\" data-end=\"479\">\u00d6zellikler:<\/strong><\/p>\n<ul data-start=\"482\" data-end=\"770\">\n<li data-start=\"482\" data-end=\"523\">\n<p data-start=\"484\" data-end=\"523\"><strong data-start=\"484\" data-end=\"497\">\u00dcr\u00fcn Ad\u0131:<\/strong> Hyster Sens\u00f6r \u2013 4617248<\/p>\n<\/li>\n<li data-start=\"524\" data-end=\"551\">\n<p data-start=\"526\" data-end=\"551\"><strong data-start=\"526\" data-end=\"541\">Par\u00e7a Kodu:<\/strong> 4617248<\/p>\n<\/li>\n<li data-start=\"552\" data-end=\"612\">\n<p data-start=\"554\" data-end=\"612\"><strong data-start=\"554\" data-end=\"566\">Malzeme:<\/strong> End\u00fcstriyel dayan\u0131ml\u0131 elektronik bile\u015fenler<\/p>\n<\/li>\n<li data-start=\"613\" data-end=\"681\">\n<p data-start=\"615\" data-end=\"681\"><strong data-start=\"615\" data-end=\"634\">Kullan\u0131m Alan\u0131:<\/strong> Hyster forklift motor ve hidrolik sistemleri<\/p>\n<\/li>\n<li data-start=\"682\" data-end=\"770\">\n<p data-start=\"684\" data-end=\"770\"><strong data-start=\"684\" data-end=\"696\">Avantaj:<\/strong> Y\u00fcksek \u00f6l\u00e7\u00fcm hassasiyeti, uzun \u00f6m\u00fcr, g\u00fcvenilir performans, kolay montaj<\/p>\n<\/li>\n<\/ul>\n","protected":false},"featured_media":18547,"template":"","meta":[],"product_brand":[],"product_cat":[469,256,520],"product_tag":[],"class_list":{"0":"post-18543","1":"product","2":"type-product","3":"status-publish","4":"has-post-thumbnail","6":"product_cat-elektrik-ve-sistem-parcalari","7":"product_cat-hyster","8":"product_cat-yedek-parca-hyster","10":"first","11":"instock","12":"taxable","13":"shipping-taxable","14":"purchasable","15":"product-type-simple"},"_links":{"self":[{"href":"http:\/\/ceoparts.com\/tr\/wp-json\/wp\/v2\/product\/18543","targetHints":{"allow":["GET"]}}],"collection":[{"href":"http:\/\/ceoparts.com\/tr\/wp-json\/wp\/v2\/product"}],"about":[{"href":"http:\/\/ceoparts.com\/tr\/wp-json\/wp\/v2\/types\/product"}],"wp:featuredmedia":[{"embeddable":true,"href":"http:\/\/ceoparts.com\/tr\/wp-json\/wp\/v2\/media\/18547"}],"wp:attachment":[{"href":"http:\/\/ceoparts.com\/tr\/wp-json\/wp\/v2\/media?parent=18543"}],"wp:term":[{"taxonomy":"product_brand","embeddable":true,"href":"http:\/\/ceoparts.com\/tr\/wp-json\/wp\/v2\/product_brand?post=18543"},{"taxonomy":"product_cat","embeddable":true,"href":"http:\/\/ceoparts.com\/tr\/wp-json\/wp\/v2\/product_cat?post=18543"},{"taxonomy":"product_tag","embeddable":true,"href":"http:\/\/ceoparts.com\/tr\/wp-json\/wp\/v2\/product_tag?post=18543"}],"curies":[{"name":"wp","href":"https:\/\/api.w.org\/{rel}","templated":true}]}}