{"id":20950,"date":"2026-02-09T16:09:38","date_gmt":"2026-02-09T13:09:38","guid":{"rendered":"https:\/\/ceoparts.com\/?page_id=20950"},"modified":"2026-02-10T09:21:10","modified_gmt":"2026-02-10T06:21:10","slug":"hakkimizda","status":"publish","type":"page","link":"https:\/\/ceoparts.com\/de\/hakkimizda\/","title":{"rendered":"\u00dcber uns"},"content":{"rendered":"<p>CEOPARTS ist eine Marke, die R\u00e4der, Mechaniken und Ersatzteill\u00f6sungen f\u00fcr Gabelstapler im Zentrum der Logistik- und Industriebranche anbietet.<\/p>\n<p>Mit \u00fcber 15 Jahren Branchenerfahrung begann CEOPARTS seine Aktivit\u00e4ten im Jahr 2019 und ist heute mit einer Multi-Standort-Organisation und einem fl\u00e4chendeckenden H\u00e4ndlernetz in der gesamten T\u00fcrkei t\u00e4tig.<\/p>\n<p>&nbsp;<\/p>\n<ul>\n<li>T\u00e4tigkeit in Istanbul \/ Tuzla \/ Stadtteil Orhanl\u0131,<\/li>\n<li>kontinuierliche Erweiterung des Servicenetzes durch eine Multi-Standort-Struktur,<\/li>\n<li>schnelle und unterbrechungsfreie L\u00f6sungen in allen Regionen der T\u00fcrkei dank insgesamt 6 Vertriebspartnern in 5 Regionen.<\/li>\n<\/ul>\n<p>W\u00e4hrend wir wachsen, erweitern wir nicht nur unser Volumen, sondern auch unsere Servicequalit\u00e4t, operative St\u00e4rke und unser unternehmerisches Auftreten.<\/p>\n<p>&nbsp;<\/p>\n<h3 style=\"text-align: center;\"><strong>Was machen wir?<\/strong><\/h3>\n<p>Als CEOPARTS bieten wir ein breites, zuverl\u00e4ssiges und dauerhaft verf\u00fcgbares Produktportfolio f\u00fcr Ausr\u00fcstungen, die das R\u00fcckgrat der Logistik- und Lagerverwaltung bilden.<\/p>\n<p>Unsere Hauptproduktgruppen:<\/p>\n<p>&nbsp;<\/p>\n<ul>\n<li>R\u00e4der und Mechaniken<\/li>\n<li>Hubwagen-Ersatzteile<\/li>\n<li>Ersatzteile f\u00fcr Stapler \/ Hochhubwagen<\/li>\n<li>Gabelstapler-Ersatzteile<\/li>\n<li>Reach-Truck-Ersatzteile<\/li>\n<\/ul>\n<p>&nbsp;<\/p>\n<p>Die Sicherstellung des unterbrechungsfreien Betriebs von Gabelstaplern in Lagern, Logistikzentren, Produktionsst\u00e4tten und der Schwerindustrie ist der Kern unserer Arbeit.<\/p>\n<p>&nbsp;<\/p>\n<h3 style=\"text-align: center;\"><strong>Unsere Mission<\/strong><\/h3>\n<p>Um unseren Kunden einen reibungslosen Betrieb zu erm\u00f6glichen, liefern wir hochwertige, technisch kompatible und langlebige Ersatzteill\u00f6sungen zur richtigen Zeit, zum richtigen Preis und mit einem nachhaltigen Serviceverst\u00e4ndnis.Wir wollen nicht nur Lieferant sein, sondern ein L\u00f6sungspartner, der den Einsatz vor Ort versteht, Anforderungen korrekt analysiert und mit einem l\u00f6sungsorientierten Ansatz echten Mehrwert f\u00fcr die Gesch\u00e4ftsprozesse seiner Kunden schafft.Mit unserer starken Lagerstruktur, unserem Expertenteam und unserem fl\u00e4chendeckenden Servicenetz ist es unsere grundlegende Mission, Zuverl\u00e4ssigkeit zum Standard in der Logistik- und Industriebranche zu machen.<\/p>\n<p><strong>\u00a0<\/strong><\/p>\n<h3 style=\"text-align: center;\"><strong>Unsere Vision<\/strong><\/h3>\n<p>In der T\u00fcrkei und auf den globalen M\u00e4rkten zu einer der f\u00fchrenden Marken f\u00fcr Gabelstapler- und Industrieersatzteile zu werden \u2013 bekannt f\u00fcr Zuverl\u00e4ssigkeit, hohe operative Leistungsf\u00e4higkeit und nachhaltiges Wachstum.Durch die Verbindung von Technologie, Qualit\u00e4t und Praxiserfahrung entwickeln wir L\u00f6sungen, die in der Branche den Unterschied machen, und schaffen gemeinsam mit unseren Gesch\u00e4ftspartnern ein kontinuierlich wachsendes, innovatives und starkes \u00d6kosystem.<\/p>\n<p>&nbsp;<\/p>\n<h3 style=\"text-align: center;\"><strong>Unsere Unternehmenspolitik<\/strong><\/h3>\n<p>&nbsp;<\/p>\n<ul>\n<li>Keine Kompromisse bei der Qualit\u00e4t<\/li>\n<li>Das richtige Produkt f\u00fcr den richtigen Bedarf anbieten<\/li>\n<li>Langfristige, vertrauensbasierte Partnerschaften aufbauen<\/li>\n<li>Transparenz und Ehrlichkeit in allen Prozessen leben<\/li>\n<li>Kundenzufriedenheit in den Mittelpunkt unserer Abl\u00e4ufe stellen<\/li>\n<li>Kontinuierliche Weiterentwicklung durch unser Expertenteam f\u00f6rdern<\/li>\n<li>Unterbrechungsfreie L\u00f6sungen durch starke Lagerkapazit\u00e4t und schnelle Beschaffung gew\u00e4hrleisten<\/li>\n<li>Eine nachhaltige Struktur schaffen, die Umwelt- und Arbeitsschutz ber\u00fccksichtigt<\/li>\n<\/ul>\n<p>&nbsp;<\/p>\n<p>Mit unserer stetig wachsenden Organisationsstruktur handeln wir mit einem Verst\u00e4ndnis, das nicht nur die heutigen, sondern auch die zuk\u00fcnftigen Anforderungen ber\u00fccksichtigt.<\/p>\n<h3 style=\"text-align: center;\"><strong>Globale Marken &amp; Partnerschaften<\/strong><\/h3>\n<p>CEOPARTS ist t\u00fcrkischer Vertreter und L\u00f6sungspartner zahlreicher weltweit bekannter Marken mit hohen Qualit\u00e4tsstandards.<br \/>\n<strong>Zu unseren wichtigsten Partnern geh\u00f6ren:<\/strong><\/p>\n<p>Stellana, Wicke, Tellure Rota, Vulkoprin, Blickle, Teleco Freni, Allbright, Norma, Grammer, Stabilus, Wanda, Rema, Fr\u00f6tek, Global Cables, Anderson Power und weitere.<br \/>\nDank dieses starken Markenportfolios liefern wir unseren Kunden ohne Qualit\u00e4tskompromisse stets das richtige Produkt zur richtigen Zeit.<\/p>\n<p>&nbsp;<\/p>\n<h3 style=\"text-align: center;\"><strong>Qualit\u00e4tszertifikate &amp; Standards<\/strong><\/h3>\n<p>CEOPARTS arbeitet gem\u00e4\u00df nationalen und internationalen Qualit\u00e4tsstandards.<\/p>\n<p>&nbsp;<\/p>\n<ul>\n<li>ISO 9001 \u2013 Qualit\u00e4tsmanagementsystem<\/li>\n<li>ISO 10002 \u2013 Kundenzufriedenheitsmanagementsystem<\/li>\n<li>ISO 14001 \u2013 Umweltmanagementsystem<\/li>\n<li>ISO 45001 \u2013 Arbeits- und Gesundheitsschutz<\/li>\n<\/ul>\n<p>&nbsp;<\/p>\n<p><strong>CEOPARTS ERSATZTEILE<\/strong><\/p>\n<p>Starke Schritte mit zuverl\u00e4ssigen R\u00e4dern und Ersatzteilen.<\/p>\n<p><a href=\"http:\/\/ceoparts.com\/wp-content\/uploads\/2026\/02\/almanca-scaled.jpg\"><img loading=\"lazy\" decoding=\"async\" class=\"alignnone size-full wp-image-20964\" src=\"http:\/\/ceoparts.com\/wp-content\/uploads\/2026\/02\/almanca-scaled.jpg\" alt=\"\" width=\"2560\" height=\"1040\" srcset=\"https:\/\/ceoparts.com\/wp-content\/uploads\/2026\/02\/almanca-scaled.jpg 2560w, https:\/\/ceoparts.com\/wp-content\/uploads\/2026\/02\/almanca-scaled-300x122.jpg 300w, https:\/\/ceoparts.com\/wp-content\/uploads\/2026\/02\/almanca-scaled-1024x416.jpg 1024w, https:\/\/ceoparts.com\/wp-content\/uploads\/2026\/02\/almanca-scaled-768x312.jpg 768w, https:\/\/ceoparts.com\/wp-content\/uploads\/2026\/02\/almanca-scaled-1536x624.jpg 1536w, https:\/\/ceoparts.com\/wp-content\/uploads\/2026\/02\/almanca-scaled-2048x832.jpg 2048w, https:\/\/ceoparts.com\/wp-content\/uploads\/2026\/02\/almanca-scaled-1200x488.jpg 1200w, https:\/\/ceoparts.com\/wp-content\/uploads\/2026\/02\/almanca-scaled-150x61.jpg 150w\" sizes=\"auto, (max-width: 2560px) 100vw, 2560px\" \/><\/a><\/p>\n","protected":false},"excerpt":{"rendered":"<p>CEOPARTS ist eine Marke, die R\u00e4der, Mechaniken und Ersatzteill\u00f6sungen f\u00fcr Gabelstapler im Zentrum der Logistik- und Industriebranche anbietet. Mit \u00fcber<\/p>\n","protected":false},"author":256,"featured_media":0,"parent":0,"menu_order":0,"comment_status":"closed","ping_status":"closed","template":"","meta":{"footnotes":""},"class_list":["post-20950","page","type-page","status-publish","hentry"],"_links":{"self":[{"href":"https:\/\/ceoparts.com\/de\/wp-json\/wp\/v2\/pages\/20950","targetHints":{"allow":["GET"]}}],"collection":[{"href":"https:\/\/ceoparts.com\/de\/wp-json\/wp\/v2\/pages"}],"about":[{"href":"https:\/\/ceoparts.com\/de\/wp-json\/wp\/v2\/types\/page"}],"author":[{"embeddable":true,"href":"https:\/\/ceoparts.com\/de\/wp-json\/wp\/v2\/users\/256"}],"replies":[{"embeddable":true,"href":"https:\/\/ceoparts.com\/de\/wp-json\/wp\/v2\/comments?post=20950"}],"version-history":[{"count":14,"href":"https:\/\/ceoparts.com\/de\/wp-json\/wp\/v2\/pages\/20950\/revisions"}],"predecessor-version":[{"id":20983,"href":"https:\/\/ceoparts.com\/de\/wp-json\/wp\/v2\/pages\/20950\/revisions\/20983"}],"wp:attachment":[{"href":"https:\/\/ceoparts.com\/de\/wp-json\/wp\/v2\/media?parent=20950"}],"curies":[{"name":"wp","href":"https:\/\/api.w.org\/{rel}","templated":true}]}}