{"id":7884,"date":"2020-10-27T23:42:02","date_gmt":"2020-10-27T20:42:02","guid":{"rendered":"https:\/\/ceoparts.com\/?page_id=7884"},"modified":"2026-03-04T09:08:39","modified_gmt":"2026-03-04T06:08:39","slug":"gizlilik-politikasi","status":"publish","type":"page","link":"https:\/\/ceoparts.com\/de\/gizlilik-politikasi\/","title":{"rendered":"Datenschutz-Bestimmungen"},"content":{"rendered":"<p data-start=\"164\" data-end=\"429\">Alle auf der Website <strong data-start=\"185\" data-end=\"201\">Ceoparts.com<\/strong> angebotenen Dienstleistungen geh\u00f6ren der Firma <strong data-start=\"249\" data-end=\"314\">Ceoparts Makine Yedek Par\u00e7a Sanayi ve Ticaret Limited \u015eirketi<\/strong>, registriert unter der Adresse <strong data-start=\"346\" data-end=\"428\">Mescit Mah. Demokrasi Cad. Ulug\u00fcney Sokak A Blok No:1 Tuzla \/ Istanbul, T\u00fcrkei<\/strong>.<\/p>\n<p data-start=\"431\" data-end=\"644\">Ceoparts kann zu verschiedenen Zwecken personenbezogene Daten erheben. Nachfolgend wird erl\u00e4utert, wie die erhobenen personenbezogenen Daten gesammelt werden, wie sie verwendet werden und wie sie gesch\u00fctzt werden.<\/p>\n<p data-start=\"646\" data-end=\"967\">Durch die Registrierung als Mitglied oder durch das Ausf\u00fcllen verschiedener Formulare und Umfragen auf unserer Website k\u00f6nnen bestimmte personenbezogene Daten der Mitglieder (wie Name, Firmeninformationen, Telefonnummer, Adresse oder E-Mail-Adresse) von unserem Shop im Rahmen der Natur der Dienstleistung erhoben werden.<\/p>\n<p data-start=\"969\" data-end=\"1399\">Ceoparts kann in bestimmten Zeitr\u00e4umen seinen Kunden und Mitgliedern Kampagneninformationen, Informationen \u00fcber neue Produkte sowie Werbeangebote zusenden. Unsere Mitglieder k\u00f6nnen w\u00e4hrend der Registrierung entscheiden, ob sie solche Informationen erhalten m\u00f6chten oder nicht. Diese Einstellung kann sp\u00e4ter nach dem Login im Bereich Kontoinformationen ge\u00e4ndert werden oder \u00fcber den Link in der jeweiligen Benachrichtigungs-E-Mail.<\/p>\n<p data-start=\"1401\" data-end=\"1663\">Personenbezogene Daten, die unsere Mitglieder w\u00e4hrend des Best\u00e4tigungsprozesses \u00fcber Ceoparts oder per E-Mail elektronisch an unseren Shop \u00fcbermitteln, werden au\u00dferhalb der im <strong data-start=\"1577\" data-end=\"1596\">Nutzungsvertrag<\/strong> festgelegten Zwecke und des Umfangs nicht an Dritte weitergegeben.<\/p>\n<p data-start=\"1665\" data-end=\"2035\">Zur Identifizierung von Systemproblemen und zur schnellen L\u00f6sung m\u00f6glicher Probleme oder Streitigkeiten im Zusammenhang mit den angebotenen Dienstleistungen speichert und verwendet unser Unternehmen die IP-Adressen seiner Mitglieder. IP-Adressen k\u00f6nnen auch verwendet werden, um Benutzer allgemein zu identifizieren und umfassende demografische Informationen zu sammeln.<\/p>\n<p data-start=\"2037\" data-end=\"2715\">Ceoparts kann die angeforderten Informationen auch au\u00dferhalb der im Mitgliedsvertrag festgelegten Zwecke und des Umfangs f\u00fcr Direktmarketingzwecke selbst oder gemeinsam mit Kooperationspartnern verwenden. Pers\u00f6nliche Daten k\u00f6nnen auch verwendet werden, um bei Bedarf Kontakt mit dem Benutzer aufzunehmen. Die von unserem Unternehmen angeforderten oder vom Benutzer bereitgestellten Informationen sowie Informationen \u00fcber Transaktionen, die \u00fcber unseren Shop durchgef\u00fchrt werden, k\u00f6nnen von unserem Unternehmen und seinen Gesch\u00e4ftspartnern f\u00fcr statistische Auswertungen, Datenbankerstellung und Marktforschung verwendet werden, ohne die Identit\u00e4t unserer Mitglieder offenzulegen.<\/p>\n<p data-start=\"2717\" data-end=\"3121\">Ceoparts verpflichtet sich, vertrauliche Informationen streng vertraulich zu behandeln, diese als Geheimhaltungspflicht zu betrachten und alle notwendigen Ma\u00dfnahmen zu ergreifen, um die Vertraulichkeit zu gew\u00e4hrleisten und aufrechtzuerhalten sowie zu verhindern, dass vertrauliche Informationen ganz oder teilweise \u00f6ffentlich zug\u00e4nglich werden oder unbefugt verwendet oder an Dritte weitergegeben werden.<\/p>\n<hr data-start=\"3123\" data-end=\"3126\" \/>\n<h1 data-start=\"3128\" data-end=\"3157\">SICHERHEIT DER KREDITKARTEN<\/h1>\n<p data-start=\"3159\" data-end=\"3352\">Ceoparts legt gro\u00dfen Wert auf die Sicherheit der Kreditkarteninhaber, die \u00fcber unsere Website einkaufen. Ihre Kreditkarteninformationen werden <strong data-start=\"3302\" data-end=\"3351\">in keiner Weise in unserem System gespeichert<\/strong>.<\/p>\n<p data-start=\"3354\" data-end=\"3705\">W\u00e4hrend des Zahlungsvorgangs gibt es zwei Hinweise, an denen Sie erkennen k\u00f6nnen, dass Sie sich auf einer sicheren Website befinden. Einer davon ist das Schl\u00fcssel- oder Schloss-Symbol in der unteren Leiste Ihres Browsers. Dieses Symbol zeigt an, dass Sie sich auf einer sicheren Website befinden und alle Informationen verschl\u00fcsselt \u00fcbertragen werden.<\/p>\n<p data-start=\"3707\" data-end=\"4195\">Alle Kreditkarteninformationen, die w\u00e4hrend des Einkaufs verwendet werden, werden mit dem <strong data-start=\"3797\" data-end=\"3845\">128-Bit-SSL-Protokoll (Secure Sockets Layer)<\/strong> verschl\u00fcsselt und unabh\u00e4ngig von unserer Website zur \u00dcberpr\u00fcfung an die entsprechende Bank \u00fcbermittelt. Wenn die Verf\u00fcgbarkeit der Karte best\u00e4tigt wird, wird der Einkauf fortgesetzt. Da keine Karteninformationen von uns eingesehen oder gespeichert werden k\u00f6nnen, wird verhindert, dass Dritte diese Informationen unter irgendeinen Umst\u00e4nden erhalten.<\/p>\n<p data-start=\"4197\" data-end=\"4700\">Die Zuverl\u00e4ssigkeit der Zahlungs-, Rechnungs- und Lieferadressinformationen von Online-Bestellungen wird von unserem Unternehmen zur Verhinderung von <strong data-start=\"4347\" data-end=\"4369\">Kreditkartenbetrug<\/strong> \u00fcberpr\u00fcft. Daher kann es erforderlich sein, dass Kunden, die zum ersten Mal \u00fcber unsere Website bestellen, ihre finanziellen sowie Adress- und Telefonnummerninformationen best\u00e4tigen, bevor ihre Bestellung in die Lieferphase \u00fcbergeht. Falls erforderlich, kann der Kreditkarteninhaber oder die entsprechende Bank kontaktiert werden.<\/p>\n<p data-start=\"4702\" data-end=\"5159\">Alle Informationen, die Sie bei der Registrierung angeben, k\u00f6nnen nur von Ihnen eingesehen und ge\u00e4ndert werden. Solange Sie Ihre Zugangsdaten sicher aufbewahren, ist es anderen nicht m\u00f6glich, auf Ihre Informationen zuzugreifen oder diese zu \u00e4ndern. Zu diesem Zweck werden Mitgliedschaftsprozesse innerhalb eines <strong data-start=\"5014\" data-end=\"5049\">128-Bit-SSL-Sicherheitsbereichs<\/strong> durchgef\u00fchrt. Dieses System ist ein internationaler Verschl\u00fcsselungsstandard, der nicht geknackt werden kann.<\/p>\n<p data-start=\"5161\" data-end=\"5485\">Websites mit klar angegebenen Kontaktinformationen wie Adresse und Telefonnummer sowie einem Kundenservice werden heutzutage h\u00e4ufiger bevorzugt. Auf diese Weise k\u00f6nnen Sie detaillierte Informationen \u00fcber alle Themen erhalten, die Sie interessieren, und sich ein besseres Bild von der Zuverl\u00e4ssigkeit des Online-Shops machen.<\/p>\n<p data-start=\"5487\" data-end=\"5992\">Hinweis: Wir empfehlen Ihnen, darauf zu achten, dass auf Internet-Shoppingseiten die vollst\u00e4ndige Adresse und Telefonnummer des Unternehmens angegeben sind. Wenn Sie einen Einkauf t\u00e4tigen m\u00f6chten, notieren Sie sich bitte vor dem Kauf alle Kontaktinformationen des Gesch\u00e4fts. Wenn Sie Zweifel haben, kontaktieren Sie das Unternehmen telefonisch, um die Informationen zu best\u00e4tigen. Auf allen unseren Online-Shoppingseiten sind alle Unternehmensinformationen und der Standort unseres Unternehmens angegeben.<\/p>\n<hr data-start=\"5994\" data-end=\"5997\" \/>\n<h1 data-start=\"5999\" data-end=\"6052\">SICHERHEIT VON MAIL-ORDER KREDITKARTENINFORMATIONEN<\/h1>\n<p data-start=\"6054\" data-end=\"6230\">Identit\u00e4ts- und Kreditkarteninformationen, die Sie uns \u00fcber das <strong data-start=\"6118\" data-end=\"6142\">Mail-Order-Verfahren<\/strong> \u00fcbermitteln, werden von unserem Unternehmen gem\u00e4\u00df den Datenschutzprinzipien aufbewahrt.<\/p>\n<p data-start=\"6232\" data-end=\"6620\">Diese Informationen werden f\u00fcr <strong data-start=\"6263\" data-end=\"6274\">60 Tage<\/strong> aufbewahrt, um m\u00f6gliche Einw\u00e4nde gegen\u00fcber der Bank bez\u00fcglich der Kreditkartenabbuchung zu kl\u00e4ren, und anschlie\u00dfend vernichtet. Sollte ein Betrag von Ihrer Karte abgebucht werden, der \u00fcber den von Ihnen im Mail-Order-Formular genehmigten Betrag hinausgeht, k\u00f6nnen Sie selbstverst\u00e4ndlich bei Ihrer Bank Einspruch einlegen und die Zahlung stoppen.<\/p>\n<hr data-start=\"6622\" data-end=\"6625\" \/>\n<h1 data-start=\"6627\" data-end=\"6661\">WEBSITES UND ANWENDUNGEN DRITTER<\/h1>\n<p data-start=\"6663\" data-end=\"6867\">Ceoparts kann innerhalb seiner Website Links zu anderen Websites bereitstellen. Ceoparts \u00fcbernimmt keine Verantwortung f\u00fcr die Datenschutzpraktiken oder Inhalte der \u00fcber diese Links erreichbaren Websites.<\/p>\n<p data-start=\"6869\" data-end=\"7103\">Die auf unserer Website ver\u00f6ffentlichten Anzeigen werden \u00fcber unsere Werbepartner an unsere Nutzer verteilt. Die Datenschutzbestimmungen dieser Vereinbarung gelten ausschlie\u00dflich f\u00fcr unsere Website und umfassen keine Websites Dritter.<\/p>\n<hr data-start=\"7105\" data-end=\"7108\" \/>\n<h1 data-start=\"7110\" data-end=\"7125\">AUSNAHMEF\u00c4LLE<\/h1>\n<p data-start=\"7127\" data-end=\"7306\">In den folgenden begrenzten F\u00e4llen kann unser Unternehmen Informationen \u00fcber Benutzer an Dritte weitergeben, die \u00fcber die Bestimmungen dieser <strong data-start=\"7269\" data-end=\"7293\">Datenschutzerkl\u00e4rung<\/strong> hinausgehen:<\/p>\n<ol data-start=\"7308\" data-end=\"7798\">\n<li data-start=\"7308\" data-end=\"7424\">\n<p data-start=\"7311\" data-end=\"7424\">Zur Einhaltung gesetzlicher Verpflichtungen gem\u00e4\u00df Gesetzen, Verordnungen oder anderen rechtlichen Vorschriften.<\/p>\n<\/li>\n<li data-start=\"7425\" data-end=\"7541\">\n<p data-start=\"7428\" data-end=\"7541\">Zur Erf\u00fcllung der Anforderungen des <strong data-start=\"7464\" data-end=\"7491\">Mitgliedschaftsvertrags<\/strong> und anderer Vereinbarungen mit unseren Nutzern.<\/p>\n<\/li>\n<li data-start=\"7542\" data-end=\"7679\">\n<p data-start=\"7545\" data-end=\"7679\">Wenn Informationen \u00fcber Benutzer im Rahmen einer Untersuchung von autorisierten Verwaltungs- oder Justizbeh\u00f6rden angefordert werden.<\/p>\n<\/li>\n<li data-start=\"7680\" data-end=\"7798\">\n<p data-start=\"7683\" data-end=\"7798\">Wenn die Weitergabe von Informationen erforderlich ist, um die Rechte oder die Sicherheit der Benutzer zu sch\u00fctzen.<\/p>\n<\/li>\n<\/ol>\n<hr data-start=\"7800\" data-end=\"7803\" \/>\n<h1 data-start=\"7805\" data-end=\"7824\">E-MAIL-SICHERHEIT<\/h1>\n<p data-start=\"7826\" data-end=\"7974\">Bitte geben Sie in E-Mails an den <strong data-start=\"7860\" data-end=\"7885\">Ceoparts Kundendienst<\/strong> im Zusammenhang mit Ihren Bestellungen <strong data-start=\"7925\" data-end=\"7970\">keine Kreditkartennummern oder Passw\u00f6rter<\/strong> an.<\/p>\n<p data-start=\"7976\" data-end=\"8149\">Informationen in E-Mails k\u00f6nnen von Dritten eingesehen werden. Unser Unternehmen kann die Sicherheit von Informationen, die per E-Mail \u00fcbermittelt werden, nicht garantieren.<\/p>\n<hr data-start=\"8151\" data-end=\"8154\" \/>\n<h1 data-start=\"8156\" data-end=\"8173\">BROWSER-COOKIES<\/h1>\n<p data-start=\"8175\" data-end=\"8335\">Unser Unternehmen kann mithilfe von technischen Kommunikationsdateien, sogenannten <strong data-start=\"8258\" data-end=\"8269\">Cookies<\/strong>, Informationen \u00fcber Benutzer erhalten, die unseren Shop besuchen.<\/p>\n<p data-start=\"8337\" data-end=\"8570\">Cookies sind kleine Textdateien, die von einer Website an den Browser des Benutzers gesendet und im Hauptspeicher gespeichert werden. Sie erleichtern die Nutzung des Internets, indem sie Pr\u00e4ferenzen und Statusinformationen speichern.<\/p>\n<p data-start=\"8572\" data-end=\"8786\">Cookies helfen dabei, statistische Informationen zu sammeln, z. B. wie viele Personen die Website besuchen, wie oft sie besucht wird, wie lange Besucher auf der Website bleiben und von welchen Seiten sie zugreifen.<\/p>\n<p data-start=\"8788\" data-end=\"9059\">Cookies sind nicht dazu bestimmt, Daten aus Ihrem Hauptspeicher oder Ihrer E-Mail abzurufen. Die meisten Browser akzeptieren Cookies standardm\u00e4\u00dfig, jedoch k\u00f6nnen Benutzer ihre Browsereinstellungen so \u00e4ndern, dass Cookies abgelehnt werden oder eine Warnung angezeigt wird.<\/p>\n<hr data-start=\"9061\" data-end=\"9064\" \/>\n<h1 data-start=\"9066\" data-end=\"9103\">\u00c4NDERUNGEN DER DATENSCHUTZERKL\u00c4RUNG<\/h1>\n<p data-start=\"9105\" data-end=\"9273\">Ceoparts kann die Bestimmungen dieser <strong data-start=\"9143\" data-end=\"9167\">Datenschutzerkl\u00e4rung<\/strong> jederzeit \u00e4ndern, indem sie auf der Website ver\u00f6ffentlicht oder den Nutzern per E-Mail mitgeteilt werden.<\/p>\n<p data-start=\"9275\" data-end=\"9337\">Die \u00c4nderungen treten mit dem Ver\u00f6ffentlichungsdatum in Kraft.<\/p>\n<hr data-start=\"9339\" data-end=\"9342\" \/>\n<h1 data-start=\"9344\" data-end=\"9353\">KONTAKT<\/h1>\n<p data-start=\"9355\" data-end=\"9466\">F\u00fcr Fragen oder Vorschl\u00e4ge zu unserer Datenschutzerkl\u00e4rung k\u00f6nnen Sie uns unter folgender Adresse kontaktieren:<\/p>\n<p data-start=\"9468\" data-end=\"9546\"><strong data-start=\"9468\" data-end=\"9482\">Firmenname<\/strong><br data-start=\"9482\" data-end=\"9485\" \/>Ceoparts Makine Yedek Par\u00e7a Sanayi ve Ticaret Limited \u015eirketi<\/p>\n<p data-start=\"9548\" data-end=\"9634\"><strong data-start=\"9548\" data-end=\"9559\">Adresse<\/strong><br data-start=\"9559\" data-end=\"9562\" \/>Mescit Mah. Demokrasi Cad. Ulug\u00fcney Sokak A Blok No:1<br data-start=\"9615\" data-end=\"9618\" \/>Tuzla \/ Istanbul<\/p>\n<p data-start=\"9636\" data-end=\"9666\"><strong data-start=\"9636\" data-end=\"9646\">E-Mail<\/strong><br data-start=\"9646\" data-end=\"9649\" \/><a class=\"decorated-link cursor-pointer\" rel=\"noopener\" data-start=\"9649\" data-end=\"9666\">info@ceoparts.com<\/a><\/p>\n<p data-start=\"9668\" data-end=\"9701\"><strong data-start=\"9668\" data-end=\"9679\">Telefon<\/strong><br data-start=\"9679\" data-end=\"9682\" \/>+90 (216) 394 14 94<\/p>\n<p data-start=\"9703\" data-end=\"9732\"><strong data-start=\"9703\" data-end=\"9710\">Fax<\/strong><br data-start=\"9710\" data-end=\"9713\" \/>+90 (216) 394 16 37<\/p>\n","protected":false},"excerpt":{"rendered":"<p>Alle auf der Website Ceoparts.com angebotenen Dienstleistungen geh\u00f6ren der Firma Ceoparts Makine Yedek Par\u00e7a Sanayi ve Ticaret Limited \u015eirketi, registriert<\/p>\n","protected":false},"author":1,"featured_media":0,"parent":0,"menu_order":0,"comment_status":"closed","ping_status":"closed","template":"","meta":{"footnotes":""},"class_list":["post-7884","page","type-page","status-publish","hentry"],"_links":{"self":[{"href":"https:\/\/ceoparts.com\/de\/wp-json\/wp\/v2\/pages\/7884","targetHints":{"allow":["GET"]}}],"collection":[{"href":"https:\/\/ceoparts.com\/de\/wp-json\/wp\/v2\/pages"}],"about":[{"href":"https:\/\/ceoparts.com\/de\/wp-json\/wp\/v2\/types\/page"}],"author":[{"embeddable":true,"href":"https:\/\/ceoparts.com\/de\/wp-json\/wp\/v2\/users\/1"}],"replies":[{"embeddable":true,"href":"https:\/\/ceoparts.com\/de\/wp-json\/wp\/v2\/comments?post=7884"}],"version-history":[{"count":7,"href":"https:\/\/ceoparts.com\/de\/wp-json\/wp\/v2\/pages\/7884\/revisions"}],"predecessor-version":[{"id":21106,"href":"https:\/\/ceoparts.com\/de\/wp-json\/wp\/v2\/pages\/7884\/revisions\/21106"}],"wp:attachment":[{"href":"https:\/\/ceoparts.com\/de\/wp-json\/wp\/v2\/media?parent=7884"}],"curies":[{"name":"wp","href":"https:\/\/api.w.org\/{rel}","templated":true}]}}