{"id":7889,"date":"2020-10-28T00:53:28","date_gmt":"2020-10-27T21:53:28","guid":{"rendered":"https:\/\/ceoparts.com\/?page_id=7889"},"modified":"2026-03-04T09:08:37","modified_gmt":"2026-03-04T06:08:37","slug":"iptal-ve-iade-kosullari","status":"publish","type":"page","link":"https:\/\/ceoparts.com\/de\/iptal-ve-iade-kosullari\/","title":{"rendered":"R\u00fcckgabebedingungen"},"content":{"rendered":"<p><strong>ALLGEMEIN:<\/strong><\/p>\n<ol>\n<li>Wenn Sie eine Bestellung elektronisch \u00fcber die von Ihnen genutzte Website aufgeben, gelten das Ihnen vorgelegte Vorab-Informationsformular und der Fernabsatzvertrag als akzeptiert.<\/li>\n<li>K\u00e4ufer unterliegen in Bezug auf den Verkauf und die Lieferung des gekauften Produkts den Bestimmungen des Gesetzes Nr. 6502 \u00fcber den Verbraucherschutz und der Verordnung \u00fcber Fernabsatzvertr\u00e4ge (RG: 27.11.2014\/29188) sowie den geltenden anderen Gesetzen.<\/li>\n<li>Versandkosten f\u00fcr den Produktversand werden vom K\u00e4ufer getragen.<\/li>\n<li>Jedes gekaufte Produkt wird innerhalb der gesetzlichen Frist von 30 Tagen an die vom K\u00e4ufer angegebene Person und\/oder Organisation an der angegebenen Adresse geliefert. Wird das Produkt innerhalb dieser Frist nicht geliefert, k\u00f6nnen die K\u00e4ufer den Vertrag k\u00fcndigen.<\/li>\n<li>Das gekaufte Produkt muss vollst\u00e4ndig und gem\u00e4\u00df den im Auftrag angegebenen Spezifikationen sowie gegebenenfalls mit Garantieurkunde, Bedienungsanleitung und anderen Unterlagen geliefert werden.<\/li>\n<li>Falls es unm\u00f6glich wird, das gekaufte Produkt zu verkaufen, muss der Verk\u00e4ufer dies dem K\u00e4ufer innerhalb von 3 Tagen nach Kenntnis schriftlich mitteilen. Der gesamte Betrag muss innerhalb von 14 Tagen an den K\u00e4ufer zur\u00fcckerstattet werden.<\/li>\n<\/ol>\n<p><strong>WENN DER KAUFPREIS NICHT GEZAHLT WIRD:<\/strong><\/p>\n<ol start=\"7\">\n<li>Wenn der K\u00e4ufer den Kaufpreis des gekauften Produkts nicht zahlt oder ihn in den Bankunterlagen storniert, endet die Lieferverpflichtung des Verk\u00e4ufers.<\/li>\n<\/ol>\n<p><strong>EINK\u00c4UFE MIT UNBEFUGTER VERWENDUNG DER KREDITKARTE:<\/strong><\/p>\n<ol start=\"8\">\n<li>Nach der Lieferung des Produkts, wenn festgestellt wird, dass die vom K\u00e4ufer verwendete Kreditkarte unbefugt verwendet wurde und der Preis des verkauften Produkts vom betreffenden Kreditinstitut oder der Bank nicht an den Verk\u00e4ufer gezahlt wird, muss der K\u00e4ufer das Vertragsprodukt innerhalb von 3 Tagen an den Verk\u00e4ufer zur\u00fccksenden, wobei die Versandkosten vom Verk\u00e4ufer \u00fcbernommen werden.<\/li>\n<\/ol>\n<p><strong>WENN DAS PRODUKT AUS UNVORHERSEHBAREN GR\u00dcNDEN NICHT RECHTZEITIG GELIEFERT WERDEN KANN:<\/strong><\/p>\n<ol start=\"9\">\n<li>Wenn aufgrund unvorhersehbarer h\u00f6herer Gewalt des Verk\u00e4ufers das Produkt nicht rechtzeitig geliefert werden kann, wird der K\u00e4ufer dar\u00fcber informiert. Der K\u00e4ufer kann die Stornierung der Bestellung, den Austausch des Produkts durch ein \u00e4hnliches oder die Verschiebung der Lieferung bis zur Behebung des Hindernisses verlangen. Wenn der K\u00e4ufer die Bestellung storniert und die Zahlung bar erfolgt ist, wird der Betrag innerhalb von 14 Tagen nach der Stornierung in bar an ihn zur\u00fcckerstattet. Wenn der K\u00e4ufer mit Kreditkarte bezahlt hat und die Bestellung storniert, wird der Produktpreis innerhalb von 14 Tagen nach der Stornierung an die Bank zur\u00fcckerstattet, aber es kann 2-3 Wochen dauern, bis die Bank den Betrag auf das Konto des K\u00e4ufers \u00fcbertr\u00e4gt.<\/li>\n<\/ol>\n<p><strong>VERPFLICHTUNG DES K\u00c4UFERS, DAS PRODUKT ZU \u00dcBERPR\u00dcFEN:<\/strong><\/p>\n<ol start=\"10\">\n<li>Der K\u00e4ufer muss die Vertragsware\/Dienstleistung vor der Annahme pr\u00fcfen und besch\u00e4digte oder mangelhafte Ware\/Dienstleistung, die zerdr\u00fcckt, gebrochen oder mit aufgerissener Verpackung geliefert wird, nicht vom Kurierdienst annehmen. Es wird davon ausgegangen, dass die erhaltene Ware\/Dienstleistung unbesch\u00e4digt und einwandfrei ist. Der K\u00c4UFER muss die Ware\/Dienstleistung nach der Lieferung sorgf\u00e4ltig aufbewahren. Wenn das Widerrufsrecht ausge\u00fcbt werden soll, darf die Ware\/Dienstleistung nicht verwendet werden. Die Rechnung muss zusammen mit dem Produkt zur\u00fcckgegeben werden.<\/li>\n<\/ol>\n<p><strong>WIDERRUFSRECHT:<\/strong><\/p>\n<ol start=\"11\">\n<li>Der K\u00c4UFER kann innerhalb von 14 (vierzehn) Tagen nach Lieferung des gekauften Produkts an die Person\/Organisation an der angegebenen Adresse sein Widerrufsrecht aus\u00fcben, indem er dies dem VERK\u00c4UFER \u00fcber die unten angegebenen Kontaktinformationen mitteilt, ohne jegliche rechtliche oder strafrechtliche Verantwortung zu \u00fcbernehmen und ohne Angabe von Gr\u00fcnden.<\/li>\n<li>KONTAKTINFORMATIONEN DES VERK\u00c4UFERS, AN DIE DIE MITTEILUNG DES WIDERRUFSRECHTS GESENDET WIRD:<\/li>\n<\/ol>\n<p><strong>FIRMA<\/strong>: Ceoparts Makine Yedek Par\u00e7a A.\u015e<\/p>\n<p><strong>ADRESSE<\/strong>: Mescit Mah. Demokrasi Cad. Ulug\u00fcney Sokak A Blok No:1 Tuzla\/Istanbul<\/p>\n<p><strong>E-MAIL<\/strong>: <a rel=\"noopener\">info@ceoparts.com<\/a><\/p>\n<p><strong>TEL<\/strong>: +90(216) 394 14 94<\/p>\n<p><strong>FAX<\/strong>: (0216) 394 16 37<\/p>\n<p><strong>WIDERRUFSFRIST:<\/strong><\/p>\n<ol start=\"13\">\n<li>Wenn das vom K\u00e4ufer gekaufte Produkt eine Dienstleistung ist, beginnt diese 14-t\u00e4gige Frist mit dem Datum des Vertragsabschlusses. Bei Dienstleistungsvertr\u00e4gen, bei denen die Ausf\u00fchrung der Dienstleistung mit Zustimmung des Verbrauchers vor Ablauf der Widerrufsfrist begonnen hat, kann das Widerrufsrecht nicht ausge\u00fcbt werden.<\/li>\n<li>Die Kosten, die durch die Aus\u00fcbung des Widerrufsrechts entstehen, tr\u00e4gt der VERK\u00c4UFER.<\/li>\n<li>Um das Widerrufsrecht auszu\u00fcben, muss innerhalb der 14-t\u00e4gigen Frist eine schriftliche Mitteilung per Einschreiben, Fax oder E-Mail an den VERK\u00c4UFER gesendet werden, und das Produkt muss unbenutzt gem\u00e4\u00df den Bestimmungen des vorliegenden Vertrags \u00fcber &#8220;Produkte, f\u00fcr die das Widerrufsrecht nicht gilt&#8221; sein.<\/li>\n<\/ol>\n<p><strong>AUS\u00dcBUNG DES WIDERRUFSRECHTS:<\/strong><\/p>\n<ol start=\"16\">\n<li>Die Rechnung f\u00fcr das an die dritte Person oder den K\u00c4UFER gelieferte Produkt (wenn die Rechnung des zur\u00fcckzusendenden Produkts auf den Namen einer Institution ausgestellt ist, muss sie zusammen mit der R\u00fccksenderechnung, die von der Institution ausgestellt wurde, zur\u00fcckgesendet werden. R\u00fccksendungen von Bestellungen, die auf den Namen von Institutionen ausgestellt wurden, k\u00f6nnen nicht abgeschlossen werden, wenn keine R\u00dcCKSENDE-RECHNUNG ausgestellt wurde.)<\/li>\n<li>Das R\u00fccksendeformular, die Schachtel, die Verpackung und gegebenenfalls die Standardzubeh\u00f6rteile der zur\u00fcckzusendenden Produkte m\u00fcssen vollst\u00e4ndig und unbesch\u00e4digt zur\u00fcckgesendet werden.<\/li>\n<\/ol>\n<p><strong>R\u00dcCKGABEBEDINGUNGEN:<\/strong><\/p>\n<ol start=\"18\">\n<li>Der VERK\u00c4UFER ist verpflichtet, den vollen Betrag und die den K\u00c4UFER belastenden Dokumente innerhalb von 10 Tagen nach Erhalt der Widerrufserkl\u00e4rung an den K\u00c4UFER zur\u00fcckzuerstatten und das Produkt innerhalb von 20 Tagen zur\u00fcckzunehmen.<\/li>\n<li>Wenn aufgrund eines Verschuldens des K\u00c4UFERS eine Wertminderung der Ware eintritt oder die R\u00fcckgabe unm\u00f6glich wird, ist der K\u00c4UFER verpflichtet, den Schaden des VERK\u00c4UFERS anteilig nach seinem Verschulden zu ersetzen. Der K\u00c4UFER ist jedoch nicht verantwortlich f\u00fcr \u00c4nderungen und Verschlechterungen, die aufgrund ordnungsgem\u00e4\u00dfer Nutzung der Ware oder des Produkts w\u00e4hrend der Widerrufsfrist entstehen.<\/li>\n<li>Wenn der Betrag des Kampagnenlimits, das vom VERK\u00c4UFER aufgrund der Aus\u00fcbung des Widerrufsrechts festgelegt wurde, unter das Kampagnenlimit f\u00e4llt, wird der im Rahmen der Kampagne genutzte Rabattbetrag storniert.<\/li>\n<\/ol>\n<p><strong>VERZUGSZUSTAND UND RECHTLICHE FOLGEN<\/strong><\/p>\n<ol start=\"21\">\n<li>Wenn der K\u00c4UFER bei Zahlungsvorg\u00e4ngen mit Kreditkarte in Verzug ger\u00e4t, erkl\u00e4rt und verpflichtet sich, dass er Zinsen im Rahmen des Kreditkartenvertrags mit der kartenausgebenden Bank zahlen wird und gegen\u00fcber der Bank haftet. In diesem Fall kann die betreffende Bank rechtliche Schritte einleiten; die daraus resultierenden Kosten und Anwaltsgeb\u00fchren k\u00f6nnen vom K\u00c4UFER gefordert werden, und der K\u00c4UFER akzeptiert in jedem Fall, dass er dem VERK\u00c4UFER den Schaden und Verlust ersetzen wird, der dem VERK\u00c4UFER aufgrund der verz\u00f6gerten Erf\u00fcllung der Schuld entsteht.<\/li>\n<\/ol>\n<p><strong>ZAHLUNG UND LIEFERUNG<\/strong><\/p>\n<ol start=\"22\">\n<li>Sie k\u00f6nnen eine \u00dcberweisung per Bank\u00fcberweisung oder EFT (Elektronische Geld\u00fcberweisung) von einem unserer Konten bei &#8230;&#8230;&#8230;&#8230;, &#8230;&#8230;&#8230;, Banken (TL) vornehmen.<\/li>\n<li>\u00dcber unsere Website k\u00f6nnen Sie die Online-Einmalzahlung oder Ratenzahlungsoptionen mit jeder Kreditkarte nutzen. Der Betrag wird am Ende Ihrer Bestellung von Ihrer Kreditkarte abgebucht.<\/li>\n<\/ol>\n","protected":false},"excerpt":{"rendered":"<p>ALLGEMEIN: Wenn Sie eine Bestellung elektronisch \u00fcber die von Ihnen genutzte Website aufgeben, gelten das Ihnen vorgelegte Vorab-Informationsformular und der<\/p>\n","protected":false},"author":1,"featured_media":0,"parent":0,"menu_order":0,"comment_status":"closed","ping_status":"closed","template":"","meta":{"footnotes":""},"class_list":["post-7889","page","type-page","status-publish","hentry"],"_links":{"self":[{"href":"https:\/\/ceoparts.com\/de\/wp-json\/wp\/v2\/pages\/7889","targetHints":{"allow":["GET"]}}],"collection":[{"href":"https:\/\/ceoparts.com\/de\/wp-json\/wp\/v2\/pages"}],"about":[{"href":"https:\/\/ceoparts.com\/de\/wp-json\/wp\/v2\/types\/page"}],"author":[{"embeddable":true,"href":"https:\/\/ceoparts.com\/de\/wp-json\/wp\/v2\/users\/1"}],"replies":[{"embeddable":true,"href":"https:\/\/ceoparts.com\/de\/wp-json\/wp\/v2\/comments?post=7889"}],"version-history":[{"count":13,"href":"https:\/\/ceoparts.com\/de\/wp-json\/wp\/v2\/pages\/7889\/revisions"}],"predecessor-version":[{"id":9427,"href":"https:\/\/ceoparts.com\/de\/wp-json\/wp\/v2\/pages\/7889\/revisions\/9427"}],"wp:attachment":[{"href":"https:\/\/ceoparts.com\/de\/wp-json\/wp\/v2\/media?parent=7889"}],"curies":[{"name":"wp","href":"https:\/\/api.w.org\/{rel}","templated":true}]}}