{"id":7907,"date":"2020-10-28T06:32:57","date_gmt":"2020-10-28T03:32:57","guid":{"rendered":"https:\/\/ceoparts.com\/?page_id=7907"},"modified":"2024-08-17T00:25:47","modified_gmt":"2024-08-16T21:25:47","slug":"odeme-ve-teslimat","status":"publish","type":"page","link":"https:\/\/ceoparts.com\/de\/odeme-ve-teslimat\/","title":{"rendered":"Zahlung und Lieferung"},"content":{"rendered":"<p><strong>1) Durch Bank\u00fcberweisung oder EFT (Elektronische Geld\u00fcberweisung)<\/strong><\/p>\n<p>Sie k\u00f6nnen eine \u00dcberweisung in TL, EURO oder DOLLAR auf eines unserer Konten bei der Garanti Bank oder der Halk Bank vornehmen.<\/p>\n<p><strong>2) \u00dcber unsere Website mit Ihren Kreditkarten<\/strong><\/p>\n<p>Sie k\u00f6nnen unsere Online-Einmalzahlung oder Ratenzahlungsoptionen mit jeder Kreditkarte nutzen. Bei Online-Zahlungen wird der Betrag nach Abschluss Ihrer Bestellung von Ihrer Kreditkarte abgebucht. Im Falle einer m\u00f6glichen Stornierung der Bestellung oder Lagerprobleme kann die R\u00fcckerstattung auf Ihre Kreditkarte je nach den Verfahren der Banken variieren.<\/p>\n<p><strong>3) R\u00fcckerstattung des Bestellwertes<\/strong><\/p>\n<p>Im Falle einer Stornierung Ihrer Bestellungen aus m\u00f6glichen Gr\u00fcnden erstattet Ceoparts Makine Yedek Par\u00e7a A.\u015e den Produktpreis innerhalb von sieben Werktagen auf Ihr Konto und\/oder Ihre Kreditkarte. Es ist jedoch erforderlich, dass Sie unsere Finanzverantwortlichen korrekt und vollst\u00e4ndig \u00fcber Ihre Bankkontodaten und\/oder Kreditkartendaten informieren.<\/p>\n<p><strong>4) Lieferung<\/strong><\/p>\n<p>Wir bem\u00fchen uns, die von Ihnen bestellten Produkte noch am selben Tag zu versenden. F\u00fcr Produkte, deren Beschaffung mehr Zeit in Anspruch nimmt, betr\u00e4gt die Lieferzeit 3 Werktage, wie in den Produktdetails angegeben. Bei einer voraussichtlichen Lieferverz\u00f6gerung werden wir Sie informieren.<\/p>\n<p>Um eine reibungslose Lieferung zu gew\u00e4hrleisten, geben Sie bitte die Adresse an, an der Sie sich tags\u00fcber befinden, als Lieferadresse an.<\/p>\n<p>Ihre Bestellungen werden entsprechend der von Ihnen am Ende Ihrer Bestellung angegebenen Lieferart bearbeitet. Die Produkte werden von unserem Unternehmen in Istanbul mit dem MNG-Kurierdienst versandt. Ihre Bestellungen werden sp\u00e4testens 2 (zwei) Werktage nach Best\u00e4tigung an das Kurierunternehmen \u00fcbergeben.<\/p>\n<p>Sie k\u00f6nnen sich an unseren Kundenberater wenden, um sich \u00fcber verschiedene Lieferbedingungen zu informieren. Dar\u00fcber hinaus gelten Kurierlieferungen nur f\u00fcr die T\u00fcrkei.<\/p>\n<p><strong>5) Zahlungskontrolle<\/strong><\/p>\n<p>Wenn das System aufgrund eines Problems die Transaktion nicht durchf\u00fchren kann, wird unser Besucher am Ende der Zahlungsseite dar\u00fcber informiert.<\/p>\n<p>Im Falle eines Fehlers an der angegebenen Adresse wird der Besteller bez\u00fcglich der nicht gelieferten Bestellung kontaktiert.<\/p>\n<p>Die G\u00fcltigkeit der vom Besucher angegebenen E-Mail-Adresse wird durch eine automatisch nach der Bestellung gesendete E-Mail best\u00e4tigt.<\/p>\n<p>Wir sind nicht nur dem Kunden, sondern auch der Bank, deren Kreditkartensystem wir verwenden, gegen\u00fcber verantwortlich, um die Zustellung sicherzustellen.<\/p>\n<p><strong>Bitte beachten Sie!<\/strong><\/p>\n<p>Sollten Sie den Verdacht haben, dass das Paket w\u00e4hrend des Versands besch\u00e4digt wurde, \u00f6ffnen und \u00fcberpr\u00fcfen Sie es bitte vor dem Zustellungsbeauftragten. Falls Sie der Meinung sind, dass das Produkt besch\u00e4digt ist, lassen Sie ein Protokoll durch das Kurierunternehmen erstellen und nehmen Sie das Produkt nicht an.<\/p>\n<p>Nach der Annahme des Produkts wird davon ausgegangen, dass das Kurierunternehmen seine Aufgabe ordnungsgem\u00e4\u00df erf\u00fcllt hat.<\/p>\n<p><strong>Wenn das Produkt besch\u00e4digt ist:<\/strong> Senden Sie das von Ihnen erstellte Protokoll so schnell wie m\u00f6glich an die Faxnummer 0216 394 16 37 oder informieren Sie uns per E-Mail an <a rel=\"noopener\">info@ceoparts.com<\/a>.<\/p>\n<p>Sobald Sie diese Verfahren abgeschlossen haben, werden wir die Bearbeitung Ihres Pakets beginnen und daf\u00fcr sorgen, dass die Lieferung so schnell wie m\u00f6glich wiederholt wird.<\/p>\n","protected":false},"excerpt":{"rendered":"<p>1) Durch Bank\u00fcberweisung oder EFT (Elektronische Geld\u00fcberweisung) Sie k\u00f6nnen eine \u00dcberweisung in TL, EURO oder DOLLAR auf eines unserer Konten<\/p>\n","protected":false},"author":1,"featured_media":0,"parent":0,"menu_order":0,"comment_status":"closed","ping_status":"closed","template":"","meta":{"footnotes":""},"class_list":["post-7907","page","type-page","status-publish","hentry"],"_links":{"self":[{"href":"https:\/\/ceoparts.com\/de\/wp-json\/wp\/v2\/pages\/7907","targetHints":{"allow":["GET"]}}],"collection":[{"href":"https:\/\/ceoparts.com\/de\/wp-json\/wp\/v2\/pages"}],"about":[{"href":"https:\/\/ceoparts.com\/de\/wp-json\/wp\/v2\/types\/page"}],"author":[{"embeddable":true,"href":"https:\/\/ceoparts.com\/de\/wp-json\/wp\/v2\/users\/1"}],"replies":[{"embeddable":true,"href":"https:\/\/ceoparts.com\/de\/wp-json\/wp\/v2\/comments?post=7907"}],"version-history":[{"count":4,"href":"https:\/\/ceoparts.com\/de\/wp-json\/wp\/v2\/pages\/7907\/revisions"}],"predecessor-version":[{"id":9422,"href":"https:\/\/ceoparts.com\/de\/wp-json\/wp\/v2\/pages\/7907\/revisions\/9422"}],"wp:attachment":[{"href":"https:\/\/ceoparts.com\/de\/wp-json\/wp\/v2\/media?parent=7907"}],"curies":[{"name":"wp","href":"https:\/\/api.w.org\/{rel}","templated":true}]}}