{"id":9607,"date":"2024-09-01T12:44:53","date_gmt":"2024-09-01T09:44:53","guid":{"rendered":"https:\/\/ceoparts.com\/my-account-2\/"},"modified":"2024-09-01T12:44:53","modified_gmt":"2024-09-01T09:44:53","slug":"my-account-2","status":"publish","type":"page","link":"https:\/\/ceoparts.com\/de\/my-account-2\/","title":{"rendered":"My Account"},"content":{"rendered":"<div id=\"user-registration\" class=\"user-registration\">\n<div class=\"ur-frontend-form login  \" id=\"ur-frontend-form\">\n\t\t<form class=\"user-registration-form user-registration-form-login login\" method=\"post\">\n\t\t<div class=\"ur-form-row\">\n\t\t\t<div class=\"ur-form-grid\">\n\t\t\t\t\t\t\t\t\t\t\t\t<div\n\t\t\t\t\tclass=\" user-registration-form-row user-registration-form-row--wide form-row form-row-wide\"\n\t\t\t\t\tdata-field=\"username\">\n\t\t\t\t\t<label for=\"username\">Kullan\u0131c\u0131 ad\u0131 veya E-posta <span class=\"required\">*<\/span><\/label>\t\t\t\t\t<span class=\"input-wrapper\">\n\t\t\t\t\t\t<input placeholder=\"\" type=\"text\"\n\t\t\t\t\t\t\t\tclass=\"user-registration-Input user-registration-Input--text input-text\" name=\"username\"\n\t\t\t\t\t\t\t\tid=\"username\"\n\t\t\t\t\t\t\t   value=\"\"\n\t\t\t\t\t\t\t\tstyle=\"\"\n\t\t\t\t\t\t\t\t\t\t\t\t\t\t\/>\n\t\t\t\t\t\t\t\t\t\t\t\t<\/span>\n\t\t\t\t<\/div>\n\t\t\t\t\t\t\t\t\t<div\n\t\t\t\t\t\tclass=\" user-registration-form-row user-registration-form-row--wide form-row form-row-wide hide_show_password\"\n\t\t\t\t\t\tdata-field=\"password\">\n\t\t\t\t\t\t<label for=\"password\">\u015eifre <span class=\"required\">*<\/span><\/label>\t\t\t\t\t\t<span class=\"input-wrapper\">\n\t\t\t\t\t\t<span class=\"password-input-group\">\n\t\t\t\t\t\t<input\n\t\t\t\t\t\t\tplaceholder=\"\"\n\t\t\t\t\t\t\tclass=\"user-registration-Input user-registration-Input--text input-text\" type=\"password\"\n\t\t\t\t\t\t\tname=\"password\" id=\"password\"\n\t\t\t\t\t\t\tstyle=\"\"\n\t\t\t\t\t\t\t\t\t\t\t\t\t\/>\n\n\t\t\t\t\t\t\t\t\t\t\t\t<a href=\"javaScript:void(0)\" class=\"password_preview dashicons dashicons-hidden\"\n\t\t\t\t\t\t\ttitle=\"Show password\"><\/a>\n\t\t\t\t\t\t<\/span>\n\t\t\t\t\t\t\t\t\t\t\t\t\t\t\t\t\t\t\t\t<\/span>\n\t\t\t\t\t<\/div>\n\t\t\t\t\t\t\t\t\n\t\t\t\t\t\t\t\t<div class=\"form-row\">\n\t\t\t\t\t<input type=\"hidden\" id=\"user-registration-login-nonce\" name=\"user-registration-login-nonce\" value=\"cd2a304035\" \/><input type=\"hidden\" name=\"_wp_http_referer\" value=\"\/de\/wp-json\/wp\/v2\/pages\/9607\" \/>\t\t\t\t\t\t<div class=\"user-registration-before-login-btn\">\n\t\t\t\t\t\t\t\t\t\t\t\t\t\t\t<div class=\"\" data-field=\"remember-me\">\n\t\t\t\t\t\t\t\t\t<label\n\t\t\t\t\t\t\t\t\t\tclass=\"user-registration-form__label user-registration-form__label-for-checkbox inline\">\n\t\t\t\t\t\t\t\t\t\t<input\n\t\t\t\t\t\t\t\t\t\t\tclass=\"user-registration-form__input user-registration-form__input-checkbox\"\n\t\t\t\t\t\t\t\t\t\t\tname=\"rememberme\" type=\"checkbox\" id=\"rememberme\" value=\"forever\"\n\t\t\t\t\t\t\t\t\t\t\t\t\t\t\t\t\t\t\t\t\t\/>\n\t\t\t\t\t\t\t\t\t\t<span>Beni Hat\u0131rla<\/span>\n\t\t\t\t\t\t\t\t\t<\/label>\n\t\t\t\t\t\t\t\t<\/div>\n\t\t\t\t\t\t\t\t\t\t\t\t\t\t\t\t\t\t\t\t\t\t\t<div data-field=\"lost-password\"\n\t\t\t\t\t\t\t\t\tclass=\"user-registration-LostPassword lost_password \">\n\t\t\t\t\t\t\t\t\t<label\n\t\t\t\t\t\t\t\t\t\tclass=\"user-registration-form__label user-registration-form__label-for-checkbox inline\">\n\t\t\t\t\t\t\t\t\t\t<a href=\"https:\/\/ceoparts.com\/de\/my-account-2\/lost-password\/\">\u015eifrenizi mi unuttunuz?<\/a>\n\t\t\t\t\t\t\t\t\t<\/label>\n\t\t\t\t\t\t\t\t<\/div>\n\t\t\t\t\t\t\t\t\t\t\t\t\t\t<\/div>\n\t\t\t\t\t\t\t\t\t\t<\/div>\n\t\t\t\t<div data-field=\"login-button\" class=\"\">\n\t\t\t\t\t\t\t\t\t\t\t\t\t\t\t\t<button type=\"submit\"\n\t\t\t\t\t\t\t\tclass=\"user-registration-Button button ur-submit-button  \"\n\t\t\t\t\t\t\t\tname=\"login\"\n\t\t\t\t\t\t\t\tvalue=\"Giri\u015f yapmak\">Giri\u015f yapmak<\/button>\n\t\t\t\t\t\t\t\t\t<\/div>\n\t\t\t\t<input type=\"hidden\" name=\"redirect\"\n\t\t\t\t\t\tvalue=\"\"\/>\n\t\t\t\t<input type=\"hidden\" name=\"previous_page\" value=\"\"\/>\n\t\t\t\t\t\t\t\t\t\t\t<\/div>\n\t\t<\/div>\n\t<\/form>\n<\/div>\n\n<\/div>\n","protected":false},"excerpt":{"rendered":"Kullan\u0131c\u0131 ad\u0131 veya E-posta * \u015eifre * Beni Hat\u0131rla \u015eifrenizi mi unuttunuz? Giri\u015f yapmak","protected":false},"author":1,"featured_media":0,"parent":0,"menu_order":0,"comment_status":"closed","ping_status":"closed","template":"","meta":{"footnotes":""},"class_list":["post-9607","page","type-page","status-publish","hentry"],"_links":{"self":[{"href":"https:\/\/ceoparts.com\/de\/wp-json\/wp\/v2\/pages\/9607","targetHints":{"allow":["GET"]}}],"collection":[{"href":"https:\/\/ceoparts.com\/de\/wp-json\/wp\/v2\/pages"}],"about":[{"href":"https:\/\/ceoparts.com\/de\/wp-json\/wp\/v2\/types\/page"}],"author":[{"embeddable":true,"href":"https:\/\/ceoparts.com\/de\/wp-json\/wp\/v2\/users\/1"}],"replies":[{"embeddable":true,"href":"https:\/\/ceoparts.com\/de\/wp-json\/wp\/v2\/comments?post=9607"}],"version-history":[{"count":0,"href":"https:\/\/ceoparts.com\/de\/wp-json\/wp\/v2\/pages\/9607\/revisions"}],"wp:attachment":[{"href":"https:\/\/ceoparts.com\/de\/wp-json\/wp\/v2\/media?parent=9607"}],"curies":[{"name":"wp","href":"https:\/\/api.w.org\/{rel}","templated":true}]}}