{"id":10022,"date":"2024-09-09T13:06:35","date_gmt":"2024-09-09T10:06:35","guid":{"rendered":"https:\/\/ceoparts.com\/?post_type=product&#038;p=10022"},"modified":"2026-05-16T14:58:32","modified_gmt":"2026-05-16T11:58:32","slug":"85x60-65-17-ceoparts-yuk-tekeri","status":"publish","type":"product","link":"https:\/\/ceoparts.com\/de\/urun\/85x60-65-17-ceoparts-yuk-tekeri\/","title":{"rendered":"85&#215;60\/65-17 Ceoparts Lastrad &#8211; 4192465"},"content":{"rendered":"<p>85&#215;60\/65-17 Ceoparts Lastrad &#8211; 4192465<\/p>","protected":false},"excerpt":{"rendered":"<p data-start=\"120\" data-end=\"570\"><br data-start=\"1671\" data-end=\"1674\" \/>Das <strong>85&#215;60\/65-17<\/strong><strong data-start=\"1678\" data-end=\"1737\"> Ceoparts Lastrolle <\/strong>\u00a0ist speziell f\u00fcr Gabelstapler und Baumaschinen entwickelt und bietet hohe Tragf\u00e4higkeit und Haltbarkeit. Die Kombination aus hochwertigem Gummi und verst\u00e4rktem Metallk\u00f6rper sorgt f\u00fcr eine lange Lebensdauer unter rauen Bedingungen. Es verbessert die Maschineneffizienz und reduziert Vibrationen zur Unterst\u00fctzung des Bedienkomforts. Einfach zu warten und eine wichtige Komponente f\u00fcr die Arbeitssicherheit.<\/p>\n<p data-start=\"2145\" data-end=\"2497\"><strong data-start=\"2145\" data-end=\"2162\">Eigenschaften<\/strong><br data-start=\"2162\" data-end=\"2165\" \/><strong data-start=\"2165\" data-end=\"2181\">Produktname:<\/strong> Lastrolle<br data-start=\"2231\" data-end=\"2234\" \/><strong data-start=\"2234\" data-end=\"2247\">Material:<\/strong> Robuster Gummi, verst\u00e4rkter Metallk\u00f6rper<br data-start=\"2288\" data-end=\"2291\" \/><strong data-start=\"2291\" data-end=\"2313\">Anwendungsbereich:<\/strong> Lastentragendes System f\u00fcr Gabelstapler und Baumaschinen<br data-start=\"2370\" data-end=\"2373\" \/><strong data-start=\"2373\" data-end=\"2385\">Vorteil:<\/strong> Hohe Verschlei\u00dffestigkeit, lange Lebensdauer, Vibrationsreduzierung, einfache Wartung, verbesserte Stabilit\u00e4t<\/p>\n<p data-start=\"2499\" data-end=\"2955\">\n","protected":false},"featured_media":15970,"template":"","meta":[],"product_brand":[],"product_cat":[259,398,400,256],"product_tag":[],"class_list":{"0":"post-10022","1":"product","2":"type-product","3":"status-publish","4":"has-post-thumbnail","6":"product_cat-catal-tekeri-hyster","7":"product_cat-catal-tekeri-ceo","8":"product_cat-catal-tekeri","9":"product_cat-hyster","11":"first","12":"instock","13":"taxable","14":"shipping-taxable","15":"purchasable","16":"product-type-simple"},"_links":{"self":[{"href":"https:\/\/ceoparts.com\/de\/wp-json\/wp\/v2\/product\/10022","targetHints":{"allow":["GET"]}}],"collection":[{"href":"https:\/\/ceoparts.com\/de\/wp-json\/wp\/v2\/product"}],"about":[{"href":"https:\/\/ceoparts.com\/de\/wp-json\/wp\/v2\/types\/product"}],"wp:featuredmedia":[{"embeddable":true,"href":"https:\/\/ceoparts.com\/de\/wp-json\/wp\/v2\/media\/15970"}],"wp:attachment":[{"href":"https:\/\/ceoparts.com\/de\/wp-json\/wp\/v2\/media?parent=10022"}],"wp:term":[{"taxonomy":"product_brand","embeddable":true,"href":"https:\/\/ceoparts.com\/de\/wp-json\/wp\/v2\/product_brand?post=10022"},{"taxonomy":"product_cat","embeddable":true,"href":"https:\/\/ceoparts.com\/de\/wp-json\/wp\/v2\/product_cat?post=10022"},{"taxonomy":"product_tag","embeddable":true,"href":"https:\/\/ceoparts.com\/de\/wp-json\/wp\/v2\/product_tag?post=10022"}],"curies":[{"name":"wp","href":"https:\/\/api.w.org\/{rel}","templated":true}]}}