{"id":10026,"date":"2024-09-09T13:40:35","date_gmt":"2024-09-09T10:40:35","guid":{"rendered":"https:\/\/ceoparts.com\/?post_type=product&#038;p=10026"},"modified":"2026-05-16T13:14:09","modified_gmt":"2026-05-16T10:14:09","slug":"85x74-76-12-wicke-yuk-tekeri","status":"publish","type":"product","link":"https:\/\/ceoparts.com\/de\/urun\/85x74-76-12-wicke-yuk-tekeri\/","title":{"rendered":"85\u00d774\/76-13 Wicke Lastrad &#8211; 220212"},"content":{"rendered":"<p>85\u00d774\/76-13 Wicke Lastrad &#8211; 220212<\/p>","protected":false},"excerpt":{"rendered":"<p data-start=\"223\" data-end=\"885\"><br data-start=\"2198\" data-end=\"2201\" \/>Das <strong data-start=\"2205\" data-end=\"2244\">85\u00d774\/76-13 Wicke Last-Rad \u2013 220212<\/strong> ist speziell f\u00fcr Gabelstapler entwickelt und bietet au\u00dfergew\u00f6hnliche Haltbarkeit und Leistung. Hergestellt aus hochwertigem Gummimaterial, widersteht dieses Last-Rad selbst unter schweren Lasten Verformungen. Sein verst\u00e4rkter Metallkern sorgt f\u00fcr strukturelle Integrit\u00e4t und minimiert Vibrationen w\u00e4hrend des Betriebs, was den Bedienkomfort erh\u00f6ht. Es gew\u00e4hrleistet eine zuverl\u00e4ssige Fahrleistung des Gabelstaplers bei langen Arbeitszeiten und senkt die Wartungskosten. Die verschlei\u00dffeste und robuste Konstruktion zeigt hervorragende Leistungen unter rauen Bedingungen und steigert somit die Effizienz und Betriebszeit des Gabelstaplers.<\/p>\n<p data-start=\"2885\" data-end=\"3230\"><strong data-start=\"2885\" data-end=\"2902\">Eigenschaften<\/strong><br data-start=\"2902\" data-end=\"2905\" \/><strong data-start=\"2905\" data-end=\"2921\">Produktname:<\/strong> Last-Rad<br data-start=\"2930\" data-end=\"2933\" \/><strong data-start=\"2933\" data-end=\"2949\">Teilenummer:<\/strong> 220212<br data-start=\"2956\" data-end=\"2959\" \/><strong data-start=\"2959\" data-end=\"2972\">Material:<\/strong> Hochbelastbarer Gummi, verst\u00e4rkter Metallkern<br data-start=\"3018\" data-end=\"3021\" \/><strong data-start=\"3021\" data-end=\"3043\">Anwendungsbereich:<\/strong> Fahrwerkssystem f\u00fcr Gabelstapler, besonders bei schweren Lasten<br data-start=\"3107\" data-end=\"3110\" \/><strong data-start=\"3110\" data-end=\"3122\">Vorteil:<\/strong> Hohe Verschlei\u00dffestigkeit, lange Lebensdauer, Vibrationsreduzierung, einfache Wartung, hohe Tragf\u00e4higkeit<\/p>\n<p data-start=\"3232\" data-end=\"3854\">\n","protected":false},"featured_media":15549,"template":"","meta":[],"product_brand":[],"product_cat":[400,402],"product_tag":[],"class_list":{"0":"post-10026","1":"product","2":"type-product","3":"status-publish","4":"has-post-thumbnail","6":"product_cat-catal-tekeri","7":"product_cat-catal-tekeri-wicke","9":"first","10":"instock","11":"taxable","12":"shipping-taxable","13":"purchasable","14":"product-type-simple"},"_links":{"self":[{"href":"https:\/\/ceoparts.com\/de\/wp-json\/wp\/v2\/product\/10026","targetHints":{"allow":["GET"]}}],"collection":[{"href":"https:\/\/ceoparts.com\/de\/wp-json\/wp\/v2\/product"}],"about":[{"href":"https:\/\/ceoparts.com\/de\/wp-json\/wp\/v2\/types\/product"}],"wp:featuredmedia":[{"embeddable":true,"href":"https:\/\/ceoparts.com\/de\/wp-json\/wp\/v2\/media\/15549"}],"wp:attachment":[{"href":"https:\/\/ceoparts.com\/de\/wp-json\/wp\/v2\/media?parent=10026"}],"wp:term":[{"taxonomy":"product_brand","embeddable":true,"href":"https:\/\/ceoparts.com\/de\/wp-json\/wp\/v2\/product_brand?post=10026"},{"taxonomy":"product_cat","embeddable":true,"href":"https:\/\/ceoparts.com\/de\/wp-json\/wp\/v2\/product_cat?post=10026"},{"taxonomy":"product_tag","embeddable":true,"href":"https:\/\/ceoparts.com\/de\/wp-json\/wp\/v2\/product_tag?post=10026"}],"curies":[{"name":"wp","href":"https:\/\/api.w.org\/{rel}","templated":true}]}}