{"id":10046,"date":"2024-09-09T15:40:19","date_gmt":"2024-09-09T12:40:19","guid":{"rendered":"https:\/\/ceoparts.com\/?post_type=product&#038;p=10046"},"modified":"2026-05-16T17:05:08","modified_gmt":"2026-05-16T14:05:08","slug":"85x74-76-25-ceoparts-yuk-tekeri","status":"publish","type":"product","link":"https:\/\/ceoparts.com\/de\/urun\/85x74-76-25-ceoparts-yuk-tekeri\/","title":{"rendered":"85&#215;74\/76-25 Ceoparts Lastrad"},"content":{"rendered":"<p>85&#215;74\/76-25 Ceoparts Lastrad<\/p>","protected":false},"excerpt":{"rendered":"<p data-start=\"105\" data-end=\"1026\"><br data-start=\"1963\" data-end=\"1966\" \/>Das 85\u00d774\/76-25 Ceoparts Lastenrad ist ein kompaktes Rad, das f\u00fcr hohe Wendigkeit und Tragf\u00e4higkeit in engen Bereichen entwickelt wurde. Mit 85 mm Durchmesser, 74\/76 mm Breite und 25 mm Bohrung sorgt es f\u00fcr Stabilit\u00e4t und sicheres Fahren bei Gabelstaplern und Stapelsystemen. Die widerstandsf\u00e4hige Polyurethan-Beschichtung von Ceoparts ist bodenschonend, ger\u00e4uscharm und hinterl\u00e4sst keine Spuren. Ideal f\u00fcr Beton-, Epoxid- und Fliesenb\u00f6den \u2013 hohe Bodenhaftung verhindert Rutschen. Langlebig, sto\u00dffest und wartungsarm \u2013 perfekt f\u00fcr Lager, Produktion und Logistik.<br data-start=\"2528\" data-end=\"2531\" \/><strong data-start=\"2531\" data-end=\"2549\">Eigenschaften:<\/strong><br data-start=\"2549\" data-end=\"2552\" \/><strong data-start=\"2552\" data-end=\"2568\">Produktname:<\/strong> 85\u00d774\/76-25 Ceoparts Lastenrad<br data-start=\"2599\" data-end=\"2602\" \/><strong data-start=\"2602\" data-end=\"2615\">Material:<\/strong> Hochdichtes Polyurethan, Metallk\u00f6rper<br data-start=\"2653\" data-end=\"2656\" \/><strong data-start=\"2656\" data-end=\"2675\">Einsatzbereich:<\/strong> Gabelstapler, Palettenhubwagen, Stapel- und Transportsysteme<br data-start=\"2736\" data-end=\"2739\" \/><strong data-start=\"2739\" data-end=\"2751\">Vorteil:<\/strong> Abrieb- und sto\u00dffest, leiser Betrieb, bodenschonend, langlebig<\/p>\n<p data-start=\"2818\" data-end=\"3656\">\n","protected":false},"featured_media":15437,"template":"","meta":[],"product_brand":[],"product_cat":[398,400],"product_tag":[],"class_list":{"0":"post-10046","1":"product","2":"type-product","3":"status-publish","4":"has-post-thumbnail","6":"product_cat-catal-tekeri-ceo","7":"product_cat-catal-tekeri","9":"first","10":"instock","11":"taxable","12":"shipping-taxable","13":"purchasable","14":"product-type-simple"},"_links":{"self":[{"href":"https:\/\/ceoparts.com\/de\/wp-json\/wp\/v2\/product\/10046","targetHints":{"allow":["GET"]}}],"collection":[{"href":"https:\/\/ceoparts.com\/de\/wp-json\/wp\/v2\/product"}],"about":[{"href":"https:\/\/ceoparts.com\/de\/wp-json\/wp\/v2\/types\/product"}],"wp:featuredmedia":[{"embeddable":true,"href":"https:\/\/ceoparts.com\/de\/wp-json\/wp\/v2\/media\/15437"}],"wp:attachment":[{"href":"https:\/\/ceoparts.com\/de\/wp-json\/wp\/v2\/media?parent=10046"}],"wp:term":[{"taxonomy":"product_brand","embeddable":true,"href":"https:\/\/ceoparts.com\/de\/wp-json\/wp\/v2\/product_brand?post=10046"},{"taxonomy":"product_cat","embeddable":true,"href":"https:\/\/ceoparts.com\/de\/wp-json\/wp\/v2\/product_cat?post=10046"},{"taxonomy":"product_tag","embeddable":true,"href":"https:\/\/ceoparts.com\/de\/wp-json\/wp\/v2\/product_tag?post=10046"}],"curies":[{"name":"wp","href":"https:\/\/api.w.org\/{rel}","templated":true}]}}