{"id":10054,"date":"2024-09-09T15:49:36","date_gmt":"2024-09-09T12:49:36","guid":{"rendered":"https:\/\/ceoparts.com\/?post_type=product&#038;p=10054"},"modified":"2026-05-16T18:40:27","modified_gmt":"2026-05-16T15:40:27","slug":"85x90-95-12-wicke-yuk-tekeri","status":"publish","type":"product","link":"https:\/\/ceoparts.com\/de\/urun\/85x90-95-12-wicke-yuk-tekeri\/","title":{"rendered":"85&#215;90\/95-12 Wicke Lastrad &#8211; 1590995"},"content":{"rendered":"<p>85&#215;90\/95-12 Wicke Lastrad &#8211; 1590995<\/p>\n<p>85&#215;90\/95-12 580059476<\/p>\n<p>Hyster\/Yale<\/p>\n<p>Hyster P2.0S Seria: C439X<\/p>\n<p>Hyster P1,6 Seria A418<\/p>","protected":false},"excerpt":{"rendered":"<p data-start=\"121\" data-end=\"1113\"><br data-start=\"2077\" data-end=\"2080\" \/>Das 85\u00d790\/95-12 Wicke Lastenrad ist ein hochwertiges Lastenrad, das speziell f\u00fcr schwere Transporte und Man\u00f6ver auf engem Raum entwickelt wurde. Mit 85 mm Breite, 90\/95 mm Durchmesser und 12 mm Bohrung sorgt dieses Modell f\u00fcr Maschinenstabilit\u00e4t sowie einen leisen und sicheren Betrieb bei Gabelstaplern, Hubwagen und Staplern. Die hochwertige Polyurethan-Beschichtung von Wicke bietet eine hohe Abriebfestigkeit und schont den Boden. Sie hinterl\u00e4sst keine Spuren auf Beton-, Epoxid- oder Parkettb\u00f6den und reduziert das Rutschrisiko. Ideal f\u00fcr Lager, Produktion und Logistik \u2013 langlebig, leise und vibrationsarm.<br data-start=\"2692\" data-end=\"2695\" \/><strong data-start=\"2695\" data-end=\"2713\">Eigenschaften:<\/strong><br data-start=\"2713\" data-end=\"2716\" \/><strong data-start=\"2716\" data-end=\"2732\">Produktname:<\/strong> 85\u00d790\/95-12 Wicke Lastenrad<br data-start=\"2760\" data-end=\"2763\" \/><strong data-start=\"2763\" data-end=\"2779\">Teilenummer:<\/strong> 1590995<br data-start=\"2787\" data-end=\"2790\" \/><strong data-start=\"2790\" data-end=\"2803\">Material:<\/strong> Hochdichtes Polyurethan, Metallk\u00f6rper<br data-start=\"2841\" data-end=\"2844\" \/><strong data-start=\"2844\" data-end=\"2863\">Einsatzbereich:<\/strong> Gabelstapler, Hubwagen und Stapler<br data-start=\"2898\" data-end=\"2901\" \/><strong data-start=\"2901\" data-end=\"2913\">Vorteil:<\/strong> Abrieb- und sto\u00dffest, leiser und sicherer Lauf, lange Lebensdauer, bodenschonend<\/p>\n<p data-start=\"2998\" data-end=\"3928\">\n","protected":false},"featured_media":15503,"template":"","meta":[],"product_brand":[],"product_cat":[256,259,400,402],"product_tag":[],"class_list":{"0":"post-10054","1":"product","2":"type-product","3":"status-publish","4":"has-post-thumbnail","6":"product_cat-hyster","7":"product_cat-catal-tekeri-hyster","8":"product_cat-catal-tekeri","9":"product_cat-catal-tekeri-wicke","11":"first","12":"instock","13":"taxable","14":"shipping-taxable","15":"purchasable","16":"product-type-simple"},"_links":{"self":[{"href":"https:\/\/ceoparts.com\/de\/wp-json\/wp\/v2\/product\/10054","targetHints":{"allow":["GET"]}}],"collection":[{"href":"https:\/\/ceoparts.com\/de\/wp-json\/wp\/v2\/product"}],"about":[{"href":"https:\/\/ceoparts.com\/de\/wp-json\/wp\/v2\/types\/product"}],"wp:featuredmedia":[{"embeddable":true,"href":"https:\/\/ceoparts.com\/de\/wp-json\/wp\/v2\/media\/15503"}],"wp:attachment":[{"href":"https:\/\/ceoparts.com\/de\/wp-json\/wp\/v2\/media?parent=10054"}],"wp:term":[{"taxonomy":"product_brand","embeddable":true,"href":"https:\/\/ceoparts.com\/de\/wp-json\/wp\/v2\/product_brand?post=10054"},{"taxonomy":"product_cat","embeddable":true,"href":"https:\/\/ceoparts.com\/de\/wp-json\/wp\/v2\/product_cat?post=10054"},{"taxonomy":"product_tag","embeddable":true,"href":"https:\/\/ceoparts.com\/de\/wp-json\/wp\/v2\/product_tag?post=10054"}],"curies":[{"name":"wp","href":"https:\/\/api.w.org\/{rel}","templated":true}]}}