{"id":10204,"date":"2024-09-12T14:08:13","date_gmt":"2024-09-12T11:08:13","guid":{"rendered":"https:\/\/ceoparts.com\/?post_type=product&#038;p=10204"},"modified":"2026-05-16T16:18:18","modified_gmt":"2026-05-16T13:18:18","slug":"85x65-70-17-wicke-yuk-tekeri","status":"publish","type":"product","link":"https:\/\/ceoparts.com\/de\/urun\/85x65-70-17-wicke-yuk-tekeri\/","title":{"rendered":"85&#215;66\/70-17 Wicke Lastrad &#8211; 1531785 , 580038706"},"content":{"rendered":"<p>85&#215;66\/70-17 Wicke Lastrad &#8211; 1531785 , 580038706<\/p>\n<p>Yale 580038706<\/p>\n<p>Hyster 1531785<\/p>\n<p>85&#215;66\/70-17<\/p>","protected":false},"excerpt":{"rendered":"<p data-start=\"113\" data-end=\"636\"><br data-start=\"1837\" data-end=\"1840\" \/>Das <strong data-start=\"1844\" data-end=\"1875\">85\u00d766\/70-17 Wicke Lastrolle<\/strong> ist eine speziell entwickelte Lastrolle, die hohe Haltbarkeit und Leistung f\u00fcr Gabelstapler und Baumaschinen bietet. Mit einer Breite von 85 mm und einem Durchmesser zwischen 66-70 mm sorgt sie f\u00fcr eine stabile Bewegung Ihrer Maschine und sicheren Transport schwerer Lasten. Dank des hochwertigen Gummimaterials von Wicke garantiert sie hohe Abriebfestigkeit und lange Lebensdauer. Die Gummiau\u00dfenschicht reduziert Vibrationen und erh\u00f6ht den Bedienkomfort. Einfach zu installieren mit einem robusten Metallk\u00f6rper verbessert sie die Arbeitseffizienz.<\/p>\n<p data-start=\"2426\" data-end=\"2780\"><strong data-start=\"2426\" data-end=\"2443\">Eigenschaften<\/strong><br data-start=\"2443\" data-end=\"2446\" \/><strong data-start=\"2446\" data-end=\"2462\">Produktname:<\/strong> Wicke Lastrolle<br data-start=\"2478\" data-end=\"2481\" \/><strong data-start=\"2481\" data-end=\"2498\">Teilenummern:<\/strong> 1531785, 580038706<br data-start=\"2517\" data-end=\"2520\" \/><strong data-start=\"2520\" data-end=\"2530\">Gr\u00f6\u00dfe:<\/strong> 85\u00d766\/70-17<br data-start=\"2542\" data-end=\"2545\" \/><strong data-start=\"2545\" data-end=\"2558\">Material:<\/strong> Strapazierf\u00e4higer Gummi, Metallk\u00f6rper<br data-start=\"2596\" data-end=\"2599\" \/><strong data-start=\"2599\" data-end=\"2621\">Anwendungsbereich:<\/strong> Lastentr\u00e4gersystem f\u00fcr Gabelstapler und Baumaschinen<br data-start=\"2674\" data-end=\"2677\" \/><strong data-start=\"2677\" data-end=\"2689\">Vorteil:<\/strong> Hohe Haltbarkeit, Vibrationsreduzierung, lange Lebensdauer, einfache Montage, Stabilit\u00e4t<\/p>\n<p data-start=\"2782\" data-end=\"3382\">\n","protected":false},"featured_media":15979,"template":"","meta":[],"product_brand":[],"product_cat":[256,259,400,401,402],"product_tag":[],"class_list":{"0":"post-10204","1":"product","2":"type-product","3":"status-publish","4":"has-post-thumbnail","6":"product_cat-hyster","7":"product_cat-catal-tekeri-hyster","8":"product_cat-catal-tekeri","9":"product_cat-wicke","10":"product_cat-catal-tekeri-wicke","12":"first","13":"instock","14":"taxable","15":"shipping-taxable","16":"purchasable","17":"product-type-simple"},"_links":{"self":[{"href":"https:\/\/ceoparts.com\/de\/wp-json\/wp\/v2\/product\/10204","targetHints":{"allow":["GET"]}}],"collection":[{"href":"https:\/\/ceoparts.com\/de\/wp-json\/wp\/v2\/product"}],"about":[{"href":"https:\/\/ceoparts.com\/de\/wp-json\/wp\/v2\/types\/product"}],"wp:featuredmedia":[{"embeddable":true,"href":"https:\/\/ceoparts.com\/de\/wp-json\/wp\/v2\/media\/15979"}],"wp:attachment":[{"href":"https:\/\/ceoparts.com\/de\/wp-json\/wp\/v2\/media?parent=10204"}],"wp:term":[{"taxonomy":"product_brand","embeddable":true,"href":"https:\/\/ceoparts.com\/de\/wp-json\/wp\/v2\/product_brand?post=10204"},{"taxonomy":"product_cat","embeddable":true,"href":"https:\/\/ceoparts.com\/de\/wp-json\/wp\/v2\/product_cat?post=10204"},{"taxonomy":"product_tag","embeddable":true,"href":"https:\/\/ceoparts.com\/de\/wp-json\/wp\/v2\/product_tag?post=10204"}],"curies":[{"name":"wp","href":"https:\/\/api.w.org\/{rel}","templated":true}]}}