{"id":10206,"date":"2024-09-12T14:14:59","date_gmt":"2024-09-12T11:14:59","guid":{"rendered":"https:\/\/ceoparts.com\/?post_type=product&#038;p=10206"},"modified":"2026-05-16T07:32:17","modified_gmt":"2026-05-16T04:32:17","slug":"85x100-102-17-wicke-yuk-tekeri","status":"publish","type":"product","link":"https:\/\/ceoparts.com\/de\/urun\/85x100-102-17-wicke-yuk-tekeri\/","title":{"rendered":"85&#215;100\/102-17 Wicke Lastrad -167599 , 225152"},"content":{"rendered":"<p>85&#215;100\/102-17 Wicke Lastrad -167599 , 225152<\/p>\n<p>BT 167599, 225152, 119991, 129929,129930<\/p>\n<p>BT L2000<br \/>\nBT L23<br \/>\nBT LWE 180<br \/>\nBT LWE 200<br \/>\nBT PPT 1400<br \/>\nBT PPT1600<br \/>\nBT PPT1800<br \/>\nBT PPT2000<br \/>\nBT W18 ORION<br \/>\nBT W20<\/p>","protected":false},"excerpt":{"rendered":"<p data-start=\"111\" data-end=\"634\"><br data-start=\"1829\" data-end=\"1832\" \/>Das <strong data-start=\"1836\" data-end=\"1869\">85\u00d7100\/102-17 Wicke Lastrolle<\/strong> ist eine speziell entwickelte Lastrolle, die hohe Haltbarkeit und Leistung f\u00fcr Gabelstapler und Baumaschinen bietet. Mit einer Breite von 85 mm und einem Durchmesser von 100-102 mm unterst\u00fctzt sie eine stabile und sichere Bewegung Ihrer Maschine. Hergestellt mit Wicke-Qualit\u00e4t bietet dieses Rad eine langlebige Gummibeschichtung und einen robusten Metallk\u00f6rper, der eine hohe Abriebfestigkeit gew\u00e4hrleistet. Es reduziert Vibrationen zur Erh\u00f6hung des Bedienkomforts und h\u00e4lt harten Arbeitsbedingungen stand. Einfach zu installieren, steigert es die Arbeitseffizienz.<\/p>\n<p data-start=\"2438\" data-end=\"2790\"><strong data-start=\"2438\" data-end=\"2455\">Eigenschaften<\/strong><br data-start=\"2455\" data-end=\"2458\" \/><strong data-start=\"2458\" data-end=\"2474\">Produktname:<\/strong> Wicke Lastrolle<br data-start=\"2490\" data-end=\"2493\" \/><strong data-start=\"2493\" data-end=\"2510\">Teilenummern:<\/strong> 167599, 225152<br data-start=\"2525\" data-end=\"2528\" \/><strong data-start=\"2528\" data-end=\"2538\">Gr\u00f6\u00dfe:<\/strong> 85\u00d7100\/102-17<br data-start=\"2552\" data-end=\"2555\" \/><strong data-start=\"2555\" data-end=\"2568\">Material:<\/strong> Strapazierf\u00e4higer Gummi, Metallk\u00f6rper<br data-start=\"2606\" data-end=\"2609\" \/><strong data-start=\"2609\" data-end=\"2631\">Anwendungsbereich:<\/strong> Lastentr\u00e4gersystem f\u00fcr Gabelstapler und Baumaschinen<br data-start=\"2684\" data-end=\"2687\" \/><strong data-start=\"2687\" data-end=\"2699\">Vorteil:<\/strong> Hohe Haltbarkeit, Vibrationsreduzierung, lange Lebensdauer, einfache Montage, Stabilit\u00e4t<\/p>\n<p data-start=\"2792\" data-end=\"3380\">\n","protected":false},"featured_media":15555,"template":"","meta":[],"product_brand":[],"product_cat":[402,251,253,400,401],"product_tag":[],"class_list":{"0":"post-10206","1":"product","2":"type-product","3":"status-publish","4":"has-post-thumbnail","6":"product_cat-catal-tekeri-wicke","7":"product_cat-bt","8":"product_cat-catal-tekeri-bt","9":"product_cat-catal-tekeri","10":"product_cat-wicke","12":"first","13":"instock","14":"taxable","15":"shipping-taxable","16":"purchasable","17":"product-type-simple"},"_links":{"self":[{"href":"https:\/\/ceoparts.com\/de\/wp-json\/wp\/v2\/product\/10206","targetHints":{"allow":["GET"]}}],"collection":[{"href":"https:\/\/ceoparts.com\/de\/wp-json\/wp\/v2\/product"}],"about":[{"href":"https:\/\/ceoparts.com\/de\/wp-json\/wp\/v2\/types\/product"}],"wp:featuredmedia":[{"embeddable":true,"href":"https:\/\/ceoparts.com\/de\/wp-json\/wp\/v2\/media\/15555"}],"wp:attachment":[{"href":"https:\/\/ceoparts.com\/de\/wp-json\/wp\/v2\/media?parent=10206"}],"wp:term":[{"taxonomy":"product_brand","embeddable":true,"href":"https:\/\/ceoparts.com\/de\/wp-json\/wp\/v2\/product_brand?post=10206"},{"taxonomy":"product_cat","embeddable":true,"href":"https:\/\/ceoparts.com\/de\/wp-json\/wp\/v2\/product_cat?post=10206"},{"taxonomy":"product_tag","embeddable":true,"href":"https:\/\/ceoparts.com\/de\/wp-json\/wp\/v2\/product_tag?post=10206"}],"curies":[{"name":"wp","href":"https:\/\/api.w.org\/{rel}","templated":true}]}}