{"id":10214,"date":"2024-09-12T14:56:53","date_gmt":"2024-09-12T11:56:53","guid":{"rendered":"https:\/\/ceoparts.com\/?post_type=product&#038;p=10214"},"modified":"2026-05-16T17:12:24","modified_gmt":"2026-05-16T14:12:24","slug":"85x90-83-20-wicke-yuk-tekeri","status":"publish","type":"product","link":"https:\/\/ceoparts.com\/de\/urun\/85x90-83-20-wicke-yuk-tekeri\/","title":{"rendered":"85&#215;90\/83-20 Wicke Lastrad &#8211; 0009903545"},"content":{"rendered":"<p>85&#215;90\/83-20 Wicke Lastrad &#8211; 0009903545<\/p>","protected":false},"excerpt":{"rendered":"<p data-start=\"105\" data-end=\"594\"><br data-start=\"1722\" data-end=\"1725\" \/>Das <strong data-start=\"1729\" data-end=\"1760\">85\u00d790\/83-20 Wicke Lastrolle<\/strong> ist eine langlebige, leistungsstarke Lastrolle, die f\u00fcr Gabelstapler und Baumaschinen entwickelt wurde. Mit einer Breite von 85 mm und einem Durchmesser von 90 mm sowie einer Montagebreite von 83 mm sorgt sie f\u00fcr eine ausgewogene und sichere Bewegung Ihrer Maschine. Hergestellt mit Wicke-Qualit\u00e4t, bietet die Gummiau\u00dfenschicht hohe Abriebfestigkeit und Vibrationsd\u00e4mpfung. Der robuste Metallk\u00f6rper sorgt f\u00fcr zus\u00e4tzliche Haltbarkeit und lange Lebensdauer. Die einfache Montage steigert die Arbeitseffizienz.<\/p>\n<p data-start=\"2270\" data-end=\"2615\"><strong data-start=\"2270\" data-end=\"2287\">Eigenschaften<\/strong><br data-start=\"2287\" data-end=\"2290\" \/><strong data-start=\"2290\" data-end=\"2306\">Produktname:<\/strong> Wicke Lastrolle<br data-start=\"2322\" data-end=\"2325\" \/><strong data-start=\"2325\" data-end=\"2341\">Teilenummer:<\/strong> 0009903545<br data-start=\"2352\" data-end=\"2355\" \/><strong data-start=\"2355\" data-end=\"2365\">Gr\u00f6\u00dfe:<\/strong> 85\u00d790\/83-20<br data-start=\"2377\" data-end=\"2380\" \/><strong data-start=\"2380\" data-end=\"2393\">Material:<\/strong> Strapazierf\u00e4higer Gummi, Metallk\u00f6rper<br data-start=\"2431\" data-end=\"2434\" \/><strong data-start=\"2434\" data-end=\"2456\">Anwendungsbereich:<\/strong> Lastentr\u00e4gersystem f\u00fcr Gabelstapler und Baumaschinen<br data-start=\"2509\" data-end=\"2512\" \/><strong data-start=\"2512\" data-end=\"2524\">Vorteil:<\/strong> Hohe Haltbarkeit, Vibrationsreduzierung, lange Lebensdauer, einfache Montage, Stabilit\u00e4t<\/p>\n<p data-start=\"2617\" data-end=\"3135\">\n","protected":false},"featured_media":15512,"template":"","meta":[],"product_brand":[],"product_cat":[400,402],"product_tag":[],"class_list":{"0":"post-10214","1":"product","2":"type-product","3":"status-publish","4":"has-post-thumbnail","6":"product_cat-catal-tekeri","7":"product_cat-catal-tekeri-wicke","9":"first","10":"instock","11":"taxable","12":"shipping-taxable","13":"purchasable","14":"product-type-simple"},"_links":{"self":[{"href":"https:\/\/ceoparts.com\/de\/wp-json\/wp\/v2\/product\/10214","targetHints":{"allow":["GET"]}}],"collection":[{"href":"https:\/\/ceoparts.com\/de\/wp-json\/wp\/v2\/product"}],"about":[{"href":"https:\/\/ceoparts.com\/de\/wp-json\/wp\/v2\/types\/product"}],"wp:featuredmedia":[{"embeddable":true,"href":"https:\/\/ceoparts.com\/de\/wp-json\/wp\/v2\/media\/15512"}],"wp:attachment":[{"href":"https:\/\/ceoparts.com\/de\/wp-json\/wp\/v2\/media?parent=10214"}],"wp:term":[{"taxonomy":"product_brand","embeddable":true,"href":"https:\/\/ceoparts.com\/de\/wp-json\/wp\/v2\/product_brand?post=10214"},{"taxonomy":"product_cat","embeddable":true,"href":"https:\/\/ceoparts.com\/de\/wp-json\/wp\/v2\/product_cat?post=10214"},{"taxonomy":"product_tag","embeddable":true,"href":"https:\/\/ceoparts.com\/de\/wp-json\/wp\/v2\/product_tag?post=10214"}],"curies":[{"name":"wp","href":"https:\/\/api.w.org\/{rel}","templated":true}]}}