{"id":10224,"date":"2024-09-12T15:15:46","date_gmt":"2024-09-12T12:15:46","guid":{"rendered":"https:\/\/ceoparts.com\/?post_type=product&#038;p=10224"},"modified":"2026-05-16T12:10:19","modified_gmt":"2026-05-16T09:10:19","slug":"85x100-105-25-wicke-yuk-tekeri","status":"publish","type":"product","link":"https:\/\/ceoparts.com\/de\/urun\/85x100-105-25-wicke-yuk-tekeri\/","title":{"rendered":"85&#215;100\/105-25 Wicke Lastrad &#8211; 27631330 , 51064610"},"content":{"rendered":"<p>85&#215;100\/105-25 Wicke Lastrad &#8211; 27631330 , 51064610<\/p>\n<p>Jungheinrich 85&#215;100\/105-25<\/p>\n<p>27631330 50410186, 51064610<\/p>\n<p>EJC 12 &#8211; 5.94 &#8211; 6.94<br \/>\nEJC 12-16 &#8211; 7.96 &#8211; 4.98<br \/>\nEJC 12,5\/15 &#8211; 10,84 &#8211; 4,87<br \/>\nEJC 15 &#8211; 5.87 &#8211; 9.88<br \/>\nEJC 16 &#8211; 11.92 &#8211; 7.93<br \/>\nEJC 220 &#8211; 8.06 &#8211;<br \/>\nEJC-Z 12.5 &#8211; 10.88 &#8211; 12.92<br \/>\nEJC c 12,5\/16 &#8211; 2.85 &#8211; 5.87<br \/>\nEJC c 12,5\/16 &#8211; 2,88 &#8211; 9,88<br \/>\nEJC c 12.5\/16 &#8211; 6.87 &#8211; 1.88<\/p>\n<p>EJG 06-10 &#8211; 12.04 &#8211;<br \/>\nEJG 06-10 (PR) &#8211; 1.98 &#8211; 4.05<\/p>\n<p>EKC 12,5 &#8211; 6,86 &#8211; 12,90<br \/>\nEKC 12,5 \/ 16 &#8211; 1.00 &#8211; 4.04<br \/>\nEKC 12,5 \/ 16 &#8211; 2,95 &#8211; 12,99<br \/>\nEKC 20 &#8211; 5.04 &#8211; 12.04<\/p>\n<p>EKE 20 48V &#8211; 8,94 &#8211; 10,97<\/p>\n<p>ERC 12,5 &#8211; 4,87 &#8211; 6,88<br \/>\nERC 12,5 &#8211; 6,84 &#8211; 7,85<br \/>\nERC 12,5 &#8211; 8,85 &#8211; 3,87<\/p>\n<p>&nbsp;<\/p>","protected":false},"excerpt":{"rendered":"<p data-start=\"115\" data-end=\"642\"><br data-start=\"1826\" data-end=\"1829\" \/>Das <strong data-start=\"1833\" data-end=\"1866\">85\u00d7100\/105-25 Wicke Lastrolle<\/strong> ist eine speziell entwickelte Lastrolle, die Haltbarkeit und hohe Leistung f\u00fcr Gabelstapler und Baumaschinen bietet. Mit einer Breite von 85 mm und einem Durchmesser von 100-105 mm unterst\u00fctzt sie eine stabile und sichere Maschinenbewegung. Hergestellt mit Wicke-Qualit\u00e4t bietet dieses Rad eine langlebige Gummibeschichtung und einen robusten Metallk\u00f6rper f\u00fcr hohe Abriebfestigkeit. Es reduziert Vibrationen zur Verbesserung des Bedienkomforts und h\u00e4lt harten Arbeitsbedingungen stand. Einfache Montage verbessert die Arbeitseffizienz.<\/p>\n<p data-start=\"2404\" data-end=\"2760\"><strong data-start=\"2404\" data-end=\"2421\">Eigenschaften<\/strong><br data-start=\"2421\" data-end=\"2424\" \/><strong data-start=\"2424\" data-end=\"2440\">Produktname:<\/strong> Wicke Lastrolle<br data-start=\"2456\" data-end=\"2459\" \/><strong data-start=\"2459\" data-end=\"2476\">Teilenummern:<\/strong> 27631330, 51064610<br data-start=\"2495\" data-end=\"2498\" \/><strong data-start=\"2498\" data-end=\"2508\">Gr\u00f6\u00dfe:<\/strong> 85\u00d7100\/105-25<br data-start=\"2522\" data-end=\"2525\" \/><strong data-start=\"2525\" data-end=\"2538\">Material:<\/strong> Strapazierf\u00e4higer Gummi, Metallk\u00f6rper<br data-start=\"2576\" data-end=\"2579\" \/><strong data-start=\"2579\" data-end=\"2601\">Anwendungsbereich:<\/strong> Lastentr\u00e4gersystem f\u00fcr Gabelstapler und Baumaschinen<br data-start=\"2654\" data-end=\"2657\" \/><strong data-start=\"2657\" data-end=\"2669\">Vorteil:<\/strong> Hohe Haltbarkeit, Vibrationsreduzierung, lange Lebensdauer, einfache Montage, Stabilit\u00e4t<\/p>\n<p data-start=\"2762\" data-end=\"3338\">\n","protected":false},"featured_media":15579,"template":"","meta":[],"product_brand":[],"product_cat":[236,238,400,401,402],"product_tag":[],"class_list":{"0":"post-10224","1":"product","2":"type-product","3":"status-publish","4":"has-post-thumbnail","6":"product_cat-jungheinrich","7":"product_cat-catal-tekeri-jungheinrich","8":"product_cat-catal-tekeri","9":"product_cat-wicke","10":"product_cat-catal-tekeri-wicke","12":"first","13":"instock","14":"taxable","15":"shipping-taxable","16":"purchasable","17":"product-type-simple"},"_links":{"self":[{"href":"https:\/\/ceoparts.com\/de\/wp-json\/wp\/v2\/product\/10224","targetHints":{"allow":["GET"]}}],"collection":[{"href":"https:\/\/ceoparts.com\/de\/wp-json\/wp\/v2\/product"}],"about":[{"href":"https:\/\/ceoparts.com\/de\/wp-json\/wp\/v2\/types\/product"}],"wp:featuredmedia":[{"embeddable":true,"href":"https:\/\/ceoparts.com\/de\/wp-json\/wp\/v2\/media\/15579"}],"wp:attachment":[{"href":"https:\/\/ceoparts.com\/de\/wp-json\/wp\/v2\/media?parent=10224"}],"wp:term":[{"taxonomy":"product_brand","embeddable":true,"href":"https:\/\/ceoparts.com\/de\/wp-json\/wp\/v2\/product_brand?post=10224"},{"taxonomy":"product_cat","embeddable":true,"href":"https:\/\/ceoparts.com\/de\/wp-json\/wp\/v2\/product_cat?post=10224"},{"taxonomy":"product_tag","embeddable":true,"href":"https:\/\/ceoparts.com\/de\/wp-json\/wp\/v2\/product_tag?post=10224"}],"curies":[{"name":"wp","href":"https:\/\/api.w.org\/{rel}","templated":true}]}}