{"id":10279,"date":"2024-09-13T09:51:19","date_gmt":"2024-09-13T06:51:19","guid":{"rendered":"https:\/\/ceoparts.com\/?post_type=product&#038;p=10279"},"modified":"2026-05-16T06:17:21","modified_gmt":"2026-05-16T03:17:21","slug":"jungheinrich-ere-120-catal-mekanizmasi-takim","status":"publish","type":"product","link":"https:\/\/ceoparts.com\/de\/urun\/jungheinrich-ere-120-catal-mekanizmasi-takim\/","title":{"rendered":"Jungheinrich ERE 120 Gabelmechanismus &#8211; 51448827 , 51450511"},"content":{"rendered":"<p>Jungheinrich ERE 120 Gabelmechanismus &#8211; 51448827 , 51450511<\/p>\n<p><\/p>","protected":false},"excerpt":{"rendered":"<p data-start=\"123\" data-end=\"666\"><br data-start=\"1729\" data-end=\"1732\" \/>Der <strong data-start=\"1736\" data-end=\"1777\">Jungheinrich ERE 120 Gabelmechanismus<\/strong> ist ein hochwertiger und langlebiger Gabelmechanismus, der in Gabelstaplern verwendet wird. Dieser Mechanismus steuert pr\u00e4zise und sicher die Bewegung der Gabeln und sorgt f\u00fcr eine ausgewogene und sichere Lastenhandhabung. Hergestellt aus langlebigen Materialien und unterst\u00fctzt durch die zuverl\u00e4ssige Technologie von Jungheinrich, verbessert er die Arbeitseffizienz durch einfache Montage und Wartung. Die Teilenummern 51448827 und 51450511 stehen f\u00fcr verschiedene Modell- oder Komponentenvariationen.<\/p>\n<p data-start=\"2282\" data-end=\"2595\"><strong data-start=\"2282\" data-end=\"2299\">Eigenschaften<\/strong><br data-start=\"2299\" data-end=\"2302\" \/><strong data-start=\"2302\" data-end=\"2318\">Produktname:<\/strong> Jungheinrich ERE 120 Gabelmechanismus<br data-start=\"2356\" data-end=\"2359\" \/><strong data-start=\"2359\" data-end=\"2376\">Teilenummern:<\/strong> 51448827, 51450511<br data-start=\"2395\" data-end=\"2398\" \/><strong data-start=\"2398\" data-end=\"2411\">Material:<\/strong> Langlebige Metalllegierung<br data-start=\"2438\" data-end=\"2441\" \/><strong data-start=\"2441\" data-end=\"2463\">Anwendungsbereich:<\/strong> Steuerung der Gabelbewegung bei Gabelstaplern<br data-start=\"2509\" data-end=\"2512\" \/><strong data-start=\"2512\" data-end=\"2524\">Vorteil:<\/strong> Langlebig, hohe Leistung, einfache Montage, sichere Lastenhandhabung<\/p>\n<p data-start=\"2597\" data-end=\"3099\">\n","protected":false},"featured_media":10281,"template":"","meta":[],"product_brand":[],"product_cat":[236,406,408,522],"product_tag":[],"class_list":{"0":"post-10279","1":"product","2":"type-product","3":"status-publish","4":"has-post-thumbnail","6":"product_cat-jungheinrich","7":"product_cat-catal-mekanizma","8":"product_cat-jungheinrich-catal-mekanizma","9":"product_cat-yedek-parca-jungheinrich","11":"first","12":"instock","13":"taxable","14":"shipping-taxable","15":"purchasable","16":"product-type-simple"},"_links":{"self":[{"href":"https:\/\/ceoparts.com\/de\/wp-json\/wp\/v2\/product\/10279","targetHints":{"allow":["GET"]}}],"collection":[{"href":"https:\/\/ceoparts.com\/de\/wp-json\/wp\/v2\/product"}],"about":[{"href":"https:\/\/ceoparts.com\/de\/wp-json\/wp\/v2\/types\/product"}],"wp:featuredmedia":[{"embeddable":true,"href":"https:\/\/ceoparts.com\/de\/wp-json\/wp\/v2\/media\/10281"}],"wp:attachment":[{"href":"https:\/\/ceoparts.com\/de\/wp-json\/wp\/v2\/media?parent=10279"}],"wp:term":[{"taxonomy":"product_brand","embeddable":true,"href":"https:\/\/ceoparts.com\/de\/wp-json\/wp\/v2\/product_brand?post=10279"},{"taxonomy":"product_cat","embeddable":true,"href":"https:\/\/ceoparts.com\/de\/wp-json\/wp\/v2\/product_cat?post=10279"},{"taxonomy":"product_tag","embeddable":true,"href":"https:\/\/ceoparts.com\/de\/wp-json\/wp\/v2\/product_tag?post=10279"}],"curies":[{"name":"wp","href":"https:\/\/api.w.org\/{rel}","templated":true}]}}