{"id":10287,"date":"2024-09-13T10:13:10","date_gmt":"2024-09-13T07:13:10","guid":{"rendered":"https:\/\/ceoparts.com\/?post_type=product&#038;p=10287"},"modified":"2026-05-16T09:38:45","modified_gmt":"2026-05-16T06:38:45","slug":"bt-eski-kasa-catal-mekanizmasi-takim","status":"publish","type":"product","link":"https:\/\/ceoparts.com\/de\/urun\/bt-eski-kasa-catal-mekanizmasi-takim\/","title":{"rendered":"BT Toyota LPE200 Gabelmechanismus &#8211; 7591742, 261271, 132523"},"content":{"rendered":"<p>BT Toyota LPE200 Gabelmechanismus &#8211; 7591742, 261271, 132523<\/p>\n<p>BT 7591742, 261271<\/p>","protected":false},"excerpt":{"rendered":"<p data-start=\"123\" data-end=\"637\"><br data-start=\"1716\" data-end=\"1719\" \/>Der <strong data-start=\"1723\" data-end=\"1759\">BT Toyota LPE200 Gabelmechanismus<\/strong> ist ein langlebiger und leistungsstarker Gabelmechanismus, der in Gabelstaplern verwendet wird. Dieser Mechanismus steuert pr\u00e4zise und sicher die Bewegung der Gabeln und sorgt f\u00fcr eine ausgewogene Lastenhandhabung. Er ist speziell f\u00fcr das BT Toyota LPE200 Modell konzipiert und aus langlebigen Materialien gefertigt. Mit einfachen Montage- und Wartungsvorteilen verbessert er die Arbeitseffizienz. Die Teilenummern 7591742, 261271 und 132523 decken verschiedene Komponenten- oder Modellvariationen ab.<\/p>\n<p data-start=\"2262\" data-end=\"2574\"><strong data-start=\"2262\" data-end=\"2279\">Eigenschaften<\/strong><br data-start=\"2279\" data-end=\"2282\" \/><strong data-start=\"2282\" data-end=\"2298\">Produktname:<\/strong> BT Toyota LPE200 Gabelmechanismus<br data-start=\"2331\" data-end=\"2334\" \/><strong data-start=\"2334\" data-end=\"2351\">Teilenummern:<\/strong> 7591742, 261271, 132523<br data-start=\"2375\" data-end=\"2378\" \/><strong data-start=\"2378\" data-end=\"2391\">Material:<\/strong> Hochfeste Metalllegierung<br data-start=\"2417\" data-end=\"2420\" \/><strong data-start=\"2420\" data-end=\"2442\">Anwendungsbereich:<\/strong> Steuerung der Gabelbewegung bei Gabelstaplern<br data-start=\"2488\" data-end=\"2491\" \/><strong data-start=\"2491\" data-end=\"2503\">Vorteil:<\/strong> Langlebig, hohe Leistung, einfache Montage, sichere Lastenhandhabung<\/p>\n<p data-start=\"2576\" data-end=\"3086\">\n","protected":false},"featured_media":10288,"template":"","meta":[],"product_brand":[],"product_cat":[251,406,407,521,531],"product_tag":[],"class_list":{"0":"post-10287","1":"product","2":"type-product","3":"status-publish","4":"has-post-thumbnail","6":"product_cat-bt","7":"product_cat-catal-mekanizma","8":"product_cat-bt-catal-mekanizmalari","9":"product_cat-toyota","10":"product_cat-mekanizmalar-toyota","12":"first","13":"instock","14":"taxable","15":"shipping-taxable","16":"purchasable","17":"product-type-simple"},"_links":{"self":[{"href":"https:\/\/ceoparts.com\/de\/wp-json\/wp\/v2\/product\/10287","targetHints":{"allow":["GET"]}}],"collection":[{"href":"https:\/\/ceoparts.com\/de\/wp-json\/wp\/v2\/product"}],"about":[{"href":"https:\/\/ceoparts.com\/de\/wp-json\/wp\/v2\/types\/product"}],"wp:featuredmedia":[{"embeddable":true,"href":"https:\/\/ceoparts.com\/de\/wp-json\/wp\/v2\/media\/10288"}],"wp:attachment":[{"href":"https:\/\/ceoparts.com\/de\/wp-json\/wp\/v2\/media?parent=10287"}],"wp:term":[{"taxonomy":"product_brand","embeddable":true,"href":"https:\/\/ceoparts.com\/de\/wp-json\/wp\/v2\/product_brand?post=10287"},{"taxonomy":"product_cat","embeddable":true,"href":"https:\/\/ceoparts.com\/de\/wp-json\/wp\/v2\/product_cat?post=10287"},{"taxonomy":"product_tag","embeddable":true,"href":"https:\/\/ceoparts.com\/de\/wp-json\/wp\/v2\/product_tag?post=10287"}],"curies":[{"name":"wp","href":"https:\/\/api.w.org\/{rel}","templated":true}]}}