{"id":10370,"date":"2024-09-13T12:59:25","date_gmt":"2024-09-13T09:59:25","guid":{"rendered":"https:\/\/ceoparts.com\/?post_type=product&#038;p=10370"},"modified":"2026-05-16T19:24:28","modified_gmt":"2026-05-16T16:24:28","slug":"catal-teker-mekanizma","status":"publish","type":"product","link":"https:\/\/ceoparts.com\/de\/urun\/catal-teker-mekanizma\/","title":{"rendered":"Polyamid Gabelradmechanismus"},"content":{"rendered":"<p>Polyamid Gabelradmechanismus<\/p>","protected":false},"excerpt":{"rendered":"<p data-start=\"131\" data-end=\"1068\"><br data-start=\"1990\" data-end=\"1993\" \/>Der Polyamid-Gabelrad-Mechanismus ist ein hochfestes Verbindungssystem, das in Gabelstapler- und Palettenhubwagen-Radbaugruppen verwendet wird, um Ausgleichs- und Tragradrollen zu befestigen. Hergestellt aus Polyamid, ist er leichter und bietet eine h\u00f6here Verschlei\u00dffestigkeit als Metallsysteme. Er gew\u00e4hrleistet sichere und stabile Radbewegungen und sorgt f\u00fcr maximale Man\u00f6vrierf\u00e4higkeit und Stabilit\u00e4t beim Lastentransport. Besonders geeignet f\u00fcr Bereiche mit hohen Hygiene- und Ger\u00e4uschanforderungen wie Lebensmittel-, Pharma-, Textil- und Chemieindustrie. Langlebig und schlagfest, steigert die Betriebseffizienz in Logistik- und Industrieeins\u00e4tzen.<br data-start=\"2647\" data-end=\"2650\" \/><strong data-start=\"2650\" data-end=\"2668\">Eigenschaften:<\/strong><br data-start=\"2668\" data-end=\"2671\" \/><strong data-start=\"2671\" data-end=\"2687\">Produktname:<\/strong> Polyamid-Gabelrad-Mechanismus<br data-start=\"2717\" data-end=\"2720\" \/><strong data-start=\"2720\" data-end=\"2733\">Material:<\/strong> Hochfestes Polyamid<br data-start=\"2753\" data-end=\"2756\" \/><strong data-start=\"2756\" data-end=\"2775\">Einsatzbereich:<\/strong> Gabelstapler- und Palettenhubwagen-Radsysteme<br data-start=\"2821\" data-end=\"2824\" \/><strong data-start=\"2824\" data-end=\"2836\">Vorteil:<\/strong> Leichtbauweise, hohe Verschlei\u00df- und Sto\u00dffestigkeit, leiser und langlebiger Einsatz<\/p>\n<p data-start=\"2924\" data-end=\"3886\">\n","protected":false},"featured_media":10371,"template":"","meta":[],"product_brand":[],"product_cat":[406,410],"product_tag":[],"class_list":{"0":"post-10370","1":"product","2":"type-product","3":"status-publish","4":"has-post-thumbnail","6":"product_cat-catal-mekanizma","7":"product_cat-catal-takim","9":"first","10":"instock","11":"taxable","12":"shipping-taxable","13":"purchasable","14":"product-type-simple"},"_links":{"self":[{"href":"https:\/\/ceoparts.com\/de\/wp-json\/wp\/v2\/product\/10370","targetHints":{"allow":["GET"]}}],"collection":[{"href":"https:\/\/ceoparts.com\/de\/wp-json\/wp\/v2\/product"}],"about":[{"href":"https:\/\/ceoparts.com\/de\/wp-json\/wp\/v2\/types\/product"}],"wp:featuredmedia":[{"embeddable":true,"href":"https:\/\/ceoparts.com\/de\/wp-json\/wp\/v2\/media\/10371"}],"wp:attachment":[{"href":"https:\/\/ceoparts.com\/de\/wp-json\/wp\/v2\/media?parent=10370"}],"wp:term":[{"taxonomy":"product_brand","embeddable":true,"href":"https:\/\/ceoparts.com\/de\/wp-json\/wp\/v2\/product_brand?post=10370"},{"taxonomy":"product_cat","embeddable":true,"href":"https:\/\/ceoparts.com\/de\/wp-json\/wp\/v2\/product_cat?post=10370"},{"taxonomy":"product_tag","embeddable":true,"href":"https:\/\/ceoparts.com\/de\/wp-json\/wp\/v2\/product_tag?post=10370"}],"curies":[{"name":"wp","href":"https:\/\/api.w.org\/{rel}","templated":true}]}}