{"id":10385,"date":"2024-09-13T13:08:25","date_gmt":"2024-09-13T10:08:25","guid":{"rendered":"https:\/\/ceoparts.com\/?post_type=product&#038;p=10385"},"modified":"2026-05-16T17:04:32","modified_gmt":"2026-05-16T14:04:32","slug":"catal-teker-mekanizma-xilin","status":"publish","type":"product","link":"https:\/\/ceoparts.com\/de\/urun\/catal-teker-mekanizma-xilin\/","title":{"rendered":"Gabelrad-Mechanismus -XILIN"},"content":{"rendered":"<p>Gabelrad-Mechanismus -XILIN<\/p>","protected":false},"excerpt":{"rendered":"<p data-start=\"111\" data-end=\"902\"><br data-start=\"1660\" data-end=\"1663\" \/>Der Gabelrad-Mechanismus &#8211; XILIN ist ein hochfestes Verbindungssystem, das in Palettenhubwagen und Staplern der Marke XILIN verwendet wird, um die Gleichgewichts- und Lastrollen an der Gabel sicher zu befestigen. Er sorgt f\u00fcr sichere und stabile Gabelbewegungen beim Lastentransport und beim Lenken. Die robuste Metalllegierung bietet eine lange Lebensdauer und verhindert Verformungen und Verschlei\u00df unter schweren Lasten. Ideal f\u00fcr Lager-, Industrie- und Logistikeins\u00e4tze zur Verbesserung der Maschinenstabilit\u00e4t und Betriebseffizienz.<br data-start=\"2200\" data-end=\"2203\" \/><strong data-start=\"2203\" data-end=\"2221\">Eigenschaften:<\/strong><br data-start=\"2221\" data-end=\"2224\" \/><strong data-start=\"2224\" data-end=\"2240\">Produktname:<\/strong> Gabelrad-Mechanismus &#8211; XILIN<br data-start=\"2269\" data-end=\"2272\" \/><strong data-start=\"2272\" data-end=\"2285\">Material:<\/strong> Hochfeste Metalllegierung<br data-start=\"2311\" data-end=\"2314\" \/><strong data-start=\"2314\" data-end=\"2333\">Einsatzbereich:<\/strong> XILIN Palettenhubwagen und Stapler<br data-start=\"2368\" data-end=\"2371\" \/><strong data-start=\"2371\" data-end=\"2383\">Vorteil:<\/strong> Robuste Bauweise, langlebige Nutzung, sichere und stabile Lastbewegungen<\/p>\n<p data-start=\"2460\" data-end=\"3268\">\n","protected":false},"featured_media":10386,"template":"","meta":[],"product_brand":[],"product_cat":[406,410],"product_tag":[],"class_list":{"0":"post-10385","1":"product","2":"type-product","3":"status-publish","4":"has-post-thumbnail","6":"product_cat-catal-mekanizma","7":"product_cat-catal-takim","9":"first","10":"instock","11":"taxable","12":"shipping-taxable","13":"purchasable","14":"product-type-simple"},"_links":{"self":[{"href":"https:\/\/ceoparts.com\/de\/wp-json\/wp\/v2\/product\/10385","targetHints":{"allow":["GET"]}}],"collection":[{"href":"https:\/\/ceoparts.com\/de\/wp-json\/wp\/v2\/product"}],"about":[{"href":"https:\/\/ceoparts.com\/de\/wp-json\/wp\/v2\/types\/product"}],"wp:featuredmedia":[{"embeddable":true,"href":"https:\/\/ceoparts.com\/de\/wp-json\/wp\/v2\/media\/10386"}],"wp:attachment":[{"href":"https:\/\/ceoparts.com\/de\/wp-json\/wp\/v2\/media?parent=10385"}],"wp:term":[{"taxonomy":"product_brand","embeddable":true,"href":"https:\/\/ceoparts.com\/de\/wp-json\/wp\/v2\/product_brand?post=10385"},{"taxonomy":"product_cat","embeddable":true,"href":"https:\/\/ceoparts.com\/de\/wp-json\/wp\/v2\/product_cat?post=10385"},{"taxonomy":"product_tag","embeddable":true,"href":"https:\/\/ceoparts.com\/de\/wp-json\/wp\/v2\/product_tag?post=10385"}],"curies":[{"name":"wp","href":"https:\/\/api.w.org\/{rel}","templated":true}]}}