{"id":10401,"date":"2024-09-13T14:01:53","date_gmt":"2024-09-13T11:01:53","guid":{"rendered":"https:\/\/ceoparts.com\/?post_type=product&#038;p=10401"},"modified":"2026-05-16T12:52:34","modified_gmt":"2026-05-16T09:52:34","slug":"bt-yeni-kasa-catal-mekanizmasi-bos","status":"publish","type":"product","link":"https:\/\/ceoparts.com\/de\/urun\/bt-yeni-kasa-catal-mekanizmasi-bos\/","title":{"rendered":"BT Toyota LPE200 Gabelmechanismus Leer (Ohne R\u00e4der) &#8211; 7522959, 7592114"},"content":{"rendered":"<p>BT Toyota LPE200 Gabelmechanismus Leer (Ohne R\u00e4der) &#8211; 7522959, 7592114<\/p>\n<p>BT 7522959 7592114<\/p>\n<p>BT LPE200\/220\/250<\/p>","protected":false},"excerpt":{"rendered":"<p data-start=\"149\" data-end=\"1057\"><br data-start=\"1938\" data-end=\"1941\" \/>Der BT Toyota LPE200 Gabelmechanismus (Ohne Rad) ist ein speziell entwickeltes Gabeltr\u00e4gersystem f\u00fcr BT und Toyota LP200 Palettenhubwagen und Stapler. Er sorgt f\u00fcr stabile und sichere Gabelbewegungen beim Lastentransport und Stapelvorg\u00e4ngen. Das radlose Design erm\u00f6glicht eine direkte Verbindung und hervorragende Stabilit\u00e4tsleistung. Aus hochfestem Metall gefertigt, bietet er eine lange Lebensdauer unter anspruchsvollen Bedingungen. Ideal f\u00fcr Lager-, Logistik- und Industrieeins\u00e4tze mit hoher Verschlei\u00df- und Verformungsbest\u00e4ndigkeit.<br data-start=\"2477\" data-end=\"2480\" \/><strong data-start=\"2480\" data-end=\"2498\">Eigenschaften:<\/strong><br data-start=\"2498\" data-end=\"2501\" \/><strong data-start=\"2501\" data-end=\"2517\">Produktname:<\/strong> BT Toyota LPE200 Gabelmechanismus (Ohne Rad)<br data-start=\"2561\" data-end=\"2564\" \/><strong data-start=\"2564\" data-end=\"2581\">Teilenummern:<\/strong> 7522959, 7592114<br data-start=\"2598\" data-end=\"2601\" \/><strong data-start=\"2601\" data-end=\"2614\">Material:<\/strong> Hochfeste Metalllegierung<br data-start=\"2640\" data-end=\"2643\" \/><strong data-start=\"2643\" data-end=\"2662\">Einsatzbereich:<\/strong> BT und Toyota LPE200 Palettenhubwagen und Stapler<br data-start=\"2711\" data-end=\"2714\" \/><strong data-start=\"2714\" data-end=\"2726\">Vorteil:<\/strong> Robuste Bauweise, hohe Stabilit\u00e4tskontrolle, langlebige und sichere Nutzung<\/p>\n<p data-start=\"2806\" data-end=\"3684\">\n","protected":false},"featured_media":10402,"template":"","meta":[],"product_brand":[],"product_cat":[251,406,407,521,531],"product_tag":[],"class_list":{"0":"post-10401","1":"product","2":"type-product","3":"status-publish","4":"has-post-thumbnail","6":"product_cat-bt","7":"product_cat-catal-mekanizma","8":"product_cat-bt-catal-mekanizmalari","9":"product_cat-toyota","10":"product_cat-mekanizmalar-toyota","12":"first","13":"instock","14":"taxable","15":"shipping-taxable","16":"purchasable","17":"product-type-simple"},"_links":{"self":[{"href":"https:\/\/ceoparts.com\/de\/wp-json\/wp\/v2\/product\/10401","targetHints":{"allow":["GET"]}}],"collection":[{"href":"https:\/\/ceoparts.com\/de\/wp-json\/wp\/v2\/product"}],"about":[{"href":"https:\/\/ceoparts.com\/de\/wp-json\/wp\/v2\/types\/product"}],"wp:featuredmedia":[{"embeddable":true,"href":"https:\/\/ceoparts.com\/de\/wp-json\/wp\/v2\/media\/10402"}],"wp:attachment":[{"href":"https:\/\/ceoparts.com\/de\/wp-json\/wp\/v2\/media?parent=10401"}],"wp:term":[{"taxonomy":"product_brand","embeddable":true,"href":"https:\/\/ceoparts.com\/de\/wp-json\/wp\/v2\/product_brand?post=10401"},{"taxonomy":"product_cat","embeddable":true,"href":"https:\/\/ceoparts.com\/de\/wp-json\/wp\/v2\/product_cat?post=10401"},{"taxonomy":"product_tag","embeddable":true,"href":"https:\/\/ceoparts.com\/de\/wp-json\/wp\/v2\/product_tag?post=10401"}],"curies":[{"name":"wp","href":"https:\/\/api.w.org\/{rel}","templated":true}]}}