{"id":10419,"date":"2024-09-13T16:22:06","date_gmt":"2024-09-13T13:22:06","guid":{"rendered":"https:\/\/ceoparts.com\/?post_type=product&#038;p=10419"},"modified":"2026-05-16T08:31:47","modified_gmt":"2026-05-16T05:31:47","slug":"102x17-mil","status":"publish","type":"product","link":"https:\/\/ceoparts.com\/de\/urun\/102x17-mil\/","title":{"rendered":"102&#215;17 mil"},"content":{"rendered":"<p>102&#215;17 mil<\/p>","protected":false},"excerpt":{"rendered":"<p data-start=\"108\" data-end=\"900\"><br data-start=\"1686\" data-end=\"1689\" \/>Die 102\u00d717 Achse ist ein hochfestes Verbindungselement, das in Gabelstapler- und Hubwagen-Rad- und Tr\u00e4gersystemen verwendet wird und die sichere Verbindung und Stabilit\u00e4t beweglicher Teile gew\u00e4hrleistet. Die robuste Metalllegierung ist best\u00e4ndig gegen Biegung und Verformung unter schweren Lasten. Sie bietet eine langlebige, zuverl\u00e4ssige und sichere Leistung in verschiedenen Rad-, Buchsen- und Flanschverbindungen. Ideal f\u00fcr Lager-, Logistik- und Industrieeins\u00e4tze, verbessert Maschinenstabilit\u00e4t und Man\u00f6vrierf\u00e4higkeit.<br data-start=\"2211\" data-end=\"2214\" \/><strong data-start=\"2214\" data-end=\"2232\">Eigenschaften:<\/strong><br data-start=\"2232\" data-end=\"2235\" \/><strong data-start=\"2235\" data-end=\"2251\">Produktname:<\/strong> 102\u00d717 Achse<br data-start=\"2264\" data-end=\"2267\" \/><strong data-start=\"2267\" data-end=\"2280\">Material:<\/strong> Hochfeste Metalllegierung<br data-start=\"2306\" data-end=\"2309\" \/><strong data-start=\"2309\" data-end=\"2328\">Einsatzbereich:<\/strong> Rad- und Tr\u00e4gersysteme von Gabelstaplern und Hubwagen<br data-start=\"2382\" data-end=\"2385\" \/><strong data-start=\"2385\" data-end=\"2397\">Vorteil:<\/strong> Verschlei\u00df- und Biegefestigkeit, stabile Verbindung, langlebiger und sicherer Betrieb<\/p>\n<p data-start=\"2487\" data-end=\"3308\">\n","protected":false},"featured_media":12360,"template":"","meta":[],"product_brand":[],"product_cat":[441,464,467],"product_tag":[],"class_list":{"0":"post-10419","1":"product","2":"type-product","3":"status-publish","4":"has-post-thumbnail","6":"product_cat-yedek-parca","7":"product_cat-burc-ve-mill-grubu","8":"product_cat-mil-grubu","10":"first","11":"instock","12":"taxable","13":"shipping-taxable","14":"purchasable","15":"product-type-simple"},"_links":{"self":[{"href":"https:\/\/ceoparts.com\/de\/wp-json\/wp\/v2\/product\/10419","targetHints":{"allow":["GET"]}}],"collection":[{"href":"https:\/\/ceoparts.com\/de\/wp-json\/wp\/v2\/product"}],"about":[{"href":"https:\/\/ceoparts.com\/de\/wp-json\/wp\/v2\/types\/product"}],"wp:featuredmedia":[{"embeddable":true,"href":"https:\/\/ceoparts.com\/de\/wp-json\/wp\/v2\/media\/12360"}],"wp:attachment":[{"href":"https:\/\/ceoparts.com\/de\/wp-json\/wp\/v2\/media?parent=10419"}],"wp:term":[{"taxonomy":"product_brand","embeddable":true,"href":"https:\/\/ceoparts.com\/de\/wp-json\/wp\/v2\/product_brand?post=10419"},{"taxonomy":"product_cat","embeddable":true,"href":"https:\/\/ceoparts.com\/de\/wp-json\/wp\/v2\/product_cat?post=10419"},{"taxonomy":"product_tag","embeddable":true,"href":"https:\/\/ceoparts.com\/de\/wp-json\/wp\/v2\/product_tag?post=10419"}],"curies":[{"name":"wp","href":"https:\/\/api.w.org\/{rel}","templated":true}]}}