{"id":10454,"date":"2024-09-16T14:20:20","date_gmt":"2024-09-16T11:20:20","guid":{"rendered":"https:\/\/ceoparts.com\/?post_type=product&#038;p=10454"},"modified":"2026-05-16T11:44:56","modified_gmt":"2026-05-16T08:44:56","slug":"100x40-15-wicke-kapakli-denge-tekeri","status":"publish","type":"product","link":"https:\/\/ceoparts.com\/de\/urun\/100x40-15-wicke-kapakli-denge-tekeri\/","title":{"rendered":"100&#215;40-15 Wicke Ausgleichsrad &#8211; 51643862 , 582010614"},"content":{"rendered":"<p>100&#215;40-15 Wicke Ausgleichsrad &#8211; 51643862 , 582010614<\/p>\n<table border=\"0\" width=\"243\" cellspacing=\"0\" cellpadding=\"0\">\n<colgroup>\n<col width=\"179\" \/>\n<col width=\"64\" \/><\/colgroup>\n<tbody>\n<tr>\n<td width=\"179\" height=\"19\"><span style=\"font-family: Calibri;\">EJE 114 \/ 116 \/ 118 \/ 120<\/span><\/td>\n<td width=\"64\"><span style=\"font-family: Calibri;\">3.18 &#8211;\u00a0<\/span><\/td>\n<\/tr>\n<tr>\n<td height=\"19\"><span style=\"font-family: Calibri;\">EJE 114-120 fvz<\/span><\/td>\n<td><span style=\"font-family: Calibri;\">8.19 &#8211;\u00a0<\/span><\/td>\n<\/tr>\n<tr>\n<td height=\"19\"><span style=\"font-family: Calibri;\">EJE 120 US<\/span><\/td>\n<td><span style=\"font-family: Calibri;\">3.18 &#8211;\u00a0<\/span><\/td>\n<\/tr>\n<tr>\n<td height=\"19\"><span style=\"font-family: Calibri;\">EJE 222\/225<\/span><\/td>\n<td><span style=\"font-family: Calibri;\">8.18 &#8211;\u00a0<\/span><\/td>\n<\/tr>\n<tr>\n<td height=\"19\"><span style=\"font-family: Calibri;\">EJE 222R\/225R<\/span><\/td>\n<td><span style=\"font-family: Calibri;\">3.20 &#8211;\u00a0<\/span><\/td>\n<\/tr>\n<tr>\n<td height=\"19\"><span style=\"font-family: Calibri;\">EJE 225 (USA)<\/span><\/td>\n<td><span style=\"font-family: Calibri;\">8.18 &#8211;\u00a0<\/span><\/td>\n<\/tr>\n<tr>\n<td height=\"19\"><span style=\"font-family: Calibri;\">EJE 230-235<\/span><\/td>\n<td><span style=\"font-family: Calibri;\">2.20 &#8211;\u00a0<\/span><\/td>\n<\/tr>\n<tr>\n<td height=\"19\"><span style=\"font-family: Calibri;\">EJE C20<\/span><\/td>\n<td><span style=\"font-family: Calibri;\">9.18 &#8211;\u00a0<\/span><\/td>\n<\/tr>\n<tr>\n<td height=\"19\"><span style=\"font-family: Calibri;\">EJE C20 (US)<\/span><\/td>\n<td><span style=\"font-family: Calibri;\">9.18 &#8211;\u00a0<\/span><\/td>\n<\/tr>\n<tr>\n<td height=\"19\"><span style=\"font-family: Calibri;\">PW23P<\/span><\/td>\n<td><span style=\"font-family: Calibri;\">3.18 &#8211;\u00a0<\/span><\/td>\n<\/tr>\n<tr>\n<td height=\"19\"><span style=\"font-family: Calibri;\">PW30P<\/span><\/td>\n<td><span style=\"font-family: Calibri;\">8.18 &#8211;\u00a0<\/span><\/td>\n<\/tr>\n<tr>\n<td height=\"19\"><span style=\"font-family: Calibri;\">Sonderbau<\/span><\/td>\n<td><span style=\"font-family: Calibri;\">12.04 &#8211;\u00a0<\/span><\/td>\n<\/tr>\n<\/tbody>\n<\/table>","protected":false},"excerpt":{"rendered":"<p data-start=\"0\" data-end=\"880\"><br data-start=\"1748\" data-end=\"1751\" \/>Das 100\u00d740-15 Wicke Ausgleichsrad mit Abdeckung ist ein robustes und leistungsstarkes Ausgleichsrad, speziell f\u00fcr Wicke Gabelstapler und Stapler gefertigt. Die hochfeste Metalllegierung und die verschlei\u00dffeste Beschichtung sorgen f\u00fcr optimale Stabilit\u00e4t bei schweren und dauerhaften Eins\u00e4tzen. Das abgedeckte Design sch\u00fctzt die Lager vor \u00e4u\u00dferen Einfl\u00fcssen, verl\u00e4ngert die Lebensdauer des Rades und reduziert den Wartungsaufwand. Ideal f\u00fcr Lager-, Logistik- und Industrieanwendungen mit leiser, stabiler und langlebiger Leistung.<br data-start=\"2280\" data-end=\"2283\" \/><strong data-start=\"2283\" data-end=\"2301\">Eigenschaften:<\/strong><br data-start=\"2301\" data-end=\"2304\" \/><strong data-start=\"2304\" data-end=\"2320\">Produktname:<\/strong> 100\u00d740-15 Wicke Ausgleichsrad mit Abdeckung<br data-start=\"2364\" data-end=\"2367\" \/><strong data-start=\"2367\" data-end=\"2383\">Teilenummer:<\/strong> 51643862, 582010614<br data-start=\"2403\" data-end=\"2406\" \/><strong data-start=\"2406\" data-end=\"2419\">Material:<\/strong> Hochfeste Metalllegierung<br data-start=\"2445\" data-end=\"2448\" \/><strong data-start=\"2448\" data-end=\"2467\">Einsatzbereich:<\/strong> Wicke Gabelstapler und Stapler<br data-start=\"2498\" data-end=\"2501\" \/><strong data-start=\"2501\" data-end=\"2513\">Vorteil:<\/strong> Abgedecktes Design f\u00fcr Lagerschutz, hohe Verschlei\u00df- und Sto\u00dffestigkeit, leiser und langlebiger Betrieb<\/p>\n<p data-start=\"2621\" data-end=\"3507\">\n","protected":false},"featured_media":15077,"template":"","meta":[],"product_brand":[],"product_cat":[403,185],"product_tag":[],"class_list":{"0":"post-10454","1":"product","2":"type-product","3":"status-publish","4":"has-post-thumbnail","6":"product_cat-denge-tekeri-wicke","7":"product_cat-denge-tekeri","9":"first","10":"instock","11":"taxable","12":"shipping-taxable","13":"purchasable","14":"product-type-simple"},"_links":{"self":[{"href":"https:\/\/ceoparts.com\/de\/wp-json\/wp\/v2\/product\/10454","targetHints":{"allow":["GET"]}}],"collection":[{"href":"https:\/\/ceoparts.com\/de\/wp-json\/wp\/v2\/product"}],"about":[{"href":"https:\/\/ceoparts.com\/de\/wp-json\/wp\/v2\/types\/product"}],"wp:featuredmedia":[{"embeddable":true,"href":"https:\/\/ceoparts.com\/de\/wp-json\/wp\/v2\/media\/15077"}],"wp:attachment":[{"href":"https:\/\/ceoparts.com\/de\/wp-json\/wp\/v2\/media?parent=10454"}],"wp:term":[{"taxonomy":"product_brand","embeddable":true,"href":"https:\/\/ceoparts.com\/de\/wp-json\/wp\/v2\/product_brand?post=10454"},{"taxonomy":"product_cat","embeddable":true,"href":"https:\/\/ceoparts.com\/de\/wp-json\/wp\/v2\/product_cat?post=10454"},{"taxonomy":"product_tag","embeddable":true,"href":"https:\/\/ceoparts.com\/de\/wp-json\/wp\/v2\/product_tag?post=10454"}],"curies":[{"name":"wp","href":"https:\/\/api.w.org\/{rel}","templated":true}]}}