{"id":10466,"date":"2024-09-16T15:15:27","date_gmt":"2024-09-16T12:15:27","guid":{"rendered":"https:\/\/ceoparts.com\/?post_type=product&#038;p=10466"},"modified":"2026-05-16T17:04:59","modified_gmt":"2026-05-16T14:04:59","slug":"125x40-45-15-tellure-rota-denge-tekeri","status":"publish","type":"product","link":"https:\/\/ceoparts.com\/de\/urun\/125x40-45-15-tellure-rota-denge-tekeri\/","title":{"rendered":"125&#215;40\/45-15 Tellure Rota Ausgleichsrad &#8211; 00039903563"},"content":{"rendered":"<p>125&#215;40\/45-15 Tellure Rota Ausgleichsrad &#8211; 00039903563<\/p>\n<table border=\"0\" width=\"173\" cellspacing=\"0\" cellpadding=\"0\">\n<tbody>\n<tr>\n<td class=\"xl65\" width=\"109\" height=\"20\"><span style=\"font-family: tim;\">1151<\/span><\/td>\n<td width=\"64\"><span style=\"font-family: tim;\">T16\/T16P\/T20\/T20P<\/span><\/td>\n<\/tr>\n<tr>\n<td class=\"xl65\" height=\"20\"><span style=\"font-family: tim;\">1151<\/span><\/td>\n<td><span style=\"font-family: tim;\">T16\/T16P\/T20\/T20P<\/span><\/td>\n<\/tr>\n<tr>\n<td class=\"xl65\" height=\"20\"><span style=\"font-family: tim;\">1152<\/span><\/td>\n<td><span style=\"font-family: tim;\">T16\/T18\/T20\/T16L<\/span><\/td>\n<\/tr>\n<tr>\n<td class=\"xl65\" height=\"20\"><span style=\"font-family: tim;\">1152<\/span><\/td>\n<td><span style=\"font-family: tim;\">T16\/T18\/T20\/T16L<\/span><\/td>\n<\/tr>\n<\/tbody>\n<\/table>\n<p>&nbsp;<\/p>\n<p><span style=\"font-family: tim;\">EXU 0153\/0154\/0155\/0157<\/span><\/p>\n<p><span style=\"font-family: tim;\">EXU-H AC<\/span><\/p>","protected":false},"excerpt":{"rendered":"<p data-start=\"0\" data-end=\"886\"><br data-start=\"1751\" data-end=\"1754\" \/>Das 125\u00d740\/45-15 Tellure Rota Ausgleichsrad ist ein hochwertiges Rad, speziell f\u00fcr Tellure Rota Gabelstapler und Stapler gefertigt. Mit seinem robusten Metallk\u00f6rper und der verschlei\u00dffesten Struktur gew\u00e4hrleistet es maximale Stabilit\u00e4t bei schweren Lasten und intensiven Eins\u00e4tzen. Es bietet hohe Wendigkeit auf engem Raum sowie leisen und vibrationsfreien Betrieb. Ein ideales Ersatzteil f\u00fcr die langfristige, sichere Nutzung von Tellure Rota Gabelstaplern. Hervorragende Leistung in Lager-, Logistik- und Industrieumgebungen.<br data-start=\"2281\" data-end=\"2284\" \/><strong data-start=\"2284\" data-end=\"2302\">Eigenschaften:<\/strong><br data-start=\"2302\" data-end=\"2305\" \/><strong data-start=\"2305\" data-end=\"2321\">Produktname:<\/strong> 125\u00d740\/45-15 Tellure Rota Ausgleichsrad<br data-start=\"2361\" data-end=\"2364\" \/><strong data-start=\"2364\" data-end=\"2380\">Teilenummer:<\/strong> 00039903563<br data-start=\"2392\" data-end=\"2395\" \/><strong data-start=\"2395\" data-end=\"2408\">Material:<\/strong> Hochfeste Metalllegierung<br data-start=\"2434\" data-end=\"2437\" \/><strong data-start=\"2437\" data-end=\"2456\">Einsatzbereich:<\/strong> Tellure Rota Gabelstapler und Stapler<br data-start=\"2494\" data-end=\"2497\" \/><strong data-start=\"2497\" data-end=\"2509\">Vorteil:<\/strong> Hohe Tragf\u00e4higkeit, Verschlei\u00dffestigkeit, Wendigkeit auf engem Raum, leiser und stabiler Betrieb<\/p>\n<p data-start=\"2610\" data-end=\"3568\">\n","protected":false},"featured_media":15086,"template":"","meta":[],"product_brand":[],"product_cat":[412,413,185],"product_tag":[],"class_list":{"0":"post-10466","1":"product","2":"type-product","3":"status-publish","4":"has-post-thumbnail","6":"product_cat-tellure-rota","7":"product_cat-tellure-rota-denge-tekeri","8":"product_cat-denge-tekeri","10":"first","11":"instock","12":"taxable","13":"shipping-taxable","14":"purchasable","15":"product-type-simple"},"_links":{"self":[{"href":"https:\/\/ceoparts.com\/de\/wp-json\/wp\/v2\/product\/10466","targetHints":{"allow":["GET"]}}],"collection":[{"href":"https:\/\/ceoparts.com\/de\/wp-json\/wp\/v2\/product"}],"about":[{"href":"https:\/\/ceoparts.com\/de\/wp-json\/wp\/v2\/types\/product"}],"wp:featuredmedia":[{"embeddable":true,"href":"https:\/\/ceoparts.com\/de\/wp-json\/wp\/v2\/media\/15086"}],"wp:attachment":[{"href":"https:\/\/ceoparts.com\/de\/wp-json\/wp\/v2\/media?parent=10466"}],"wp:term":[{"taxonomy":"product_brand","embeddable":true,"href":"https:\/\/ceoparts.com\/de\/wp-json\/wp\/v2\/product_brand?post=10466"},{"taxonomy":"product_cat","embeddable":true,"href":"https:\/\/ceoparts.com\/de\/wp-json\/wp\/v2\/product_cat?post=10466"},{"taxonomy":"product_tag","embeddable":true,"href":"https:\/\/ceoparts.com\/de\/wp-json\/wp\/v2\/product_tag?post=10466"}],"curies":[{"name":"wp","href":"https:\/\/api.w.org\/{rel}","templated":true}]}}