{"id":10486,"date":"2024-09-17T15:36:04","date_gmt":"2024-09-17T12:36:04","guid":{"rendered":"https:\/\/ceoparts.com\/?post_type=product&#038;p=10486"},"modified":"2026-05-16T10:55:21","modified_gmt":"2026-05-16T07:55:21","slug":"125x40-45-15-wicke-denge-tekeri","status":"publish","type":"product","link":"https:\/\/ceoparts.com\/de\/urun\/125x40-45-15-wicke-denge-tekeri\/","title":{"rendered":"125&#215;40\/45-15 Wicke Ausgleichsrad &#8211; 00039903563"},"content":{"rendered":"<p>125&#215;40\/45-15 Wicke Ausgleichsrad &#8211; 00039903563<\/p>\n<table border=\"0\" width=\"173\" cellspacing=\"0\" cellpadding=\"0\">\n<tbody>\n<tr>\n<td class=\"xl65\" width=\"109\" height=\"20\"><span style=\"font-family: tim;\">1151<\/span><\/td>\n<td width=\"64\"><span style=\"font-family: tim;\">T16\/T16P\/T20\/T20P<\/span><\/td>\n<\/tr>\n<tr>\n<td class=\"xl65\" height=\"20\"><span style=\"font-family: tim;\">1151<\/span><\/td>\n<td><span style=\"font-family: tim;\">T16\/T16P\/T20\/T20P<\/span><\/td>\n<\/tr>\n<tr>\n<td class=\"xl65\" height=\"20\"><span style=\"font-family: tim;\">1152<\/span><\/td>\n<td><span style=\"font-family: tim;\">T16\/T18\/T20\/T16L<\/span><\/td>\n<\/tr>\n<tr>\n<td class=\"xl65\" height=\"20\"><span style=\"font-family: tim;\">1152<\/span><\/td>\n<td><span style=\"font-family: tim;\">T16\/T18\/T20\/T16L<\/span><\/td>\n<\/tr>\n<\/tbody>\n<\/table>\n<p>&nbsp;<\/p>\n<p><span style=\"font-family: tim;\">EXU 0153\/0154\/0155\/0157<\/span><\/p>\n<p><span style=\"font-family: tim;\">EXU-H AC<\/span><\/p>","protected":false},"excerpt":{"rendered":"<p data-start=\"0\" data-end=\"795\"><br data-start=\"1534\" data-end=\"1537\" \/>Das 125\u00d740\/45-15 Wicke Ausgleichsrad ist ein hochwertiges und langlebiges Rad, das speziell f\u00fcr Wicke Gabelstapler und Stapler gefertigt wurde. Mit seinem robusten Metallk\u00f6rper und der verschlei\u00dffesten Beschichtung sorgt es f\u00fcr Stabilit\u00e4tskontrolle und bietet eine langanhaltende Leistung unter harten Arbeitsbedingungen. Verbessert die Maschinenstabilit\u00e4t beim Lastentransport und Man\u00f6vrieren f\u00fcr einen sicheren und effizienten Betrieb. Ideal f\u00fcr intensive Eins\u00e4tze in engen Arbeitsbereichen.<br data-start=\"2030\" data-end=\"2033\" \/><strong data-start=\"2033\" data-end=\"2051\">Eigenschaften:<\/strong><br data-start=\"2051\" data-end=\"2054\" \/><strong data-start=\"2054\" data-end=\"2070\">Produktname:<\/strong> 125\u00d740\/45-15 Wicke Ausgleichsrad<br data-start=\"2103\" data-end=\"2106\" \/><strong data-start=\"2106\" data-end=\"2122\">Teilenummer:<\/strong> 00039903563<br data-start=\"2134\" data-end=\"2137\" \/><strong data-start=\"2137\" data-end=\"2150\">Material:<\/strong> Hochfeste Metalllegierung<br data-start=\"2176\" data-end=\"2179\" \/><strong data-start=\"2179\" data-end=\"2198\">Einsatzbereich:<\/strong> Wicke Gabelstapler und Stapler<br data-start=\"2229\" data-end=\"2232\" \/><strong data-start=\"2232\" data-end=\"2244\">Vorteil:<\/strong> Hohe Haltbarkeit, lange Lebensdauer, Sto\u00dffestigkeit, sicherer und stabiler Betrieb<\/p>\n<p data-start=\"2331\" data-end=\"3158\">\n","protected":false},"featured_media":15089,"template":"","meta":[],"product_brand":[],"product_cat":[403,185],"product_tag":[],"class_list":{"0":"post-10486","1":"product","2":"type-product","3":"status-publish","4":"has-post-thumbnail","6":"product_cat-denge-tekeri-wicke","7":"product_cat-denge-tekeri","9":"first","10":"instock","11":"taxable","12":"shipping-taxable","13":"purchasable","14":"product-type-simple"},"_links":{"self":[{"href":"https:\/\/ceoparts.com\/de\/wp-json\/wp\/v2\/product\/10486","targetHints":{"allow":["GET"]}}],"collection":[{"href":"https:\/\/ceoparts.com\/de\/wp-json\/wp\/v2\/product"}],"about":[{"href":"https:\/\/ceoparts.com\/de\/wp-json\/wp\/v2\/types\/product"}],"wp:featuredmedia":[{"embeddable":true,"href":"https:\/\/ceoparts.com\/de\/wp-json\/wp\/v2\/media\/15089"}],"wp:attachment":[{"href":"https:\/\/ceoparts.com\/de\/wp-json\/wp\/v2\/media?parent=10486"}],"wp:term":[{"taxonomy":"product_brand","embeddable":true,"href":"https:\/\/ceoparts.com\/de\/wp-json\/wp\/v2\/product_brand?post=10486"},{"taxonomy":"product_cat","embeddable":true,"href":"https:\/\/ceoparts.com\/de\/wp-json\/wp\/v2\/product_cat?post=10486"},{"taxonomy":"product_tag","embeddable":true,"href":"https:\/\/ceoparts.com\/de\/wp-json\/wp\/v2\/product_tag?post=10486"}],"curies":[{"name":"wp","href":"https:\/\/api.w.org\/{rel}","templated":true}]}}