{"id":10501,"date":"2024-09-17T16:10:32","date_gmt":"2024-09-17T13:10:32","guid":{"rendered":"https:\/\/ceoparts.com\/?post_type=product&#038;p=10501"},"modified":"2026-05-16T13:00:10","modified_gmt":"2026-05-16T10:00:10","slug":"125x50-54-20-tellure-rota-denge-tekeri","status":"publish","type":"product","link":"https:\/\/ceoparts.com\/de\/urun\/125x50-54-20-tellure-rota-denge-tekeri\/","title":{"rendered":"125&#215;50\/54-20 Tellure Rota Ausgleichsrad &#8211; 156259"},"content":{"rendered":"<p>125&#215;50\/54-20 Tellure Rota Ausgleichsrad &#8211; 156259<\/p>\n<p>MO 15<\/p>\n<p>PPO 1500MX<\/p>\n<p>MPH 16<br \/>\nMPL 10<br \/>\nMPL 12<br \/>\nMPL 12 F<br \/>\nMPL 16D<\/p>\n<p>PPH 1600 MX<\/p>\n<p>PPS 1000 MX<br \/>\nPPS 1200 MX<br \/>\nPPS 1200MXF<br \/>\nPPS 1600 MXD<\/p>\n<p>S12 F<br \/>\nS16 D<\/p>\n<p>SWE 080 L<br \/>\nSWE100 STAXIO<br \/>\nSWE 120 IKEA<br \/>\nSWE 120 STAXIO<br \/>\nSWE 120 L<br \/>\nSWE 120 LIKEA<br \/>\nSWE 140 STAXIO<br \/>\nSWE 140 L STAXIO<br \/>\nSWE 160 D IKEA<br \/>\nSWE 160D<br \/>\nSWE 200 D IKEA<br \/>\nSWE 200 D<\/p>\n<p>LWE 140 LEVIO<br \/>\nLWE 160LEVIO<br \/>\nLWE 180<br \/>\nLWE 180 LEVIO<br \/>\nLWE 200<br \/>\nLWE 200 N<br \/>\nLWE 250LEVIO<\/p>\n<p>MP 14 C<br \/>\nMP 14<br \/>\nMP 16<br \/>\nMP 20<br \/>\nMP 20L<\/p>\n<p>PPL 2000 MX<\/p>\n<p>PPT 1400 C<br \/>\nPPT 1400 MX<br \/>\nPPT 1400MXC<br \/>\nPPT 1600 MX<br \/>\nPPT 1800 MMD<br \/>\nPPT 2000 MX<br \/>\nPPT 2000MMD<\/p>\n<p>W18 ORION<br \/>\nW20 ORION<br \/>\nW20 N<\/p>","protected":false},"excerpt":{"rendered":"<p data-start=\"0\" data-end=\"847\"><br data-start=\"1642\" data-end=\"1645\" \/>Das 125\u00d750\/54-20 Tellure Rota Ausgleichsrad ist ein hochwertiges und langlebiges Ausgleichsrad, das f\u00fcr Tellure Rota Gabelstapler und Stapler entwickelt wurde. Mit seinem robusten Metallk\u00f6rper und der verschlei\u00dffesten Beschichtung sorgt es f\u00fcr Stabilit\u00e4tskontrolle und eine langfristige, st\u00f6rungsfreie Nutzung. Die hohe Tragf\u00e4higkeit und sto\u00dfd\u00e4mpfende Konstruktion unterst\u00fctzen die Maschinenstabilit\u00e4t bei schweren Lasten und gew\u00e4hrleisten einen sicheren und ger\u00e4uscharmen Betrieb. Ideales Ersatzteil f\u00fcr Tellure Rota Gabelstapler.<br data-start=\"2176\" data-end=\"2179\" \/><strong data-start=\"2179\" data-end=\"2197\">Eigenschaften:<\/strong><br data-start=\"2197\" data-end=\"2200\" \/><strong data-start=\"2200\" data-end=\"2216\">Produktname:<\/strong> 125\u00d750\/54-20 Tellure Rota Ausgleichsrad<br data-start=\"2256\" data-end=\"2259\" \/><strong data-start=\"2259\" data-end=\"2275\">Teilenummer:<\/strong> 156259<br data-start=\"2282\" data-end=\"2285\" \/><strong data-start=\"2285\" data-end=\"2298\">Material:<\/strong> Hochfeste Metalllegierung<br data-start=\"2324\" data-end=\"2327\" \/><strong data-start=\"2327\" data-end=\"2346\">Einsatzbereich:<\/strong> Tellure Rota Gabelstapler und Stapler<br data-start=\"2384\" data-end=\"2387\" \/><strong data-start=\"2387\" data-end=\"2399\">Vorteil:<\/strong> Hohe Tragf\u00e4higkeit, Sto\u00dfd\u00e4mpfung, lange Lebensdauer, ger\u00e4uscharmer und sicherer Betrieb<\/p>\n<p data-start=\"2491\" data-end=\"3366\">\n","protected":false},"featured_media":12046,"template":"","meta":[],"product_brand":[],"product_cat":[412,413,185],"product_tag":[],"class_list":{"0":"post-10501","1":"product","2":"type-product","3":"status-publish","4":"has-post-thumbnail","6":"product_cat-tellure-rota","7":"product_cat-tellure-rota-denge-tekeri","8":"product_cat-denge-tekeri","10":"first","11":"instock","12":"taxable","13":"shipping-taxable","14":"purchasable","15":"product-type-simple"},"_links":{"self":[{"href":"https:\/\/ceoparts.com\/de\/wp-json\/wp\/v2\/product\/10501","targetHints":{"allow":["GET"]}}],"collection":[{"href":"https:\/\/ceoparts.com\/de\/wp-json\/wp\/v2\/product"}],"about":[{"href":"https:\/\/ceoparts.com\/de\/wp-json\/wp\/v2\/types\/product"}],"wp:featuredmedia":[{"embeddable":true,"href":"https:\/\/ceoparts.com\/de\/wp-json\/wp\/v2\/media\/12046"}],"wp:attachment":[{"href":"https:\/\/ceoparts.com\/de\/wp-json\/wp\/v2\/media?parent=10501"}],"wp:term":[{"taxonomy":"product_brand","embeddable":true,"href":"https:\/\/ceoparts.com\/de\/wp-json\/wp\/v2\/product_brand?post=10501"},{"taxonomy":"product_cat","embeddable":true,"href":"https:\/\/ceoparts.com\/de\/wp-json\/wp\/v2\/product_cat?post=10501"},{"taxonomy":"product_tag","embeddable":true,"href":"https:\/\/ceoparts.com\/de\/wp-json\/wp\/v2\/product_tag?post=10501"}],"curies":[{"name":"wp","href":"https:\/\/api.w.org\/{rel}","templated":true}]}}