{"id":10534,"date":"2024-09-18T10:31:00","date_gmt":"2024-09-18T07:31:00","guid":{"rendered":"https:\/\/ceoparts.com\/?post_type=product&#038;p=10534"},"modified":"2026-05-16T17:05:12","modified_gmt":"2026-05-16T14:05:12","slug":"150x35-12-stellana-vulkollan-denge-tekeri","status":"publish","type":"product","link":"https:\/\/ceoparts.com\/de\/urun\/150x35-12-stellana-vulkollan-denge-tekeri\/","title":{"rendered":"150&#215;40\/55-13 Stellana Vulkollan Ausgleichsrad &#8211; 247504"},"content":{"rendered":"<p>150&#215;40\/55-13 Stellana Vulkollan Ausgleichsrad &#8211; 247504<\/p>\n<p>BT 247504, 7553008<\/p>\n<p>LSE200<\/p>\n<p>SSE135, 135L<\/p>\n<p>SSE160, 160D, 160L<\/p>","protected":false},"excerpt":{"rendered":"<p data-start=\"0\" data-end=\"859\"><br data-start=\"1712\" data-end=\"1715\" \/>Das 150\u00d740\/55-13 Stellana Vulkollan Ausgleichsrad ist ein hochwertiges Ausgleichsrad, das speziell f\u00fcr Stellana Gabelstapler und Stapler gefertigt wurde. Dank der Vulkollan-Beschichtung bietet es hervorragende Verschlei\u00dffestigkeit und ausgezeichnete Sto\u00dfd\u00e4mpfung. Es gew\u00e4hrleistet die Stabilit\u00e4t des Gabelstaplers und erm\u00f6glicht einen sicheren, komfortablen und gleichm\u00e4\u00dfigen Betrieb. Besonders ideal f\u00fcr den Einsatz bei hohen Lasten und engen Man\u00f6vrierfl\u00e4chen mit langlebiger und leiser Arbeitsleistung. Ein perfektes Ersatzteil f\u00fcr Stellana Gabelstapler.<br data-start=\"2271\" data-end=\"2274\" \/><strong data-start=\"2274\" data-end=\"2292\">Eigenschaften:<\/strong><br data-start=\"2292\" data-end=\"2295\" \/><strong data-start=\"2295\" data-end=\"2311\">Produktname:<\/strong> 150\u00d740\/55-13 Stellana Vulkollan Ausgleichsrad<br data-start=\"2357\" data-end=\"2360\" \/><strong data-start=\"2360\" data-end=\"2376\">Teilenummer:<\/strong> 247504<br data-start=\"2383\" data-end=\"2386\" \/><strong data-start=\"2386\" data-end=\"2399\">Material:<\/strong> Vulkollan-Beschichtung + hochfeste Metalllegierung<br data-start=\"2450\" data-end=\"2453\" \/><strong data-start=\"2453\" data-end=\"2472\">Einsatzbereich:<\/strong> Stellana Gabelstapler und Stapler<br data-start=\"2506\" data-end=\"2509\" \/><strong data-start=\"2509\" data-end=\"2521\">Vorteil:<\/strong> Hohe Verschlei\u00dffestigkeit, Sto\u00dfd\u00e4mpfung, langlebig und leiser Betrieb, hohe Tragf\u00e4higkeit<\/p>\n<p data-start=\"2615\" data-end=\"3564\">\n","protected":false},"featured_media":16435,"template":"","meta":[],"product_brand":[],"product_cat":[417,251,252,185],"product_tag":[],"class_list":{"0":"post-10534","1":"product","2":"type-product","3":"status-publish","4":"has-post-thumbnail","6":"product_cat-denge-tekeri-stellana","7":"product_cat-bt","8":"product_cat-denge-tekeri-bt","9":"product_cat-denge-tekeri","11":"first","12":"instock","13":"taxable","14":"shipping-taxable","15":"purchasable","16":"product-type-simple"},"_links":{"self":[{"href":"https:\/\/ceoparts.com\/de\/wp-json\/wp\/v2\/product\/10534","targetHints":{"allow":["GET"]}}],"collection":[{"href":"https:\/\/ceoparts.com\/de\/wp-json\/wp\/v2\/product"}],"about":[{"href":"https:\/\/ceoparts.com\/de\/wp-json\/wp\/v2\/types\/product"}],"wp:featuredmedia":[{"embeddable":true,"href":"https:\/\/ceoparts.com\/de\/wp-json\/wp\/v2\/media\/16435"}],"wp:attachment":[{"href":"https:\/\/ceoparts.com\/de\/wp-json\/wp\/v2\/media?parent=10534"}],"wp:term":[{"taxonomy":"product_brand","embeddable":true,"href":"https:\/\/ceoparts.com\/de\/wp-json\/wp\/v2\/product_brand?post=10534"},{"taxonomy":"product_cat","embeddable":true,"href":"https:\/\/ceoparts.com\/de\/wp-json\/wp\/v2\/product_cat?post=10534"},{"taxonomy":"product_tag","embeddable":true,"href":"https:\/\/ceoparts.com\/de\/wp-json\/wp\/v2\/product_tag?post=10534"}],"curies":[{"name":"wp","href":"https:\/\/api.w.org\/{rel}","templated":true}]}}