{"id":10548,"date":"2024-09-18T11:11:26","date_gmt":"2024-09-18T08:11:26","guid":{"rendered":"https:\/\/ceoparts.com\/?post_type=product&#038;p=10548"},"modified":"2026-05-03T17:14:39","modified_gmt":"2026-05-03T14:14:39","slug":"150x48-65-12-wicke-denge-tekeri","status":"publish","type":"product","link":"https:\/\/ceoparts.com\/de\/urun\/150x48-65-12-wicke-denge-tekeri\/","title":{"rendered":"150&#215;48\/65-12 Wicke Ausgleichsrad &#8211; 0039903515"},"content":{"rendered":"<p>150&#215;48\/65-12 Wicke Ausgleichsrad &#8211; 0039903515<\/p>\n<p>0039903515, 0039903514, 0039903577<\/p>\n<p>50\u00d748\/60\/65-12\u00a0 Linde 0039903515<\/p>\n<p>372\u00a0L14\/16<br \/>\n372\u00a0L14\/16\/L14AP\/16AP<br \/>\n379\u00a0L10\/12-L10\/12AS<\/p>","protected":false},"excerpt":{"rendered":"<p data-start=\"0\" data-end=\"676\"><br data-start=\"1324\" data-end=\"1327\" \/>Das 150\u00d748\/65-12 Wicke Ausgleichsrad ist ein langlebiges und leistungsstarkes Ausgleichsrad, das f\u00fcr Wicke Gabelstapler und Stapler hergestellt wird. Hergestellt aus hochwertigen Materialien, sorgt es f\u00fcr Maschinenstabilit\u00e4t und eine sichere, gleichm\u00e4\u00dfige Bewegung. Die robuste Konstruktion garantiert eine lange Lebensdauer, auch unter harten Arbeitsbedingungen. Ein idealer Ersatzteil f\u00fcr Wicke-Gabelstapler.<br data-start=\"1737\" data-end=\"1740\" \/><strong data-start=\"1740\" data-end=\"1758\">Eigenschaften:<\/strong><br data-start=\"1758\" data-end=\"1761\" \/><strong data-start=\"1761\" data-end=\"1777\">Produktname:<\/strong> 150\u00d748\/65-12 Wicke Ausgleichsrad<br data-start=\"1810\" data-end=\"1813\" \/><strong data-start=\"1813\" data-end=\"1829\">Teilenummer:<\/strong> 0039903515<br data-start=\"1840\" data-end=\"1843\" \/><strong data-start=\"1843\" data-end=\"1856\">Material:<\/strong> Hochfeste Metalllegierung<br data-start=\"1882\" data-end=\"1885\" \/><strong data-start=\"1885\" data-end=\"1904\">Einsatzbereich:<\/strong> Wicke Gabelstapler und Stapler<br data-start=\"1935\" data-end=\"1938\" \/><strong data-start=\"1938\" data-end=\"1950\">Vorteil:<\/strong> Lange Lebensdauer, hohe Haltbarkeit, Stabilit\u00e4t, sto\u00dffest<\/p>\n<p data-start=\"2012\" data-end=\"2742\">\n","protected":false},"featured_media":16439,"template":"","meta":[],"product_brand":[],"product_cat":[246,247,403,185],"product_tag":[],"class_list":{"0":"post-10548","1":"product","2":"type-product","3":"status-publish","4":"has-post-thumbnail","6":"product_cat-linde","7":"product_cat-denge-tekeri-linde","8":"product_cat-denge-tekeri-wicke","9":"product_cat-denge-tekeri","11":"first","12":"instock","13":"taxable","14":"shipping-taxable","15":"purchasable","16":"product-type-simple"},"_links":{"self":[{"href":"https:\/\/ceoparts.com\/de\/wp-json\/wp\/v2\/product\/10548","targetHints":{"allow":["GET"]}}],"collection":[{"href":"https:\/\/ceoparts.com\/de\/wp-json\/wp\/v2\/product"}],"about":[{"href":"https:\/\/ceoparts.com\/de\/wp-json\/wp\/v2\/types\/product"}],"wp:featuredmedia":[{"embeddable":true,"href":"https:\/\/ceoparts.com\/de\/wp-json\/wp\/v2\/media\/16439"}],"wp:attachment":[{"href":"https:\/\/ceoparts.com\/de\/wp-json\/wp\/v2\/media?parent=10548"}],"wp:term":[{"taxonomy":"product_brand","embeddable":true,"href":"https:\/\/ceoparts.com\/de\/wp-json\/wp\/v2\/product_brand?post=10548"},{"taxonomy":"product_cat","embeddable":true,"href":"https:\/\/ceoparts.com\/de\/wp-json\/wp\/v2\/product_cat?post=10548"},{"taxonomy":"product_tag","embeddable":true,"href":"https:\/\/ceoparts.com\/de\/wp-json\/wp\/v2\/product_tag?post=10548"}],"curies":[{"name":"wp","href":"https:\/\/api.w.org\/{rel}","templated":true}]}}