{"id":10556,"date":"2024-09-18T11:39:10","date_gmt":"2024-09-18T08:39:10","guid":{"rendered":"https:\/\/ceoparts.com\/?post_type=product&#038;p=10556"},"modified":"2026-05-16T13:24:29","modified_gmt":"2026-05-16T10:24:29","slug":"150x50-50-45-wicke-denge-tekeri","status":"publish","type":"product","link":"https:\/\/ceoparts.com\/de\/urun\/150x50-50-45-wicke-denge-tekeri\/","title":{"rendered":"150&#215;50\/54-45 Wicke Ausgleichsrad"},"content":{"rendered":"<p>150&#215;50\/54-45 Wicke Ausgleichsrad<\/p>","protected":false},"excerpt":{"rendered":"<p data-start=\"0\" data-end=\"733\"><br data-start=\"1426\" data-end=\"1429\" \/>Das 150\u00d750\/54-45 Wicke F\u00fchrungs-Ausgleichsrad ist ein hochwertiges F\u00fchrungs- und Ausgleichsrad, das speziell f\u00fcr Wicke Gabelstapler und Stapler entwickelt wurde. Hergestellt aus langlebigen Materialien, gew\u00e4hrleistet es pr\u00e4zise Lenkung und Stabilit\u00e4t der Maschine. Mit hoher Verschlei\u00dffestigkeit und Sto\u00dffestigkeit bietet es eine lange Lebensdauer unter harten Arbeitsbedingungen. Ein zuverl\u00e4ssiges Ersatzteil f\u00fcr Gabelstaplerfahrer.<br data-start=\"1862\" data-end=\"1865\" \/><strong data-start=\"1865\" data-end=\"1883\">Eigenschaften:<\/strong><br data-start=\"1883\" data-end=\"1886\" \/><strong data-start=\"1886\" data-end=\"1902\">Produktname:<\/strong> 150\u00d750\/54-45 Wicke F\u00fchrungs-Ausgleichsrad<br data-start=\"1944\" data-end=\"1947\" \/><strong data-start=\"1947\" data-end=\"1963\">Teilenummer:<\/strong> &#8211;<br data-start=\"1965\" data-end=\"1968\" \/><strong data-start=\"1968\" data-end=\"1981\">Material:<\/strong> Hochfeste Metalllegierung<br data-start=\"2007\" data-end=\"2010\" \/><strong data-start=\"2010\" data-end=\"2029\">Einsatzbereich:<\/strong> Wicke Gabelstapler und Stapler<br data-start=\"2060\" data-end=\"2063\" \/><strong data-start=\"2063\" data-end=\"2075\">Vorteil:<\/strong> Pr\u00e4zise Lenkung, hohe Haltbarkeit, lange Lebensdauer, sto\u00dffest<\/p>\n<p data-start=\"2142\" data-end=\"2905\">\n","protected":false},"featured_media":16447,"template":"","meta":[],"product_brand":[],"product_cat":[403,185],"product_tag":[],"class_list":{"0":"post-10556","1":"product","2":"type-product","3":"status-publish","4":"has-post-thumbnail","6":"product_cat-denge-tekeri-wicke","7":"product_cat-denge-tekeri","9":"first","10":"instock","11":"taxable","12":"shipping-taxable","13":"purchasable","14":"product-type-simple"},"_links":{"self":[{"href":"https:\/\/ceoparts.com\/de\/wp-json\/wp\/v2\/product\/10556","targetHints":{"allow":["GET"]}}],"collection":[{"href":"https:\/\/ceoparts.com\/de\/wp-json\/wp\/v2\/product"}],"about":[{"href":"https:\/\/ceoparts.com\/de\/wp-json\/wp\/v2\/types\/product"}],"wp:featuredmedia":[{"embeddable":true,"href":"https:\/\/ceoparts.com\/de\/wp-json\/wp\/v2\/media\/16447"}],"wp:attachment":[{"href":"https:\/\/ceoparts.com\/de\/wp-json\/wp\/v2\/media?parent=10556"}],"wp:term":[{"taxonomy":"product_brand","embeddable":true,"href":"https:\/\/ceoparts.com\/de\/wp-json\/wp\/v2\/product_brand?post=10556"},{"taxonomy":"product_cat","embeddable":true,"href":"https:\/\/ceoparts.com\/de\/wp-json\/wp\/v2\/product_cat?post=10556"},{"taxonomy":"product_tag","embeddable":true,"href":"https:\/\/ceoparts.com\/de\/wp-json\/wp\/v2\/product_tag?post=10556"}],"curies":[{"name":"wp","href":"https:\/\/api.w.org\/{rel}","templated":true}]}}