{"id":10561,"date":"2024-09-18T14:25:07","date_gmt":"2024-09-18T11:25:07","guid":{"rendered":"https:\/\/ceoparts.com\/?post_type=product&#038;p=10561"},"modified":"2026-05-16T15:00:40","modified_gmt":"2026-05-16T12:00:40","slug":"150x54-60-20-tellure-rota-denge-tekeri","status":"publish","type":"product","link":"https:\/\/ceoparts.com\/de\/urun\/150x54-60-20-tellure-rota-denge-tekeri\/","title":{"rendered":"150&#215;54\/60-20 Tellure Rota Ausgleichsrad &#8211; 1694817"},"content":{"rendered":"<p>150&#215;54\/60-20 Tellure Rota Ausgleichsrad &#8211; 1694817<\/p>\n<div class=\"font12\">Hyster C456 (S 1.6 AC)<\/div>\n<div class=\"font12\"><\/div>\n<div class=\"font12\">EJC 12,5 \/ 9.92 &#8211; 7.93<br \/>\nEJC 12 \/ 9.92 &#8211; 7.93<br \/>\nEJC-L 10 \/ 5.93 &#8211; 7.93<br \/>\nEJC-L 10 \/ 5.94 &#8211; 6.96<br \/>\nEJC-Z 12,5\/16 \/ 7.94 &#8211; 6.96<br \/>\nEJC 08\/10 \/ 12.84 &#8211; 8.86<br \/>\nEJC 16 \/ 10.88 &#8211; 10.92<br \/>\nEJC 16 \/ 11.92 &#8211; 7.93<br \/>\nEJC-Z 12,5 \/ 10.88 &#8211; 12.92<br \/>\nEJC-Z 12,5 \/ 1.93 &#8211; 7.93<br \/>\nEJC-Z 16 \/ 1.93 &#8211; 7.93<br \/>\nEJC-L 10 \/ 7.96 &#8211; 9.97<br \/>\nEJC 14\/16 \/ 6.98 &#8211; 2.06<\/div>\n<div class=\"font12\"><\/div>\n<div class=\"font12\">EJD 20-4 \/ 5.94 \u2013 10.94<br \/>\nEJD 20-4 \/ 10.94 &#8211; 3.95<br \/>\nEJD 20-4 \/ 4.95 \u2013 12.01<\/div>\n<div class=\"font12\"><\/div>\n<div class=\"font12\">EJE 16-4 \/ 1.00 &#8211;<br \/>\nEJE 16-4 \/ 8.96 &#8211; 12.99<\/div>\n<div class=\"font12\"><\/div>\n<div class=\"font12\">ERC 12,5 \/ 7.88 &#8211; 9.94<br \/>\nERC 12,5 \/ 8.85 &#8211; 3.87<br \/>\nERC 12,5 \/ 4.87 &#8211; 6.88<\/div>\n<div class=\"font12\"><\/div>\n<div class=\"font12\">ERE 20 \/ 1.92 &#8211; 4.94<br \/>\nERE 20 \/ 5.94 &#8211; 6.97<br \/>\nERE 20 \/ 11.83 &#8211; 8.84<br \/>\nEMC 110\/ 10<\/div>","protected":false},"excerpt":{"rendered":"<div>\n<p data-start=\"0\" data-end=\"712\"><br data-start=\"1385\" data-end=\"1388\" \/>Das 150\u00d754\/60-20 Tellure Rota Ausgleichsrad ist ein langlebiges und hochwertiges Ausgleichsrad, das f\u00fcr Tellure Rota Gabelstapler und Stapler hergestellt wird. Es besteht aus leistungsstarken Materialien und sorgt f\u00fcr Maschinenstabilit\u00e4t sowie eine sichere und gleichm\u00e4\u00dfige Bewegung. Sein robustes Design h\u00e4lt harten Arbeitsbedingungen stand und garantiert eine lange Lebensdauer. Ein idealer Ersatzteil f\u00fcr Tellure Rota Gabelstapler.<br data-start=\"1822\" data-end=\"1825\" \/><strong data-start=\"1825\" data-end=\"1843\">Eigenschaften:<\/strong><br data-start=\"1843\" data-end=\"1846\" \/><strong data-start=\"1846\" data-end=\"1862\">Produktname:<\/strong> 150\u00d754\/60-20 Tellure Rota Ausgleichsrad<br data-start=\"1902\" data-end=\"1905\" \/><strong data-start=\"1905\" data-end=\"1921\">Teilenummer:<\/strong> 1694817<br data-start=\"1929\" data-end=\"1932\" \/><strong data-start=\"1932\" data-end=\"1945\">Material:<\/strong> Hochfeste Metalllegierung<br data-start=\"1971\" data-end=\"1974\" \/><strong data-start=\"1974\" data-end=\"1993\">Einsatzbereich:<\/strong> Tellure Rota Gabelstapler und Stapler<br data-start=\"2031\" data-end=\"2034\" \/><strong data-start=\"2034\" data-end=\"2046\">Vorteil:<\/strong> Lange Lebensdauer, hohe Haltbarkeit, Stabilit\u00e4t, sto\u00dffest<\/p>\n<p data-start=\"2108\" data-end=\"2861\">\n","protected":false},"featured_media":16452,"template":"","meta":[],"product_brand":[],"product_cat":[413,256,258,412,185],"product_tag":[],"class_list":{"0":"post-10561","1":"product","2":"type-product","3":"status-publish","4":"has-post-thumbnail","6":"product_cat-tellure-rota-denge-tekeri","7":"product_cat-hyster","8":"product_cat-denge-tekeri-hyster","9":"product_cat-tellure-rota","10":"product_cat-denge-tekeri","12":"first","13":"instock","14":"taxable","15":"shipping-taxable","16":"purchasable","17":"product-type-simple"},"_links":{"self":[{"href":"https:\/\/ceoparts.com\/de\/wp-json\/wp\/v2\/product\/10561","targetHints":{"allow":["GET"]}}],"collection":[{"href":"https:\/\/ceoparts.com\/de\/wp-json\/wp\/v2\/product"}],"about":[{"href":"https:\/\/ceoparts.com\/de\/wp-json\/wp\/v2\/types\/product"}],"wp:featuredmedia":[{"embeddable":true,"href":"https:\/\/ceoparts.com\/de\/wp-json\/wp\/v2\/media\/16452"}],"wp:attachment":[{"href":"https:\/\/ceoparts.com\/de\/wp-json\/wp\/v2\/media?parent=10561"}],"wp:term":[{"taxonomy":"product_brand","embeddable":true,"href":"https:\/\/ceoparts.com\/de\/wp-json\/wp\/v2\/product_brand?post=10561"},{"taxonomy":"product_cat","embeddable":true,"href":"https:\/\/ceoparts.com\/de\/wp-json\/wp\/v2\/product_cat?post=10561"},{"taxonomy":"product_tag","embeddable":true,"href":"https:\/\/ceoparts.com\/de\/wp-json\/wp\/v2\/product_tag?post=10561"}],"curies":[{"name":"wp","href":"https:\/\/api.w.org\/{rel}","templated":true}]}}