{"id":10573,"date":"2024-09-18T14:57:44","date_gmt":"2024-09-18T11:57:44","guid":{"rendered":"https:\/\/ceoparts.com\/?post_type=product&#038;p=10573"},"modified":"2026-05-03T06:11:07","modified_gmt":"2026-05-03T03:11:07","slug":"150x79-20-wicke-denge-tekeri","status":"publish","type":"product","link":"https:\/\/ceoparts.com\/de\/urun\/150x79-20-wicke-denge-tekeri\/","title":{"rendered":"150&#215;79\/79-20 Wicke Ausgleichsrad &#8211; 1644573 PU"},"content":{"rendered":"<p>150&#215;79\/79-20 Wicke Ausgleichsrad &#8211; 1644573 PU<\/p>","protected":false},"excerpt":{"rendered":"<p data-start=\"0\" data-end=\"744\"><br data-start=\"1464\" data-end=\"1467\" \/>Das 150\u00d779\/79-20 Wicke Ausgleichsrad ist ein langlebiges, leistungsstarkes Ausgleichsrad, das f\u00fcr Wicke Gabelstapler und Stapler hergestellt wird. Es besteht aus Polyurethan (PU) und bietet eine hohe Verschlei\u00dffestigkeit und lange Lebensdauer. Es sorgt f\u00fcr Maschinenstabilit\u00e4t und eine sichere, gleichm\u00e4\u00dfige Bewegung. Die robuste Konstruktion h\u00e4lt harten Arbeitsbedingungen stand und verbessert die Betriebseffizienz. Ein idealer Ersatzteil f\u00fcr Wicke-Gabelstapler.<br data-start=\"1931\" data-end=\"1934\" \/><strong data-start=\"1934\" data-end=\"1952\">Eigenschaften:<\/strong><br data-start=\"1952\" data-end=\"1955\" \/><strong data-start=\"1955\" data-end=\"1971\">Produktname:<\/strong> 150\u00d779\/79-20 Wicke Ausgleichsrad (PU)<br data-start=\"2009\" data-end=\"2012\" \/><strong data-start=\"2012\" data-end=\"2028\">Teilenummer:<\/strong> 1644573<br data-start=\"2036\" data-end=\"2039\" \/><strong data-start=\"2039\" data-end=\"2052\">Material:<\/strong> Polyurethan (PU), hohe Verschlei\u00dffestigkeit<br data-start=\"2096\" data-end=\"2099\" \/><strong data-start=\"2099\" data-end=\"2118\">Einsatzbereich:<\/strong> Wicke Gabelstapler und Stapler<br data-start=\"2149\" data-end=\"2152\" \/><strong data-start=\"2152\" data-end=\"2164\">Vorteil:<\/strong> Lange Lebensdauer, hohe Haltbarkeit, Stabilit\u00e4t, sto\u00dffest<\/p>\n<p data-start=\"2226\" data-end=\"3027\">\n","protected":false},"featured_media":10576,"template":"","meta":[],"product_brand":[],"product_cat":[403,185],"product_tag":[],"class_list":{"0":"post-10573","1":"product","2":"type-product","3":"status-publish","4":"has-post-thumbnail","6":"product_cat-denge-tekeri-wicke","7":"product_cat-denge-tekeri","9":"first","10":"instock","11":"taxable","12":"shipping-taxable","13":"purchasable","14":"product-type-simple"},"_links":{"self":[{"href":"https:\/\/ceoparts.com\/de\/wp-json\/wp\/v2\/product\/10573","targetHints":{"allow":["GET"]}}],"collection":[{"href":"https:\/\/ceoparts.com\/de\/wp-json\/wp\/v2\/product"}],"about":[{"href":"https:\/\/ceoparts.com\/de\/wp-json\/wp\/v2\/types\/product"}],"wp:featuredmedia":[{"embeddable":true,"href":"https:\/\/ceoparts.com\/de\/wp-json\/wp\/v2\/media\/10576"}],"wp:attachment":[{"href":"https:\/\/ceoparts.com\/de\/wp-json\/wp\/v2\/media?parent=10573"}],"wp:term":[{"taxonomy":"product_brand","embeddable":true,"href":"https:\/\/ceoparts.com\/de\/wp-json\/wp\/v2\/product_brand?post=10573"},{"taxonomy":"product_cat","embeddable":true,"href":"https:\/\/ceoparts.com\/de\/wp-json\/wp\/v2\/product_cat?post=10573"},{"taxonomy":"product_tag","embeddable":true,"href":"https:\/\/ceoparts.com\/de\/wp-json\/wp\/v2\/product_tag?post=10573"}],"curies":[{"name":"wp","href":"https:\/\/api.w.org\/{rel}","templated":true}]}}