{"id":10593,"date":"2024-09-19T10:03:02","date_gmt":"2024-09-19T07:03:02","guid":{"rendered":"https:\/\/ceoparts.com\/?post_type=product&#038;p=10593"},"modified":"2026-05-16T14:57:26","modified_gmt":"2026-05-16T11:57:26","slug":"180x65-25-wicke-denge-tekeri","status":"publish","type":"product","link":"https:\/\/ceoparts.com\/de\/urun\/180x65-25-wicke-denge-tekeri\/","title":{"rendered":"180&#215;65\/75-25 Wicke Ausgleichsrad &#8211; 51367028, 27637400"},"content":{"rendered":"<p>180&#215;65\/75-25 Wicke Ausgleichsrad &#8211; 51367028, 27637400<\/p>\n<div class=\"font12\">Jungheinrich 27637400, 51056244, 50316136, 51367028<\/div>\n<div class=\"font12\"><\/div>\n<div class=\"font12\">ECE 20 \/ 3.93 &#8211; 8.97<\/div>\n<div class=\"font12\">ECC 10 \/ 5.94 &#8211; 3.98<br \/>\nECC 10 \/ 4.98 &#8211; 4.98<br \/>\nECC 10 AC \/ 2.03 &#8211; 3.04<br \/>\nECC SH 20 \/ 4.98 &#8211; 10.02<br \/>\nECC SH 20 AC \/ 11.02 &#8211; 3.04<\/div>\n<div class=\"font12\">ECE 20 \/ 3.93 &#8211; 8.97<br \/>\nECE 20 &#8211; TC \/ 7.99 &#8211; 3.03<br \/>\nECE 20 AC \/ 7.01 &#8211; 3.04<br \/>\nECE 20 AC XL \/ 6.02 &#8211; 3.04<br \/>\nECE 20 ASDA\/SAFEWAY \/ 3.00 &#8211; 9.02<br \/>\nECE 20 hebbare Standplattform \/ 9.97 &#8211; 12.02<br \/>\nECE 20 Serie\/Tesco -03.2000 \/ 4.98 &#8211; 2.00<br \/>\nECE 20 Tesco \/ 3.00 &#8211; 9.02<br \/>\nECE 220 HP AC \/ 4.04 &#8211; 11.07<br \/>\nECE 220 XL \/ 4.04 &#8211; 3.08<br \/>\nECE 220-ac \/ 4.04 &#8211; 4.07<br \/>\nECE 220\/225 \/ 12.06 &#8211; 7.09<br \/>\nECE 220\/225 \/ 8.09 &#8211;<br \/>\nECE 225 HP \/ 12.07 &#8211;<br \/>\nECE 225 XL \/ 12.07 &#8211; 12.08<br \/>\nECE 225 XL \/ 1.09 &#8211;<br \/>\nECE 310 \/ 4.04 &#8211; 12.07<br \/>\nECE 310 \/ 1.08 &#8211;<br \/>\nECE 320 \/ 4.04 &#8211; 12.07<br \/>\nECE 320 \/ 1.08 &#8211; 7.09<br \/>\nECE 320 \/ 8.09 &#8211;<\/div>\n<div class=\"font12\">EJE-L 16 \/ 8.93 &#8211; 1.96<\/div>\n<div class=\"font12\">EKC 12,5 \/ 16 \/ 2.95 &#8211; 12.99<br \/>\nEKC 12,5 \/ 16 \/ 1.00 &#8211; 4.04<br \/>\nEKC 20 \/ 5.04 &#8211; 12.04<br \/>\nEKC-Z \/ 5.04 &#8211; 12.04<br \/>\nEKC-Z 12,5 \/ 16 \/ 2.95 &#8211; 12.99<\/div>\n<div class=\"font12\">EKD 10-20 \/ 5.95 &#8211; 12.99<br \/>\nEKD 20 \/ 10.03 &#8211; 12.04<\/div>\n<div class=\"font12\">EKE 20 \/ 1.91 &#8211; 4.94<br \/>\nEKE 20 \/ 5.94 &#8211; 5.97<br \/>\nEKE 20 24V \/ 8.97 &#8211; 5.03<br \/>\nEKE 20 s \/ 8.03 &#8211; 12.04<\/div>\n<div class=\"font12\">ERC 12,5 \/ 7.88 &#8211; 9.94<br \/>\nESC 2 \/ 1.05 &#8211; 7.09<br \/>\nESC 214\/216Z \/ 8.09 &#8211;<br \/>\nESC 316\/316Z \/ 11.07 &#8211;<br \/>\nESC Z \/ 1.05 &#8211; 7.09<\/div>\n<div class=\"font12\">ESD 220 \/ 1.05 &#8211;<\/div>\n<div class=\"font12\">ESE 220 \/ 1.05 &#8211; 1.10<br \/>\nESE 320 \/ 1.05 &#8211; 1.10<\/div>","protected":false},"excerpt":{"rendered":"<p data-start=\"0\" data-end=\"728\"><br data-start=\"1426\" data-end=\"1429\" \/>Das 180\u00d765\/75-25 Wicke Ausgleichsrad ist ein hochwertiges Ausgleichsrad, das f\u00fcr Wicke Gabelstapler und Stapler hergestellt wird. Seine robuste Bauweise und hohe Tragf\u00e4higkeit sorgen f\u00fcr Maschinenstabilit\u00e4t und erm\u00f6glichen eine sichere, gleichm\u00e4\u00dfige Bewegung. Hergestellt aus langlebigen Materialien, h\u00e4lt dieses Rad auch harten Arbeitsbedingungen stand und steigert die Betriebseffizienz. Ein idealer Ersatzteil f\u00fcr Wicke-Gabelstapler.<br data-start=\"1865\" data-end=\"1868\" \/><strong data-start=\"1868\" data-end=\"1886\">Eigenschaften:<\/strong><br data-start=\"1886\" data-end=\"1889\" \/><strong data-start=\"1889\" data-end=\"1905\">Produktname:<\/strong> 180\u00d765\/75-25 Wicke Ausgleichsrad<br data-start=\"1938\" data-end=\"1941\" \/><strong data-start=\"1941\" data-end=\"1957\">Teilenummer:<\/strong> 51367028, 27637400<br data-start=\"1976\" data-end=\"1979\" \/><strong data-start=\"1979\" data-end=\"1992\">Material:<\/strong> Hochfester Metalllegierung<br data-start=\"2019\" data-end=\"2022\" \/><strong data-start=\"2022\" data-end=\"2041\">Einsatzbereich:<\/strong> Wicke Gabelstapler und Stapler<br data-start=\"2072\" data-end=\"2075\" \/><strong data-start=\"2075\" data-end=\"2087\">Vorteil:<\/strong> Hohe Haltbarkeit, Stabilit\u00e4t, lange Lebensdauer, sto\u00dffest<\/p>\n<p data-start=\"2149\" data-end=\"2924\">\n","protected":false},"featured_media":15106,"template":"","meta":[],"product_brand":[],"product_cat":[403,185],"product_tag":[],"class_list":{"0":"post-10593","1":"product","2":"type-product","3":"status-publish","4":"has-post-thumbnail","6":"product_cat-denge-tekeri-wicke","7":"product_cat-denge-tekeri","9":"first","10":"instock","11":"taxable","12":"shipping-taxable","13":"purchasable","14":"product-type-simple"},"_links":{"self":[{"href":"https:\/\/ceoparts.com\/de\/wp-json\/wp\/v2\/product\/10593","targetHints":{"allow":["GET"]}}],"collection":[{"href":"https:\/\/ceoparts.com\/de\/wp-json\/wp\/v2\/product"}],"about":[{"href":"https:\/\/ceoparts.com\/de\/wp-json\/wp\/v2\/types\/product"}],"wp:featuredmedia":[{"embeddable":true,"href":"https:\/\/ceoparts.com\/de\/wp-json\/wp\/v2\/media\/15106"}],"wp:attachment":[{"href":"https:\/\/ceoparts.com\/de\/wp-json\/wp\/v2\/media?parent=10593"}],"wp:term":[{"taxonomy":"product_brand","embeddable":true,"href":"https:\/\/ceoparts.com\/de\/wp-json\/wp\/v2\/product_brand?post=10593"},{"taxonomy":"product_cat","embeddable":true,"href":"https:\/\/ceoparts.com\/de\/wp-json\/wp\/v2\/product_cat?post=10593"},{"taxonomy":"product_tag","embeddable":true,"href":"https:\/\/ceoparts.com\/de\/wp-json\/wp\/v2\/product_tag?post=10593"}],"curies":[{"name":"wp","href":"https:\/\/api.w.org\/{rel}","templated":true}]}}