{"id":10607,"date":"2024-09-19T16:00:09","date_gmt":"2024-09-19T13:00:09","guid":{"rendered":"https:\/\/ceoparts.com\/?post_type=product&#038;p=10607"},"modified":"2026-05-16T07:28:20","modified_gmt":"2026-05-16T04:28:20","slug":"125x60-64-20-linde-denge-tekeri","status":"publish","type":"product","link":"https:\/\/ceoparts.com\/de\/urun\/125x60-64-20-linde-denge-tekeri\/","title":{"rendered":"125&#215;60\/62-20 Linde Stellana Ausgleichsrad"},"content":{"rendered":"<p>125&#215;60\/62-20 Linde Stellana Ausgleichsrad<\/p>\n<p>134 L 20 L\/LP<br \/>\n131 T20AP\/T20SP<br \/>\n131 T20AP\/T20SP<br \/>\n131 T20AP\/T20SP<br \/>\n132N20\/N24\/N20L\/N20LI<br \/>\n132 N20\/N24\/N20L\/N20LI<br \/>\n133L12\/L14-L12L\/L14L-L12LHP<br \/>\n141 T20AP<br \/>\n141 L12L\/L12LP<\/p>","protected":false},"excerpt":{"rendered":"<p data-start=\"0\" data-end=\"824\"><br data-start=\"1613\" data-end=\"1616\" \/>Das 125\u00d760\/62-20 Linde Stellana Ausgleichsrad ist ein hochwertiges Ausgleichsrad, das f\u00fcr Linde Gabelstapler und Stapler hergestellt wird. Dieses Rad aus Stellana-Material bietet hervorragende Verschlei\u00dffestigkeit und hohe Tragf\u00e4higkeit f\u00fcr eine langanhaltende Leistung. Es sorgt f\u00fcr Maschinenstabilit\u00e4t und sicheres, gleichm\u00e4\u00dfiges Fahren. Das sto\u00dffeste Design gew\u00e4hrleistet auch unter harten Arbeitsbedingungen hohe Leistung. Ein idealer Ersatzteil f\u00fcr Linde-Gabelstapler-Benutzer.<br data-start=\"2098\" data-end=\"2101\" \/><strong data-start=\"2101\" data-end=\"2119\">Eigenschaften:<\/strong><br data-start=\"2119\" data-end=\"2122\" \/><strong data-start=\"2122\" data-end=\"2138\">Produktname:<\/strong> 125\u00d760\/62-20 Linde Stellana Ausgleichsrad<br data-start=\"2180\" data-end=\"2183\" \/><strong data-start=\"2183\" data-end=\"2199\">Teilenummer:<\/strong> 0009933803<br data-start=\"2210\" data-end=\"2213\" \/><strong data-start=\"2213\" data-end=\"2226\">Material:<\/strong> Stellana, hohe Verschlei\u00dffestigkeit und Haltbarkeit<br data-start=\"2278\" data-end=\"2281\" \/><strong data-start=\"2281\" data-end=\"2300\">Einsatzbereich:<\/strong> Linde Gabelstapler und Stapler<br data-start=\"2331\" data-end=\"2334\" \/><strong data-start=\"2334\" data-end=\"2346\">Vorteil:<\/strong> Hohe Haltbarkeit, exzellente Balance, lange Lebensdauer, sto\u00dffest<\/p>\n<p data-start=\"2416\" data-end=\"3278\">\n","protected":false},"featured_media":16418,"template":"","meta":[],"product_brand":[],"product_cat":[417,246,247,252,416,185],"product_tag":[],"class_list":{"0":"post-10607","1":"product","2":"type-product","3":"status-publish","4":"has-post-thumbnail","6":"product_cat-denge-tekeri-stellana","7":"product_cat-linde","8":"product_cat-denge-tekeri-linde","9":"product_cat-denge-tekeri-bt","10":"product_cat-stellana","11":"product_cat-denge-tekeri","13":"first","14":"instock","15":"taxable","16":"shipping-taxable","17":"purchasable","18":"product-type-simple"},"_links":{"self":[{"href":"https:\/\/ceoparts.com\/de\/wp-json\/wp\/v2\/product\/10607","targetHints":{"allow":["GET"]}}],"collection":[{"href":"https:\/\/ceoparts.com\/de\/wp-json\/wp\/v2\/product"}],"about":[{"href":"https:\/\/ceoparts.com\/de\/wp-json\/wp\/v2\/types\/product"}],"wp:featuredmedia":[{"embeddable":true,"href":"https:\/\/ceoparts.com\/de\/wp-json\/wp\/v2\/media\/16418"}],"wp:attachment":[{"href":"https:\/\/ceoparts.com\/de\/wp-json\/wp\/v2\/media?parent=10607"}],"wp:term":[{"taxonomy":"product_brand","embeddable":true,"href":"https:\/\/ceoparts.com\/de\/wp-json\/wp\/v2\/product_brand?post=10607"},{"taxonomy":"product_cat","embeddable":true,"href":"https:\/\/ceoparts.com\/de\/wp-json\/wp\/v2\/product_cat?post=10607"},{"taxonomy":"product_tag","embeddable":true,"href":"https:\/\/ceoparts.com\/de\/wp-json\/wp\/v2\/product_tag?post=10607"}],"curies":[{"name":"wp","href":"https:\/\/api.w.org\/{rel}","templated":true}]}}