{"id":10620,"date":"2024-09-20T14:34:50","date_gmt":"2024-09-20T11:34:50","guid":{"rendered":"https:\/\/ceoparts.com\/?post_type=product&#038;p=10620"},"modified":"2026-05-16T18:40:45","modified_gmt":"2026-05-16T15:40:45","slug":"still-ecu-denge-mekanizmasi-takim-45584505505","status":"publish","type":"product","link":"https:\/\/ceoparts.com\/de\/urun\/still-ecu-denge-mekanizmasi-takim-45584505505\/","title":{"rendered":"Still 100&#215;40 ECU Team f\u00fcr das Gleichgewichtssystem &#8211; 45584505505"},"content":{"rendered":"<p>Still 100&#215;40 ECU Team f\u00fcr das Gleichgewichtssystem &#8211; 45584505505<\/p>\n<p>Still 45584505501<\/p>\n<p>Still ECU 14\/16\/18\/20<\/p>\n<p>Serie:<\/p>\n<p>F20164A&#8230;.<\/p>\n<p>F20176F&#8230;..<\/p>\n<p>F20165A&#8230;..<\/p>\n<p>F20166A&#8230;..<\/p>\n<p>F20167A&#8230;&#8230;<\/p>","protected":false},"excerpt":{"rendered":"<p data-start=\"111\" data-end=\"1029\"><br data-start=\"1943\" data-end=\"1946\" \/>Der 100\u00d740 Still ECU Ausgleichsmechanismus ist ein leistungsstarkes, radloses Bauteil, das speziell f\u00fcr Palettenhubwagen und Stapler der Marke Still entwickelt wurde. Er sorgt f\u00fcr Maschinenstabilit\u00e4t bei der Lastaufnahme und beim Man\u00f6vrieren und bietet den Bedienern eine sichere und kontrollierte Arbeitsweise. Verhindert Stabilit\u00e4tsverluste bei pl\u00f6tzlichen Richtungswechseln, verbessert so die Betriebseffizienz und Arbeitssicherheit. Hergestellt aus langlebiger Metalllegierung, gew\u00e4hrleistet er eine lange Lebensdauer und reduziert Wartungskosten. F\u00fcr Still Gabelstapler optimiert, verbessert dieser Ausgleichsmechanismus die Leistung und Haltbarkeit der Maschine.<br data-start=\"2614\" data-end=\"2617\" \/><strong data-start=\"2617\" data-end=\"2635\">Eigenschaften:<\/strong><br data-start=\"2635\" data-end=\"2638\" \/><strong data-start=\"2638\" data-end=\"2654\">Produktname:<\/strong> 100\u00d740 Still ECU Ausgleichsmechanismus (Ohne Rad)<br data-start=\"2704\" data-end=\"2707\" \/><strong data-start=\"2707\" data-end=\"2723\">Teilenummer:<\/strong> 45584505505<br data-start=\"2735\" data-end=\"2738\" \/><strong data-start=\"2738\" data-end=\"2751\">Material:<\/strong> Hochfeste Metalllegierung<br data-start=\"2777\" data-end=\"2780\" \/><strong data-start=\"2780\" data-end=\"2799\">Einsatzbereich:<\/strong> Still Palettenhubwagen und Stapler<br data-start=\"2834\" data-end=\"2837\" \/><strong data-start=\"2837\" data-end=\"2849\">Vorteil:<\/strong> Gew\u00e4hrleistet Laststabilit\u00e4t, sichere Bedienung, langlebige Konstruktion, lange Lebensdauer<\/p>\n<p data-start=\"2945\" data-end=\"4004\">\n","protected":false},"featured_media":13804,"template":"","meta":[],"product_brand":[],"product_cat":[241,242,420,421],"product_tag":[],"class_list":{"0":"post-10620","1":"product","2":"type-product","3":"status-publish","4":"has-post-thumbnail","6":"product_cat-still","7":"product_cat-denge-tekeri-still","8":"product_cat-denge-mekanizmalar","9":"product_cat-hyster-denge-mekanizma","11":"first","12":"instock","13":"taxable","14":"shipping-taxable","15":"purchasable","16":"product-type-simple"},"_links":{"self":[{"href":"https:\/\/ceoparts.com\/de\/wp-json\/wp\/v2\/product\/10620","targetHints":{"allow":["GET"]}}],"collection":[{"href":"https:\/\/ceoparts.com\/de\/wp-json\/wp\/v2\/product"}],"about":[{"href":"https:\/\/ceoparts.com\/de\/wp-json\/wp\/v2\/types\/product"}],"wp:featuredmedia":[{"embeddable":true,"href":"https:\/\/ceoparts.com\/de\/wp-json\/wp\/v2\/media\/13804"}],"wp:attachment":[{"href":"https:\/\/ceoparts.com\/de\/wp-json\/wp\/v2\/media?parent=10620"}],"wp:term":[{"taxonomy":"product_brand","embeddable":true,"href":"https:\/\/ceoparts.com\/de\/wp-json\/wp\/v2\/product_brand?post=10620"},{"taxonomy":"product_cat","embeddable":true,"href":"https:\/\/ceoparts.com\/de\/wp-json\/wp\/v2\/product_cat?post=10620"},{"taxonomy":"product_tag","embeddable":true,"href":"https:\/\/ceoparts.com\/de\/wp-json\/wp\/v2\/product_tag?post=10620"}],"curies":[{"name":"wp","href":"https:\/\/api.w.org\/{rel}","templated":true}]}}