{"id":10625,"date":"2024-09-20T15:47:15","date_gmt":"2024-09-20T12:47:15","guid":{"rendered":"https:\/\/ceoparts.com\/?post_type=product&#038;p=10625"},"modified":"2026-05-16T06:17:11","modified_gmt":"2026-05-16T03:17:11","slug":"140x54-jungheinrich-denge-mekanizmasi-takim","status":"publish","type":"product","link":"https:\/\/ceoparts.com\/de\/urun\/140x54-jungheinrich-denge-mekanizmasi-takim\/","title":{"rendered":"140&#215;54 Jungheinrich Team f\u00fcr das Gleichgewichtssystem &#8211; 51587409 , 51222048"},"content":{"rendered":"<p>140&#215;54 Jungheinrich Team f\u00fcr das Gleichgewichtssystem &#8211; 51587409 , 51222048<\/p>\n<p>Jungheinrich 51222048<\/p>\n<p>&nbsp;<\/p>\n<table border=\"0\" width=\"242\" cellspacing=\"0\" cellpadding=\"0\">\n<colgroup><\/colgroup>\n<colgroup>\n<col width=\"146\" \/>\n<col width=\"96\" \/><\/colgroup>\n<tbody>\n<tr>\n<td width=\"146\" height=\"20\"><span style=\"font-family: tim;\">ERC 212\/214\/216<\/span><\/td>\n<td width=\"96\"><span style=\"font-family: tim;\">3.11 &#8211;\u00a0<\/span><\/td>\n<\/tr>\n<tr>\n<td height=\"20\"><span style=\"font-family: tim;\">EJC 212z \/ 214z \/ 216z<\/span><\/td>\n<td><span style=\"font-family: tim;\">12.10 &#8211;\u00a0<\/span><\/td>\n<\/tr>\n<tr>\n<td height=\"20\"><span style=\"font-family: tim;\">EJC 214 \/ 216<\/span><\/td>\n<td><span style=\"font-family: tim;\">4.11 &#8211;\u00a0<\/span><\/td>\n<\/tr>\n<tr>\n<td height=\"20\"><span style=\"font-family: tim;\">EJC 110\/112\/212<\/span><\/td>\n<td><span style=\"font-family: tim;\">8.11 &#8211;\u00a0<\/span><\/td>\n<\/tr>\n<tr>\n<td height=\"20\"><span style=\"font-family: tim;\">EJC 214 \/ 216 (US)<\/span><\/td>\n<td><span style=\"font-family: tim;\">12.11 &#8211;\u00a0<\/span><\/td>\n<\/tr>\n<tr>\n<td height=\"20\"><span style=\"font-family: tim;\">EJC 220<\/span><\/td>\n<td><span style=\"font-family: tim;\">9.12 &#8211;\u00a0<\/span><\/td>\n<\/tr>\n<tr>\n<td height=\"20\"><span style=\"font-family: tim;\">EJC 112 RK<\/span><\/td>\n<td><span style=\"font-family: tim;\">2.13 &#8211;\u00a0<\/span><\/td>\n<\/tr>\n<tr>\n<td height=\"20\"><span style=\"font-family: tim;\">EJC 214 \/ 216<\/span><\/td>\n<td><span style=\"font-family: Calibri;\"><span style=\"font-family: tim;\">3.13 &#8211;<\/span>\u00a0<\/span><\/td>\n<\/tr>\n<\/tbody>\n<\/table>\n<p><\/p>","protected":false},"excerpt":{"rendered":"<p data-start=\"133\" data-end=\"1103\"><br data-start=\"2068\" data-end=\"2071\" \/>Der 140\u00d754 Jungheinrich Ausgleichsmechanismus ist ein speziell entwickeltes, radloses Bauteil f\u00fcr Palettenhubwagen und Stapler der Marke Jungheinrich. Er sorgt f\u00fcr Maschinenstabilit\u00e4t beim Lastentransport und Man\u00f6vrieren, sodass Bediener sicher und kontrolliert arbeiten k\u00f6nnen. Verhindert Stabilit\u00e4tsverluste bei pl\u00f6tzlichen Richtungswechseln und verbessert die Maschinenleistung. Hergestellt aus einer langlebigen Metalllegierung, bietet er eine lange Lebensdauer und reduziert Wartungsaufwand. Dieser Ausgleichsmechanismus unterst\u00fctzt die optimale Effizienz von Jungheinrich Gabelstaplern und ist entscheidend f\u00fcr Arbeitssicherheit und Betriebsabl\u00e4ufe.<br data-start=\"2726\" data-end=\"2729\" \/><strong data-start=\"2729\" data-end=\"2747\">Eigenschaften:<\/strong><br data-start=\"2747\" data-end=\"2750\" \/><strong data-start=\"2750\" data-end=\"2766\">Produktname:<\/strong> 140\u00d754 Jungheinrich Ausgleichsmechanismus (Ohne Rad)<br data-start=\"2819\" data-end=\"2822\" \/><strong data-start=\"2822\" data-end=\"2838\">Teilenummer:<\/strong> 51587409, 51222048<br data-start=\"2857\" data-end=\"2860\" \/><strong data-start=\"2860\" data-end=\"2873\">Material:<\/strong> Hochfeste Metalllegierung<br data-start=\"2899\" data-end=\"2902\" \/><strong data-start=\"2902\" data-end=\"2921\">Einsatzbereich:<\/strong> Jungheinrich Palettenhubwagen und Stapler<br data-start=\"2963\" data-end=\"2966\" \/><strong data-start=\"2966\" data-end=\"2978\">Vorteil:<\/strong> Gew\u00e4hrleistet Laststabilit\u00e4t, sichere Bedienung, langlebige Konstruktion, Betriebseffizienz<\/p>\n<hr data-start=\"3074\" data-end=\"3077\" \/>\n<p data-start=\"3079\" data-end=\"4154\">\n","protected":false},"featured_media":13802,"template":"","meta":[],"product_brand":[],"product_cat":[236,420,422,522],"product_tag":[],"class_list":{"0":"post-10625","1":"product","2":"type-product","3":"status-publish","4":"has-post-thumbnail","6":"product_cat-jungheinrich","7":"product_cat-denge-mekanizmalar","8":"product_cat-jungheinrich-denge-mekanizma","9":"product_cat-yedek-parca-jungheinrich","11":"first","12":"instock","13":"taxable","14":"shipping-taxable","15":"purchasable","16":"product-type-simple"},"_links":{"self":[{"href":"https:\/\/ceoparts.com\/de\/wp-json\/wp\/v2\/product\/10625","targetHints":{"allow":["GET"]}}],"collection":[{"href":"https:\/\/ceoparts.com\/de\/wp-json\/wp\/v2\/product"}],"about":[{"href":"https:\/\/ceoparts.com\/de\/wp-json\/wp\/v2\/types\/product"}],"wp:featuredmedia":[{"embeddable":true,"href":"https:\/\/ceoparts.com\/de\/wp-json\/wp\/v2\/media\/13802"}],"wp:attachment":[{"href":"https:\/\/ceoparts.com\/de\/wp-json\/wp\/v2\/media?parent=10625"}],"wp:term":[{"taxonomy":"product_brand","embeddable":true,"href":"https:\/\/ceoparts.com\/de\/wp-json\/wp\/v2\/product_brand?post=10625"},{"taxonomy":"product_cat","embeddable":true,"href":"https:\/\/ceoparts.com\/de\/wp-json\/wp\/v2\/product_cat?post=10625"},{"taxonomy":"product_tag","embeddable":true,"href":"https:\/\/ceoparts.com\/de\/wp-json\/wp\/v2\/product_tag?post=10625"}],"curies":[{"name":"wp","href":"https:\/\/api.w.org\/{rel}","templated":true}]}}