{"id":10629,"date":"2024-09-20T15:53:23","date_gmt":"2024-09-20T12:53:23","guid":{"rendered":"https:\/\/ceoparts.com\/?post_type=product&#038;p=10629"},"modified":"2026-05-16T14:33:27","modified_gmt":"2026-05-16T11:33:27","slug":"150x48-65-12-linde-still-denge-mekanizmasi-takim","status":"publish","type":"product","link":"https:\/\/ceoparts.com\/de\/urun\/150x48-65-12-linde-still-denge-mekanizmasi-takim\/","title":{"rendered":"150&#215;48\/65-12 Linde\/ Still Team f\u00fcr das Gleichgewichtssystem &#8211; 3794505500"},"content":{"rendered":"<p>150&#215;48\/65-12 Linde\/ Still Team f\u00fcr das Gleichgewichtssystem &#8211; 3794505500<\/p>\n<p>Linde 3794505500<\/p>\n<p>&nbsp;<\/p>\n<table border=\"0\" width=\"128\" cellspacing=\"0\" cellpadding=\"0\">\n<colgroup>\n<col span=\"2\" width=\"64\" \/><\/colgroup>\n<tbody>\n<tr>\n<td class=\"xl63\" width=\"64\" height=\"20\"><span style=\"font-family: tim;\">Family<\/span><\/td>\n<td class=\"xl63\" width=\"64\"><span style=\"font-family: tim;\">Model<\/span><\/td>\n<\/tr>\n<tr>\n<td class=\"xl63\" height=\"20\"><span style=\"font-family: tim;\">1173<\/span><\/td>\n<td class=\"xl63\"><span style=\"font-family: tim;\">L14\/L16\/L20<\/span><\/td>\n<\/tr>\n<tr>\n<td class=\"xl63\" height=\"20\"><span style=\"font-family: tim;\">372<\/span><\/td>\n<td class=\"xl63\"><span style=\"font-family: tim;\">L14\/16<\/span><\/td>\n<\/tr>\n<tr>\n<td class=\"xl63\" height=\"20\"><span style=\"font-family: tim;\">372<\/span><\/td>\n<td class=\"xl63\"><span style=\"font-family: tim;\">L14\/16\/L14AP\/16AP<\/span><\/td>\n<\/tr>\n<tr>\n<td class=\"xl63\" height=\"20\"><span style=\"font-family: tim;\">379<\/span><\/td>\n<td class=\"xl63\"><span style=\"font-family: tim;\">L10\/12-L10\/12AS<\/span><\/td>\n<\/tr>\n<\/tbody>\n<\/table>","protected":false},"excerpt":{"rendered":"<p data-start=\"139\" data-end=\"547\"><br data-start=\"1581\" data-end=\"1584\" \/>Der 150\u00d748\/65-12 Linde\/Still Ausgleichsmechanismus ist ein <strong data-start=\"1643\" data-end=\"1672\">radloses Ausgleichssystem<\/strong>, gefertigt f\u00fcr Linde und Still Palettenhubwagen und Stapler. Er sorgt f\u00fcr Maschinenstabilit\u00e4t beim Lastentransport und Man\u00f6vrieren und erm\u00f6glicht einen sicheren und gleichm\u00e4\u00dfigen Betrieb. Verhindert pl\u00f6tzliches Umkippen bei Richtungswechseln und verbessert die Betriebseffizienz. Robuste Metallkonstruktion f\u00fcr eine lange Lebensdauer.<\/p>\n<p data-start=\"2009\" data-end=\"2330\"><strong data-start=\"2009\" data-end=\"2027\">Eigenschaften:<\/strong><br data-start=\"2027\" data-end=\"2030\" \/><strong data-start=\"2030\" data-end=\"2046\">Produktname:<\/strong> 150\u00d748\/65-12 Linde\/Still Ausgleichsmechanismus (Ohne Rad)<br data-start=\"2104\" data-end=\"2107\" \/><strong data-start=\"2107\" data-end=\"2123\">Teilenummer:<\/strong> 3794505500<br data-start=\"2134\" data-end=\"2137\" \/><strong data-start=\"2137\" data-end=\"2150\">Material:<\/strong> Hochfeste Metalllegierung<br data-start=\"2176\" data-end=\"2179\" \/><strong data-start=\"2179\" data-end=\"2198\">Einsatzbereich:<\/strong> Linde und Still Palettenhubwagen und Stapler<br data-start=\"2243\" data-end=\"2246\" \/><strong data-start=\"2246\" data-end=\"2258\">Vorteil:<\/strong> Laststabilit\u00e4t, robuste und langlebige Konstruktion, sicherer Betrieb<\/p>\n<p data-start=\"2332\" data-end=\"2771\">\n","protected":false},"featured_media":13838,"template":"","meta":[],"product_brand":[],"product_cat":[423,425,241,242,246,247,420],"product_tag":[],"class_list":{"0":"post-10629","1":"product","2":"type-product","3":"status-publish","4":"has-post-thumbnail","6":"product_cat-still-denge-mekanizma","7":"product_cat-linde-denge-mekanizma","8":"product_cat-still","9":"product_cat-denge-tekeri-still","10":"product_cat-linde","11":"product_cat-denge-tekeri-linde","12":"product_cat-denge-mekanizmalar","14":"first","15":"instock","16":"taxable","17":"shipping-taxable","18":"purchasable","19":"product-type-simple"},"_links":{"self":[{"href":"https:\/\/ceoparts.com\/de\/wp-json\/wp\/v2\/product\/10629","targetHints":{"allow":["GET"]}}],"collection":[{"href":"https:\/\/ceoparts.com\/de\/wp-json\/wp\/v2\/product"}],"about":[{"href":"https:\/\/ceoparts.com\/de\/wp-json\/wp\/v2\/types\/product"}],"wp:featuredmedia":[{"embeddable":true,"href":"https:\/\/ceoparts.com\/de\/wp-json\/wp\/v2\/media\/13838"}],"wp:attachment":[{"href":"https:\/\/ceoparts.com\/de\/wp-json\/wp\/v2\/media?parent=10629"}],"wp:term":[{"taxonomy":"product_brand","embeddable":true,"href":"https:\/\/ceoparts.com\/de\/wp-json\/wp\/v2\/product_brand?post=10629"},{"taxonomy":"product_cat","embeddable":true,"href":"https:\/\/ceoparts.com\/de\/wp-json\/wp\/v2\/product_cat?post=10629"},{"taxonomy":"product_tag","embeddable":true,"href":"https:\/\/ceoparts.com\/de\/wp-json\/wp\/v2\/product_tag?post=10629"}],"curies":[{"name":"wp","href":"https:\/\/api.w.org\/{rel}","templated":true}]}}