{"id":10638,"date":"2024-09-23T09:08:07","date_gmt":"2024-09-23T06:08:07","guid":{"rendered":"https:\/\/ceoparts.com\/?post_type=product&#038;p=10638"},"modified":"2026-05-16T14:39:50","modified_gmt":"2026-05-16T11:39:50","slug":"150x54-hyster-denge-mekanizmasi-takim-2","status":"publish","type":"product","link":"https:\/\/ceoparts.com\/de\/urun\/150x54-hyster-denge-mekanizmasi-takim-2\/","title":{"rendered":"150&#215;54 Hyster Team f\u00fcr das Gleichgewichtssystem"},"content":{"rendered":"<p>150&#215;54 Hyster Team f\u00fcr das Gleichgewichtssystem<\/p>\n<p>HYSTER 1694086 \/ 2770365<\/p>\n<p>YALE 580013313<\/p>","protected":false},"excerpt":{"rendered":"<p data-start=\"124\" data-end=\"535\"><br data-start=\"1491\" data-end=\"1494\" \/>Der 150\u00d754 Hyster Ausgleichsmechanismus ist ein <strong data-start=\"1542\" data-end=\"1571\">radloses Ausgleichssystem<\/strong>, speziell f\u00fcr Hyster Palettenhubwagen und Staplermodelle konzipiert. Er sorgt f\u00fcr Maschinenstabilit\u00e4t beim Lastentransport und Man\u00f6vrieren und erm\u00f6glicht einen sicheren und gleichm\u00e4\u00dfigen Betrieb. Ideal f\u00fcr Lager, Fabriken und Logistikbereiche. Robuste Metallkonstruktion f\u00fcr eine lange und zuverl\u00e4ssige Nutzung.<\/p>\n<p data-start=\"1885\" data-end=\"2172\"><strong data-start=\"1885\" data-end=\"1903\">Eigenschaften:<\/strong><br data-start=\"1903\" data-end=\"1906\" \/><strong data-start=\"1906\" data-end=\"1922\">Produktname:<\/strong> 150\u00d754 Hyster Ausgleichsmechanismus<br data-start=\"1958\" data-end=\"1961\" \/><strong data-start=\"1961\" data-end=\"1977\">Teilenummer:<\/strong> 1694086<br data-start=\"1985\" data-end=\"1988\" \/><strong data-start=\"1988\" data-end=\"2001\">Material:<\/strong> Hochfeste Metalllegierung<br data-start=\"2027\" data-end=\"2030\" \/><strong data-start=\"2030\" data-end=\"2049\">Einsatzbereich:<\/strong> Hyster Palettenhubwagen und Stapler<br data-start=\"2085\" data-end=\"2088\" \/><strong data-start=\"2088\" data-end=\"2100\">Vorteil:<\/strong> Laststabilit\u00e4t, robuste und langlebige Konstruktion, sicherer Betrieb<\/p>\n<p data-start=\"2174\" data-end=\"2603\">\n","protected":false},"featured_media":13813,"template":"","meta":[],"product_brand":[],"product_cat":[256,420,421],"product_tag":[],"class_list":{"0":"post-10638","1":"product","2":"type-product","3":"status-publish","4":"has-post-thumbnail","6":"product_cat-hyster","7":"product_cat-denge-mekanizmalar","8":"product_cat-hyster-denge-mekanizma","10":"first","11":"instock","12":"taxable","13":"shipping-taxable","14":"purchasable","15":"product-type-simple"},"_links":{"self":[{"href":"https:\/\/ceoparts.com\/de\/wp-json\/wp\/v2\/product\/10638","targetHints":{"allow":["GET"]}}],"collection":[{"href":"https:\/\/ceoparts.com\/de\/wp-json\/wp\/v2\/product"}],"about":[{"href":"https:\/\/ceoparts.com\/de\/wp-json\/wp\/v2\/types\/product"}],"wp:featuredmedia":[{"embeddable":true,"href":"https:\/\/ceoparts.com\/de\/wp-json\/wp\/v2\/media\/13813"}],"wp:attachment":[{"href":"https:\/\/ceoparts.com\/de\/wp-json\/wp\/v2\/media?parent=10638"}],"wp:term":[{"taxonomy":"product_brand","embeddable":true,"href":"https:\/\/ceoparts.com\/de\/wp-json\/wp\/v2\/product_brand?post=10638"},{"taxonomy":"product_cat","embeddable":true,"href":"https:\/\/ceoparts.com\/de\/wp-json\/wp\/v2\/product_cat?post=10638"},{"taxonomy":"product_tag","embeddable":true,"href":"https:\/\/ceoparts.com\/de\/wp-json\/wp\/v2\/product_tag?post=10638"}],"curies":[{"name":"wp","href":"https:\/\/api.w.org\/{rel}","templated":true}]}}