{"id":10653,"date":"2024-09-23T11:05:23","date_gmt":"2024-09-23T08:05:23","guid":{"rendered":"https:\/\/ceoparts.com\/?post_type=product&#038;p=10653"},"modified":"2026-05-16T19:51:02","modified_gmt":"2026-05-16T16:51:02","slug":"bt-lpe-spe-denge-mekanizmasi-bos-172107","status":"publish","type":"product","link":"https:\/\/ceoparts.com\/de\/urun\/bt-lpe-spe-denge-mekanizmasi-bos-172107\/","title":{"rendered":"BT Toyota LPE\/SPE Stabilisierung Mechanismus &#8211; 172107"},"content":{"rendered":"<div class=\"wpb-content-wrapper\"><p>BT Toyota LPE\/SPE Stabilisierung Mechanismus &#8211; 172107<\/p>\n<p>[vc_row][vc_column][vc_column_text css=&#8221;&#8221; woodmart_inline=&#8221;no&#8221; text_larger=&#8221;no&#8221;]BT 172107<\/p>\n<p>SPE125<\/p>\n<p>SPE135<\/p>\n<p>SPE160<\/p>\n<p>SPE200<\/p>\n<p>LPE200<\/p>\n<p>P20 Orion[\/vc_column_text][\/vc_column][\/vc_row]<\/p>\n<\/div>","protected":false},"excerpt":{"rendered":"<p data-start=\"73\" data-end=\"494\"><br data-start=\"1544\" data-end=\"1547\" \/>Der BT Toyota LPE\/SPE Ausgleichsmechanismus ist ein <strong data-start=\"1599\" data-end=\"1628\">radloses Ausgleichssystem<\/strong>, speziell gefertigt f\u00fcr BT und Toyota Palettenhubwagen und Staplermodelle LPE und SPE. Er sorgt f\u00fcr eine stabile und sichere Maschinenbewegung beim Lastentransport und Man\u00f6vrieren. Verhindert pl\u00f6tzliches Umkippen und erh\u00f6ht die Betriebssicherheit. Robuste Bauweise und langlebige Materialien f\u00fcr den intensiven Lagerbetrieb.<\/p>\n<p data-start=\"1955\" data-end=\"2273\"><strong data-start=\"1955\" data-end=\"1973\">Eigenschaften:<\/strong><br data-start=\"1973\" data-end=\"1976\" \/><strong data-start=\"1976\" data-end=\"1992\">Produktname:<\/strong> BT Toyota LPE\/SPE Ausgleichsmechanismus (Ohne Rad)<br data-start=\"2043\" data-end=\"2046\" \/><strong data-start=\"2046\" data-end=\"2062\">Teilenummer:<\/strong> 172107<br data-start=\"2069\" data-end=\"2072\" \/><strong data-start=\"2072\" data-end=\"2085\">Material:<\/strong> Hochfeste Metalllegierung<br data-start=\"2111\" data-end=\"2114\" \/><strong data-start=\"2114\" data-end=\"2133\">Einsatzbereich:<\/strong> BT und Toyota LPE, SPE Palettenhubwagen und Stapler<br data-start=\"2185\" data-end=\"2188\" \/><strong data-start=\"2188\" data-end=\"2200\">Vorteil:<\/strong> Laststabilit\u00e4t, robuste Bauweise, sichere Bedienung, lange Lebensdauer<\/p>\n<p data-start=\"2275\" data-end=\"2707\">\n","protected":false},"featured_media":13725,"template":"","meta":[],"product_brand":[],"product_cat":[251,420,426,521,531],"product_tag":[],"class_list":{"0":"post-10653","1":"product","2":"type-product","3":"status-publish","4":"has-post-thumbnail","6":"product_cat-bt","7":"product_cat-denge-mekanizmalar","8":"product_cat-bt-denge-mekanizma","9":"product_cat-toyota","10":"product_cat-mekanizmalar-toyota","12":"first","13":"instock","14":"taxable","15":"shipping-taxable","16":"purchasable","17":"product-type-simple"},"_links":{"self":[{"href":"https:\/\/ceoparts.com\/de\/wp-json\/wp\/v2\/product\/10653","targetHints":{"allow":["GET"]}}],"collection":[{"href":"https:\/\/ceoparts.com\/de\/wp-json\/wp\/v2\/product"}],"about":[{"href":"https:\/\/ceoparts.com\/de\/wp-json\/wp\/v2\/types\/product"}],"wp:featuredmedia":[{"embeddable":true,"href":"https:\/\/ceoparts.com\/de\/wp-json\/wp\/v2\/media\/13725"}],"wp:attachment":[{"href":"https:\/\/ceoparts.com\/de\/wp-json\/wp\/v2\/media?parent=10653"}],"wp:term":[{"taxonomy":"product_brand","embeddable":true,"href":"https:\/\/ceoparts.com\/de\/wp-json\/wp\/v2\/product_brand?post=10653"},{"taxonomy":"product_cat","embeddable":true,"href":"https:\/\/ceoparts.com\/de\/wp-json\/wp\/v2\/product_cat?post=10653"},{"taxonomy":"product_tag","embeddable":true,"href":"https:\/\/ceoparts.com\/de\/wp-json\/wp\/v2\/product_tag?post=10653"}],"curies":[{"name":"wp","href":"https:\/\/api.w.org\/{rel}","templated":true}]}}