{"id":10682,"date":"2024-09-23T13:08:47","date_gmt":"2024-09-23T10:08:47","guid":{"rendered":"https:\/\/ceoparts.com\/?post_type=product&#038;p=10682"},"modified":"2026-05-16T17:33:49","modified_gmt":"2026-05-16T14:33:49","slug":"bt-lwe-swe-denge-mekanizmasi-254316-136135-7647304","status":"publish","type":"product","link":"https:\/\/ceoparts.com\/de\/urun\/bt-lwe-swe-denge-mekanizmasi-254316-136135-7647304\/","title":{"rendered":"BT Toyota LWE\/SWE Stabilisierung Mechanismus \u2013 254316 , 136135 , 7647304"},"content":{"rendered":"<div class=\"wpb-content-wrapper\"><p>BT Toyota LWE\/SWE Stabilisierung Mechanismus \u2013 254316 , 136135 , 7647304<\/p>\n<p>[vc_row][vc_column][vc_column_text css=&#8221;&#8221; woodmart_inline=&#8221;no&#8221; text_larger=&#8221;no&#8221;]BT 254316 136135 7647304<\/p>\n<p>BT \/ TOYOTA :<\/p>\n<p>SWE 140L<\/p>\n<p>SWE100<br \/>\nSWE120<br \/>\nSWE140<\/p>\n<p>LWE140<br \/>\nLWE160<br \/>\nLWE180<\/p>\n<p>LWE200<\/p>\n<p>LPE200 (do\/to 2014)[\/vc_column_text][\/vc_column][\/vc_row]<\/p>\n<\/div>","protected":false},"excerpt":{"rendered":"<p data-start=\"129\" data-end=\"541\"><br data-start=\"1566\" data-end=\"1569\" \/>Der BT Toyota LWE\/SWE Ausgleichsmechanismus ist ein <strong data-start=\"1621\" data-end=\"1650\">radloses Ausgleichssystem<\/strong>, speziell f\u00fcr BT und Toyota LWE und SWE Palettenhubwagen und Staplermodelle gefertigt. Er sorgt f\u00fcr stabile Maschinenbewegungen beim Lastentransport und Man\u00f6vrieren und verhindert ein Kippen in engen und anspruchsvollen Arbeitsbereichen. Robuste Metallkonstruktion f\u00fcr eine lange und zuverl\u00e4ssige Nutzung.<\/p>\n<p data-start=\"1958\" data-end=\"2296\"><strong data-start=\"1958\" data-end=\"1976\">Eigenschaften:<\/strong><br data-start=\"1976\" data-end=\"1979\" \/><strong data-start=\"1979\" data-end=\"1995\">Produktname:<\/strong> BT Toyota LWE\/SWE Ausgleichsmechanismus (Ohne Rad)<br data-start=\"2046\" data-end=\"2049\" \/><strong data-start=\"2049\" data-end=\"2065\">Teilenummer:<\/strong> 254316 , 136135 , 7647304<br data-start=\"2091\" data-end=\"2094\" \/><strong data-start=\"2094\" data-end=\"2107\">Material:<\/strong> Langlebige Metalllegierung<br data-start=\"2134\" data-end=\"2137\" \/><strong data-start=\"2137\" data-end=\"2156\">Einsatzbereich:<\/strong> BT und Toyota LWE, SWE Palettenhubwagen und Stapler<br data-start=\"2208\" data-end=\"2211\" \/><strong data-start=\"2211\" data-end=\"2223\">Vorteil:<\/strong> Laststabilit\u00e4t, sichere Bedienung, robuste Bauweise, lange Lebensdauer<\/p>\n<p data-start=\"2298\" data-end=\"2685\">\n","protected":false},"featured_media":13710,"template":"","meta":[],"product_brand":[],"product_cat":[251,420,426,521,531],"product_tag":[],"class_list":{"0":"post-10682","1":"product","2":"type-product","3":"status-publish","4":"has-post-thumbnail","6":"product_cat-bt","7":"product_cat-denge-mekanizmalar","8":"product_cat-bt-denge-mekanizma","9":"product_cat-toyota","10":"product_cat-mekanizmalar-toyota","12":"first","13":"instock","14":"taxable","15":"shipping-taxable","16":"purchasable","17":"product-type-simple"},"_links":{"self":[{"href":"https:\/\/ceoparts.com\/de\/wp-json\/wp\/v2\/product\/10682","targetHints":{"allow":["GET"]}}],"collection":[{"href":"https:\/\/ceoparts.com\/de\/wp-json\/wp\/v2\/product"}],"about":[{"href":"https:\/\/ceoparts.com\/de\/wp-json\/wp\/v2\/types\/product"}],"wp:featuredmedia":[{"embeddable":true,"href":"https:\/\/ceoparts.com\/de\/wp-json\/wp\/v2\/media\/13710"}],"wp:attachment":[{"href":"https:\/\/ceoparts.com\/de\/wp-json\/wp\/v2\/media?parent=10682"}],"wp:term":[{"taxonomy":"product_brand","embeddable":true,"href":"https:\/\/ceoparts.com\/de\/wp-json\/wp\/v2\/product_brand?post=10682"},{"taxonomy":"product_cat","embeddable":true,"href":"https:\/\/ceoparts.com\/de\/wp-json\/wp\/v2\/product_cat?post=10682"},{"taxonomy":"product_tag","embeddable":true,"href":"https:\/\/ceoparts.com\/de\/wp-json\/wp\/v2\/product_tag?post=10682"}],"curies":[{"name":"wp","href":"https:\/\/api.w.org\/{rel}","templated":true}]}}