{"id":10694,"date":"2024-09-23T14:34:08","date_gmt":"2024-09-23T11:34:08","guid":{"rendered":"https:\/\/ceoparts.com\/?post_type=product&#038;p=10694"},"modified":"2026-05-16T18:44:43","modified_gmt":"2026-05-16T15:44:43","slug":"linde-t20ap-t20sp-denge-mekanizmasi-3724505508","status":"publish","type":"product","link":"https:\/\/ceoparts.com\/de\/urun\/linde-t20ap-t20sp-denge-mekanizmasi-3724505508\/","title":{"rendered":"Linde T20AP \/ T20SP Ausgleichsmechanismus &#8211; 3724505508"},"content":{"rendered":"<p>Linde T20AP \/ T20SP Ausgleichsmechanismus &#8211; 3724505508<\/p>","protected":false},"excerpt":{"rendered":"<p data-start=\"0\" data-end=\"317\"><br data-start=\"1211\" data-end=\"1214\" \/>Der Linde T20AP \/ T20SP Ausgleichsmechanismus ist ein speziell entwickeltes System f\u00fcr die Palettenhubwagen und Stapler der Modelle Linde T20AP und T20SP. Er sorgt f\u00fcr Stabilit\u00e4t beim Lastentransport und bei Man\u00f6vern und erh\u00f6ht die Arbeitssicherheit. Robuste Metallkonstruktion mit sicherer Montage f\u00fcr langlebigen Einsatz.<\/p>\n<p data-start=\"1539\" data-end=\"1852\"><strong data-start=\"1539\" data-end=\"1557\">Eigenschaften:<\/strong><br data-start=\"1557\" data-end=\"1560\" \/><strong data-start=\"1560\" data-end=\"1576\">Produktname:<\/strong> Linde T20AP \/ T20SP Ausgleichsmechanismus<br data-start=\"1618\" data-end=\"1621\" \/><strong data-start=\"1621\" data-end=\"1637\">Teilenummer:<\/strong> 3724505508<br data-start=\"1648\" data-end=\"1651\" \/><strong data-start=\"1651\" data-end=\"1664\">Material:<\/strong> Langlebige Metalllegierung<br data-start=\"1691\" data-end=\"1694\" \/><strong data-start=\"1694\" data-end=\"1713\">Einsatzbereich:<\/strong> Linde T20AP, T20SP Palettenhubwagen und Stapler<br data-start=\"1761\" data-end=\"1764\" \/><strong data-start=\"1764\" data-end=\"1776\">Vorteil:<\/strong> Laststabilit\u00e4t, sicheres Man\u00f6vrieren, robuste Bauweise, lange Lebensdauer<\/p>\n<p data-start=\"1854\" data-end=\"2198\">\n","protected":false},"featured_media":13856,"template":"","meta":[],"product_brand":[],"product_cat":[246,247,420,425],"product_tag":[],"class_list":{"0":"post-10694","1":"product","2":"type-product","3":"status-publish","4":"has-post-thumbnail","6":"product_cat-linde","7":"product_cat-denge-tekeri-linde","8":"product_cat-denge-mekanizmalar","9":"product_cat-linde-denge-mekanizma","11":"first","12":"instock","13":"taxable","14":"shipping-taxable","15":"purchasable","16":"product-type-simple"},"_links":{"self":[{"href":"https:\/\/ceoparts.com\/de\/wp-json\/wp\/v2\/product\/10694","targetHints":{"allow":["GET"]}}],"collection":[{"href":"https:\/\/ceoparts.com\/de\/wp-json\/wp\/v2\/product"}],"about":[{"href":"https:\/\/ceoparts.com\/de\/wp-json\/wp\/v2\/types\/product"}],"wp:featuredmedia":[{"embeddable":true,"href":"https:\/\/ceoparts.com\/de\/wp-json\/wp\/v2\/media\/13856"}],"wp:attachment":[{"href":"https:\/\/ceoparts.com\/de\/wp-json\/wp\/v2\/media?parent=10694"}],"wp:term":[{"taxonomy":"product_brand","embeddable":true,"href":"https:\/\/ceoparts.com\/de\/wp-json\/wp\/v2\/product_brand?post=10694"},{"taxonomy":"product_cat","embeddable":true,"href":"https:\/\/ceoparts.com\/de\/wp-json\/wp\/v2\/product_cat?post=10694"},{"taxonomy":"product_tag","embeddable":true,"href":"https:\/\/ceoparts.com\/de\/wp-json\/wp\/v2\/product_tag?post=10694"}],"curies":[{"name":"wp","href":"https:\/\/api.w.org\/{rel}","templated":true}]}}