{"id":10714,"date":"2024-09-23T14:58:48","date_gmt":"2024-09-23T11:58:48","guid":{"rendered":"https:\/\/ceoparts.com\/?post_type=product&#038;p=10714"},"modified":"2026-05-16T11:59:37","modified_gmt":"2026-05-16T08:59:37","slug":"linde-denge-mekanizma-3724560301","status":"publish","type":"product","link":"https:\/\/ceoparts.com\/de\/urun\/linde-denge-mekanizma-3724560301\/","title":{"rendered":"Linde T20AP \/ T20SP Ausgleichsmechanismus (ohne R\u00e4der) &#8211; 3724560301"},"content":{"rendered":"<p>Linde T20AP \/ T20SP Ausgleichsmechanismus (ohne R\u00e4der) &#8211; 3724560301<\/p>\n<p>132\u00a0N20\/N24\/N20L\/N20LI<br \/>\n132\u00a0N20\/N24\/N20L\/N20LI<br \/>\n133\u00a0L12\/L14-L12L\/L14L-L12LHP<br \/>\n140\u00a0T20R<br \/>\n144\u00a0T20S\/T20SF<br \/>\n372\u00a0L14\/16\/L14AP\/16AP<\/p>","protected":false},"excerpt":{"rendered":"<p data-start=\"0\" data-end=\"338\"><br data-start=\"1275\" data-end=\"1278\" \/>Der Linde T20AP \/ T20SP Ausgleichsmechanismus ist ein radloses Ausgleichssystem, das speziell f\u00fcr die Palettenhubwagen und Stapler der Modelle Linde T20AP und T20SP entwickelt wurde. Es sorgt f\u00fcr Maschinenstabilit\u00e4t beim Lastentransport und bei Man\u00f6vern und reduziert Vibrationen und Ungleichgewichte. Robuste Metallkonstruktion f\u00fcr langlebigen Einsatz unter harten Bedingungen.<\/p>\n<p data-start=\"1658\" data-end=\"1979\"><strong data-start=\"1658\" data-end=\"1676\">Eigenschaften:<\/strong><br data-start=\"1676\" data-end=\"1679\" \/><strong data-start=\"1679\" data-end=\"1695\">Produktname:<\/strong> Linde T20AP \/ T20SP Ausgleichsmechanismus (Ohne Rad)<br data-start=\"1748\" data-end=\"1751\" \/><strong data-start=\"1751\" data-end=\"1767\">Teilenummer:<\/strong> 3724560301<br data-start=\"1778\" data-end=\"1781\" \/><strong data-start=\"1781\" data-end=\"1794\">Material:<\/strong> Langlebige Metalllegierung<br data-start=\"1821\" data-end=\"1824\" \/><strong data-start=\"1824\" data-end=\"1843\">Einsatzbereich:<\/strong> Linde T20AP, T20SP Palettenhubwagen und Stapler<br data-start=\"1891\" data-end=\"1894\" \/><strong data-start=\"1894\" data-end=\"1906\">Vorteil:<\/strong> Laststabilit\u00e4t, lange Lebensdauer, robuste Bauweise, sichere Bedienung<\/p>\n<p data-start=\"1981\" data-end=\"2328\">\n","protected":false},"featured_media":13857,"template":"","meta":[],"product_brand":[],"product_cat":[246,247,420,425],"product_tag":[],"class_list":{"0":"post-10714","1":"product","2":"type-product","3":"status-publish","4":"has-post-thumbnail","6":"product_cat-linde","7":"product_cat-denge-tekeri-linde","8":"product_cat-denge-mekanizmalar","9":"product_cat-linde-denge-mekanizma","11":"first","12":"instock","13":"taxable","14":"shipping-taxable","15":"purchasable","16":"product-type-simple"},"_links":{"self":[{"href":"https:\/\/ceoparts.com\/de\/wp-json\/wp\/v2\/product\/10714","targetHints":{"allow":["GET"]}}],"collection":[{"href":"https:\/\/ceoparts.com\/de\/wp-json\/wp\/v2\/product"}],"about":[{"href":"https:\/\/ceoparts.com\/de\/wp-json\/wp\/v2\/types\/product"}],"wp:featuredmedia":[{"embeddable":true,"href":"https:\/\/ceoparts.com\/de\/wp-json\/wp\/v2\/media\/13857"}],"wp:attachment":[{"href":"https:\/\/ceoparts.com\/de\/wp-json\/wp\/v2\/media?parent=10714"}],"wp:term":[{"taxonomy":"product_brand","embeddable":true,"href":"https:\/\/ceoparts.com\/de\/wp-json\/wp\/v2\/product_brand?post=10714"},{"taxonomy":"product_cat","embeddable":true,"href":"https:\/\/ceoparts.com\/de\/wp-json\/wp\/v2\/product_cat?post=10714"},{"taxonomy":"product_tag","embeddable":true,"href":"https:\/\/ceoparts.com\/de\/wp-json\/wp\/v2\/product_tag?post=10714"}],"curies":[{"name":"wp","href":"https:\/\/api.w.org\/{rel}","templated":true}]}}