{"id":10731,"date":"2024-09-23T15:58:48","date_gmt":"2024-09-23T12:58:48","guid":{"rendered":"https:\/\/ceoparts.com\/?post_type=product&#038;p=10731"},"modified":"2026-05-16T10:41:54","modified_gmt":"2026-05-16T07:41:54","slug":"frenli-denge-mekanizma","status":"publish","type":"product","link":"https:\/\/ceoparts.com\/de\/urun\/frenli-denge-mekanizma\/","title":{"rendered":"Bremsstabilisierungsmechanismus (Radlos)"},"content":{"rendered":"<p>Bremsstabilisierungsmechanismus (Radlos)<\/p>","protected":false},"excerpt":{"rendered":"<p data-start=\"115\" data-end=\"574\"><br data-start=\"1598\" data-end=\"1601\" \/>Der Brems-Ausgleichsmechanismus (ohne Rad) ist ein spezielles Systemteil, das in Gabelstaplern und Hochhubwagen verwendet wird, um beim Lastentransport Stabilit\u00e4t zu gew\u00e4hrleisten und die Bedienkontrolle zu erh\u00f6hen. Das integrierte Bremssystem reguliert die Bewegung des Tr\u00e4germoduls und erh\u00f6ht die Arbeitssicherheit. Die radlose Bauweise erm\u00f6glicht eine einfache Montage und geringe Wartungskosten. Hergestellt aus langlebigem, robustem Material f\u00fcr eine lange Lebensdauer.<\/p>\n<p data-start=\"2077\" data-end=\"2400\"><strong data-start=\"2077\" data-end=\"2095\">Eigenschaften:<\/strong><br data-start=\"2095\" data-end=\"2098\" \/><strong data-start=\"2098\" data-end=\"2114\">Produktname:<\/strong> Brems-Ausgleichsmechanismus (ohne Rad)<br data-start=\"2153\" data-end=\"2156\" \/><strong data-start=\"2156\" data-end=\"2172\">Teilenummer:<\/strong> &#8211;<br data-start=\"2174\" data-end=\"2177\" \/><strong data-start=\"2177\" data-end=\"2190\">Material:<\/strong> Robustes Metall und Bremseinheit<br data-start=\"2223\" data-end=\"2226\" \/><strong data-start=\"2226\" data-end=\"2245\">Einsatzbereich:<\/strong> Ausgleichs- und Bremssysteme f\u00fcr Gabelstapler und Hochhubwagen<br data-start=\"2308\" data-end=\"2311\" \/><strong data-start=\"2311\" data-end=\"2323\">Vorteil:<\/strong> Laststabilit\u00e4t, kontrolliertes Bremsen, radloses Design, lange Lebensdauer<\/p>\n<p data-start=\"2402\" data-end=\"2860\">\n","protected":false},"featured_media":13855,"template":"","meta":[],"product_brand":[],"product_cat":[420],"product_tag":[],"class_list":{"0":"post-10731","1":"product","2":"type-product","3":"status-publish","4":"has-post-thumbnail","6":"product_cat-denge-mekanizmalar","8":"first","9":"instock","10":"taxable","11":"shipping-taxable","12":"purchasable","13":"product-type-simple"},"_links":{"self":[{"href":"https:\/\/ceoparts.com\/de\/wp-json\/wp\/v2\/product\/10731","targetHints":{"allow":["GET"]}}],"collection":[{"href":"https:\/\/ceoparts.com\/de\/wp-json\/wp\/v2\/product"}],"about":[{"href":"https:\/\/ceoparts.com\/de\/wp-json\/wp\/v2\/types\/product"}],"wp:featuredmedia":[{"embeddable":true,"href":"https:\/\/ceoparts.com\/de\/wp-json\/wp\/v2\/media\/13855"}],"wp:attachment":[{"href":"https:\/\/ceoparts.com\/de\/wp-json\/wp\/v2\/media?parent=10731"}],"wp:term":[{"taxonomy":"product_brand","embeddable":true,"href":"https:\/\/ceoparts.com\/de\/wp-json\/wp\/v2\/product_brand?post=10731"},{"taxonomy":"product_cat","embeddable":true,"href":"https:\/\/ceoparts.com\/de\/wp-json\/wp\/v2\/product_cat?post=10731"},{"taxonomy":"product_tag","embeddable":true,"href":"https:\/\/ceoparts.com\/de\/wp-json\/wp\/v2\/product_tag?post=10731"}],"curies":[{"name":"wp","href":"https:\/\/api.w.org\/{rel}","templated":true}]}}