{"id":10759,"date":"2024-09-23T16:13:42","date_gmt":"2024-09-23T13:13:42","guid":{"rendered":"https:\/\/ceoparts.com\/?post_type=product&#038;p=10759"},"modified":"2026-05-16T15:08:08","modified_gmt":"2026-05-16T12:08:08","slug":"jungheinrich-denge-mekanizmasi","status":"publish","type":"product","link":"https:\/\/ceoparts.com\/de\/urun\/jungheinrich-denge-mekanizmasi\/","title":{"rendered":"Jungheinrich Balanzmechanismus (Radlos) &#8211; 50464801"},"content":{"rendered":"<p>Jungheinrich Balanzmechanismus (Radlos) &#8211; 50464801<\/p>\n<table border=\"0\" width=\"241\" cellspacing=\"0\" cellpadding=\"0\">\n<colgroup>\n<col width=\"141\" \/>\n<col width=\"100\" \/><\/colgroup>\n<tbody>\n<tr>\n<td width=\"141\" height=\"19\"><span style=\"font-family: Calibri;\">ECE 118<\/span><\/td>\n<td width=\"100\"><span style=\"font-family: Calibri;\">4.10 &#8211; 2.13<\/span><\/td>\n<\/tr>\n<tr>\n<td height=\"19\"><span style=\"font-family: Calibri;\">ECE 118<\/span><\/td>\n<td><span style=\"font-family: Calibri;\">12.06 &#8211; 3.10<\/span><\/td>\n<\/tr>\n<tr>\n<td height=\"19\"><span style=\"font-family: Calibri;\">EJD K18<\/span><\/td>\n<td><span style=\"font-family: Calibri;\">6.08 &#8211;\u00a0<\/span><\/td>\n<\/tr>\n<tr>\n<td height=\"19\"><span style=\"font-family: Calibri;\">EJE 116\/118\/120<\/span><\/td>\n<td><span style=\"font-family: Calibri;\">9.03 &#8211; 10.07<\/span><\/td>\n<\/tr>\n<tr>\n<td height=\"19\"><span style=\"font-family: Calibri;\">EJE 116\/120 (Qingpu)<\/span><\/td>\n<td><span style=\"font-family: Calibri;\">9.06 &#8211; 9.07<\/span><\/td>\n<\/tr>\n<tr>\n<td height=\"19\"><span style=\"font-family: Calibri;\">EJE 135\/145<\/span><\/td>\n<td><span style=\"font-family: Calibri;\">5.05 &#8211; 10.07<\/span><\/td>\n<\/tr>\n<tr>\n<td height=\"19\"><span style=\"font-family: Calibri;\">EJE C20<\/span><\/td>\n<td><span style=\"font-family: Calibri;\">7.03 &#8211; 12.07<\/span><\/td>\n<\/tr>\n<tr>\n<td height=\"19\"><span style=\"font-family: Calibri;\">ERD K18<\/span><\/td>\n<td><span style=\"font-family: Calibri;\">10.09 &#8211; 2.10<\/span><\/td>\n<\/tr>\n<tr>\n<td height=\"19\"><span style=\"font-family: Calibri;\">ERE 120<\/span><\/td>\n<td><span style=\"font-family: Calibri;\">9.05 &#8211; 10.07<\/span><\/td>\n<\/tr>\n<tr>\n<td height=\"19\"><span style=\"font-family: Calibri;\">ERE 120<\/span><\/td>\n<td><span style=\"font-family: Calibri;\">8.07 &#8211; 5.08<\/span><\/td>\n<\/tr>\n<tr>\n<td height=\"19\"><span style=\"font-family: Calibri;\">ERE 120<\/span><\/td>\n<td><span style=\"font-family: Calibri;\">6.08 &#8211;\u00a0<\/span><\/td>\n<\/tr>\n<tr>\n<td height=\"19\"><span style=\"font-family: Calibri;\">ERE 120 (Qingpu)<\/span><\/td>\n<td><span style=\"font-family: Calibri;\">1.09 &#8211; 8.09<\/span><\/td>\n<\/tr>\n<tr>\n<td height=\"19\"><span style=\"font-family: Calibri;\">ERE 120 (Qingpu)<\/span><\/td>\n<td><span style=\"font-family: Calibri;\">9.06 &#8211; 12.08<\/span><\/td>\n<\/tr>\n<tr>\n<td height=\"19\"><span style=\"font-family: Calibri;\">ERE 120n<\/span><\/td>\n<td><span style=\"font-family: Calibri;\">9.09 &#8211; 1.18<\/span><\/td>\n<\/tr>\n<tr>\n<td height=\"19\"><span style=\"font-family: Calibri;\">ERE 120n<\/span><\/td>\n<td><span style=\"font-family: Calibri;\">1.18 &#8211;\u00a0<\/span><\/td>\n<\/tr>\n<tr>\n<td height=\"19\"><span style=\"font-family: Calibri;\">ERE 120n (NICHIYU)<\/span><\/td>\n<td><span style=\"font-family: Calibri;\">1.11 &#8211; 2.20<\/span><\/td>\n<\/tr>\n<tr>\n<td height=\"19\"><span style=\"font-family: Calibri;\">PMW23N<\/span><\/td>\n<td><span style=\"font-family: Calibri;\">9.05 &#8211; 10.07<\/span><\/td>\n<\/tr>\n<tr>\n<td height=\"19\"><span style=\"font-family: Calibri;\">WN 16-20 AC<\/span><\/td>\n<td><span style=\"font-family: Calibri;\">9.02 &#8211; 10.07<\/span><\/td>\n<\/tr>\n<tr>\n<td height=\"19\"><span style=\"font-family: Calibri;\">WN20S<\/span><\/td>\n<td><span style=\"font-family: Calibri;\">8.07 &#8211; 4.08<\/span><\/td>\n<\/tr>\n<tr>\n<td height=\"19\"><span style=\"font-family: Calibri;\">WN20S<\/span><\/td>\n<td><span style=\"font-family: Calibri;\">9.05 &#8211; 10.07<\/span><\/td>\n<\/tr>\n<tr>\n<td height=\"19\"><span style=\"font-family: Calibri;\">WP4500<\/span><\/td>\n<td><span style=\"font-family: Calibri;\">9.05 &#8211; 10.07<\/span><\/td>\n<\/tr>\n<\/tbody>\n<\/table>","protected":false},"excerpt":{"rendered":"<p data-start=\"94\" data-end=\"431\"><br data-start=\"1365\" data-end=\"1368\" \/>Jungheinrich ERE Ausgleichsmechanismus (ohne Rad) ist ein Originalersatzteil f\u00fcr Jungheinrich ERE Serien-Hubwagen und Stapler. Er sorgt f\u00fcr Laststabilit\u00e4t und Betriebssicherheit. Die radlose Bauweise erm\u00f6glicht eine einfache Montage und Wartung. Langlebige Konstruktion f\u00fcr langen Einsatz.<\/p>\n<p data-start=\"1659\" data-end=\"1970\"><strong data-start=\"1659\" data-end=\"1677\">Eigenschaften:<\/strong><br data-start=\"1677\" data-end=\"1680\" \/><strong data-start=\"1680\" data-end=\"1696\">Produktname:<\/strong> Jungheinrich ERE Ausgleichsmechanismus (ohne Rad)<br data-start=\"1746\" data-end=\"1749\" \/><strong data-start=\"1749\" data-end=\"1765\">Teilenummer:<\/strong> 50464801<br data-start=\"1774\" data-end=\"1777\" \/><strong data-start=\"1777\" data-end=\"1790\">Material:<\/strong> Hochfeste Metalllegierung<br data-start=\"1816\" data-end=\"1819\" \/><strong data-start=\"1819\" data-end=\"1838\">Einsatzbereich:<\/strong> Jungheinrich ERE Serien-Hubwagen und Stapler<br data-start=\"1883\" data-end=\"1886\" \/><strong data-start=\"1886\" data-end=\"1898\">Vorteil:<\/strong> Laststabilit\u00e4t, robuste Bauweise, einfache Montage, lange Lebensdauer<\/p>\n<p data-start=\"1972\" data-end=\"2290\">\n","protected":false},"featured_media":13782,"template":"","meta":[],"product_brand":[],"product_cat":[522,236,420,422],"product_tag":[],"class_list":{"0":"post-10759","1":"product","2":"type-product","3":"status-publish","4":"has-post-thumbnail","6":"product_cat-yedek-parca-jungheinrich","7":"product_cat-jungheinrich","8":"product_cat-denge-mekanizmalar","9":"product_cat-jungheinrich-denge-mekanizma","11":"first","12":"instock","13":"taxable","14":"shipping-taxable","15":"purchasable","16":"product-type-simple"},"_links":{"self":[{"href":"https:\/\/ceoparts.com\/de\/wp-json\/wp\/v2\/product\/10759","targetHints":{"allow":["GET"]}}],"collection":[{"href":"https:\/\/ceoparts.com\/de\/wp-json\/wp\/v2\/product"}],"about":[{"href":"https:\/\/ceoparts.com\/de\/wp-json\/wp\/v2\/types\/product"}],"wp:featuredmedia":[{"embeddable":true,"href":"https:\/\/ceoparts.com\/de\/wp-json\/wp\/v2\/media\/13782"}],"wp:attachment":[{"href":"https:\/\/ceoparts.com\/de\/wp-json\/wp\/v2\/media?parent=10759"}],"wp:term":[{"taxonomy":"product_brand","embeddable":true,"href":"https:\/\/ceoparts.com\/de\/wp-json\/wp\/v2\/product_brand?post=10759"},{"taxonomy":"product_cat","embeddable":true,"href":"https:\/\/ceoparts.com\/de\/wp-json\/wp\/v2\/product_cat?post=10759"},{"taxonomy":"product_tag","embeddable":true,"href":"https:\/\/ceoparts.com\/de\/wp-json\/wp\/v2\/product_tag?post=10759"}],"curies":[{"name":"wp","href":"https:\/\/api.w.org\/{rel}","templated":true}]}}