{"id":10996,"date":"2024-09-25T15:51:34","date_gmt":"2024-09-25T12:51:34","guid":{"rendered":"https:\/\/ceoparts.com\/?post_type=product&#038;p=10996"},"modified":"2026-05-16T16:18:17","modified_gmt":"2026-05-16T13:18:17","slug":"stil-linde-tekerlek-flansi","status":"publish","type":"product","link":"https:\/\/ceoparts.com\/de\/urun\/stil-linde-tekerlek-flansi\/","title":{"rendered":"Still \/ Linde Tr\u00e4gerscheibenflansch &#8211; 1318511703"},"content":{"rendered":"<p>Still \/ Linde Tr\u00e4gerscheibenflansch &#8211; 1318511703<\/p>\n<p>1 Einheit<\/p>\n<p>Still \/ Linde Tr\u00e4gerscheibenflansch<\/p>\n<p>Linde 1318511703<\/p>\n<p>&nbsp;<\/p>\n<table border=\"0\" width=\"367\" cellspacing=\"0\" cellpadding=\"0\">\n<colgroup><\/colgroup>\n<colgroup>\n<col width=\"64\" \/>\n<col width=\"303\" \/><\/colgroup>\n<tbody>\n<tr>\n<td class=\"xl65\" width=\"64\" height=\"20\"><span style=\"font-family: tim;\">131<\/span><\/td>\n<td class=\"xl65\" width=\"303\"><span style=\"font-family: tim;\">T30<\/span><\/td>\n<\/tr>\n<tr>\n<td class=\"xl65\" height=\"20\"><span style=\"font-family: tim;\">132<\/span><\/td>\n<td class=\"xl65\"><span style=\"font-family: tim;\">N20\/N24\/N20L\/N20LI<\/span><\/td>\n<\/tr>\n<tr>\n<td class=\"xl65\" height=\"20\"><span style=\"font-family: tim;\">133<\/span><\/td>\n<td class=\"xl65\"><span style=\"font-family: tim;\">L12\/L14-L12L\/L14L-L12LHP<\/span><\/td>\n<\/tr>\n<tr>\n<td class=\"xl65\" height=\"20\"><span style=\"font-family: tim;\">140<\/span><\/td>\n<td class=\"xl65\"><span style=\"font-family: tim;\">T20R<\/span><\/td>\n<\/tr>\n<tr>\n<td class=\"xl65\" height=\"20\"><span style=\"font-family: tim;\">141<\/span><\/td>\n<td class=\"xl65\"><span style=\"font-family: tim;\">T20AP<\/span><\/td>\n<\/tr>\n<tr>\n<td class=\"xl65\" height=\"20\"><span style=\"font-family: tim;\">141<\/span><\/td>\n<td class=\"xl65\"><span style=\"font-family: tim;\">T20\/30<\/span><\/td>\n<\/tr>\n<tr>\n<td class=\"xl65\" height=\"20\"><span style=\"font-family: tim;\">141<\/span><\/td>\n<td class=\"xl65\"><span style=\"font-family: tim;\">L12L\/L12LP<\/span><\/td>\n<\/tr>\n<tr>\n<td class=\"xl65\" height=\"20\"><span style=\"font-family: tim;\">144<\/span><\/td>\n<td class=\"xl65\"><span style=\"font-family: tim;\">T20S\/T20SF<\/span><\/td>\n<\/tr>\n<tr>\n<td class=\"xl65\" height=\"20\"><span style=\"font-family: tim;\">149<\/span><\/td>\n<td class=\"xl65\"><span style=\"font-family: tim;\">N20\/N25\/N20L\/LI\/LX<\/span><\/td>\n<\/tr>\n<tr>\n<td class=\"xl65\" height=\"20\"><span style=\"font-family: tim;\">149<\/span><\/td>\n<td class=\"xl65\"><span style=\"font-family: tim;\">N20V-N20VI<\/span><\/td>\n<\/tr>\n<tr>\n<td class=\"xl65\" height=\"20\"><span style=\"font-family: tim;\">360<\/span><\/td>\n<td class=\"xl65\"><span style=\"font-family: tim;\">T16\/T18\/T20\/T16L<\/span><\/td>\n<\/tr>\n<tr>\n<td class=\"xl65\" height=\"20\"><span style=\"font-family: tim;\">372<\/span><\/td>\n<td class=\"xl65\"><span style=\"font-family: tim;\">L14\/16\/L14AP\/16AP<\/span><\/td>\n<\/tr>\n<\/tbody>\n<\/table>\n<p><\/p>","protected":false},"excerpt":{"rendered":"<p data-start=\"0\" data-end=\"302\"><br data-start=\"1217\" data-end=\"1220\" \/>Still \/ Linde Tr\u00e4gerrollenflansch Schmetterling ist ein Flansch f\u00fcr Tr\u00e4gerrollen in Gabelstaplern und industriellen Transportfahrzeugen. Seine robuste und langlebige Konstruktion verbessert die Tragf\u00e4higkeit und erleichtert die Radmontage. Es unterst\u00fctzt die Stabilit\u00e4t des Gabelstaplers f\u00fcr eine sichere Bedienung.<\/p>\n<p data-start=\"1537\" data-end=\"1867\"><strong data-start=\"1537\" data-end=\"1555\">Eigenschaften:<\/strong><br data-start=\"1555\" data-end=\"1558\" \/><strong data-start=\"1558\" data-end=\"1574\">Produktname:<\/strong> Still \/ Linde Tr\u00e4gerrollenflansch Schmetterling<br data-start=\"1622\" data-end=\"1625\" \/><strong data-start=\"1625\" data-end=\"1641\">Teilenummer:<\/strong> 1318511703<br data-start=\"1652\" data-end=\"1655\" \/><strong data-start=\"1655\" data-end=\"1668\">Material:<\/strong> Langlegige Metalllegierung<br data-start=\"1695\" data-end=\"1698\" \/><strong data-start=\"1698\" data-end=\"1717\">Einsatzbereich:<\/strong> Tr\u00e4gerrollenflansch f\u00fcr Gabelstapler und industrielle Transportfahrzeuge<br data-start=\"1790\" data-end=\"1793\" \/><strong data-start=\"1793\" data-end=\"1805\">Vorteil:<\/strong> Hohe Haltbarkeit, einfache Montage, Stabilit\u00e4tsverbesserung<\/p>\n<p data-start=\"1869\" data-end=\"2156\">\n","protected":false},"featured_media":13846,"template":"","meta":[],"product_brand":[],"product_cat":[241,246,411],"product_tag":[],"class_list":{"0":"post-10996","1":"product","2":"type-product","3":"status-publish","4":"has-post-thumbnail","6":"product_cat-still","7":"product_cat-linde","8":"product_cat-parcalar-catal-mekanizma","10":"first","11":"instock","12":"taxable","13":"shipping-taxable","14":"purchasable","15":"product-type-simple"},"_links":{"self":[{"href":"https:\/\/ceoparts.com\/de\/wp-json\/wp\/v2\/product\/10996","targetHints":{"allow":["GET"]}}],"collection":[{"href":"https:\/\/ceoparts.com\/de\/wp-json\/wp\/v2\/product"}],"about":[{"href":"https:\/\/ceoparts.com\/de\/wp-json\/wp\/v2\/types\/product"}],"wp:featuredmedia":[{"embeddable":true,"href":"https:\/\/ceoparts.com\/de\/wp-json\/wp\/v2\/media\/13846"}],"wp:attachment":[{"href":"https:\/\/ceoparts.com\/de\/wp-json\/wp\/v2\/media?parent=10996"}],"wp:term":[{"taxonomy":"product_brand","embeddable":true,"href":"https:\/\/ceoparts.com\/de\/wp-json\/wp\/v2\/product_brand?post=10996"},{"taxonomy":"product_cat","embeddable":true,"href":"https:\/\/ceoparts.com\/de\/wp-json\/wp\/v2\/product_cat?post=10996"},{"taxonomy":"product_tag","embeddable":true,"href":"https:\/\/ceoparts.com\/de\/wp-json\/wp\/v2\/product_tag?post=10996"}],"curies":[{"name":"wp","href":"https:\/\/api.w.org\/{rel}","templated":true}]}}