{"id":11042,"date":"2024-10-01T14:39:52","date_gmt":"2024-10-01T11:39:52","guid":{"rendered":"https:\/\/ceoparts.com\/?post_type=product&#038;p=11042"},"modified":"2026-05-16T15:09:24","modified_gmt":"2026-05-16T12:09:24","slug":"300x102-40-bomerang-vulkoprin-yuk-tekeri","status":"publish","type":"product","link":"https:\/\/ceoparts.com\/de\/urun\/300x102-40-bomerang-vulkoprin-yuk-tekeri\/","title":{"rendered":"310&#215;102-40 Bomerang Vulkoprin Vulkollan Lastrad &#8211; 8427484"},"content":{"rendered":"<p>310&#215;102-40 Bomerang Vulkoprin Vulkollan Lastrad &#8211; 8427484<\/p>\n<p>Still 842748<\/p>\n<p>Still FM-X<\/p>\n<p>Still FM-XN<\/p>","protected":false},"excerpt":{"rendered":"<p data-start=\"0\" data-end=\"372\"><br data-start=\"1458\" data-end=\"1461\" \/>310\u00d7102-40 Bomerang Vulkoprin Vulkollan Lastrolle ist eine langlebige und hochwertige Lastrolle f\u00fcr Gabelstapler und industrielle Transportfahrzeuge. Sie hat einen Durchmesser von 310 mm, eine Breite von 102 mm und eine Lagergr\u00f6\u00dfe von 40 mm. Die Bomerang Vulkoprin Vulkollan-Beschichtung bietet hohe Abriebfestigkeit, Elastizit\u00e4t und Vibrationsd\u00e4mpfung. Sie bietet eine lange Lebensdauer und hohe Leistung.<\/p>\n<p data-start=\"1869\" data-end=\"2238\"><strong data-start=\"1869\" data-end=\"1887\">Eigenschaften:<\/strong><br data-start=\"1887\" data-end=\"1890\" \/><strong data-start=\"1890\" data-end=\"1906\">Produktname:<\/strong> 310\u00d7102-40 Bomerang Vulkoprin Vulkollan Lastrolle<br data-start=\"1956\" data-end=\"1959\" \/><strong data-start=\"1959\" data-end=\"1975\">Teilenummer:<\/strong> 8427484<br data-start=\"1983\" data-end=\"1986\" \/><strong data-start=\"1986\" data-end=\"1999\">Material:<\/strong> Bomerang Vulkoprin Vulkollan-Beschichtung, Stahlk\u00f6rper<br data-start=\"2054\" data-end=\"2057\" \/><strong data-start=\"2057\" data-end=\"2076\">Einsatzbereich:<\/strong> Lastrolle f\u00fcr Gabelstapler und industrielle Transportfahrzeuge<br data-start=\"2139\" data-end=\"2142\" \/><strong data-start=\"2142\" data-end=\"2154\">Vorteil:<\/strong> Hohe Abriebfestigkeit, Vibrationsd\u00e4mpfung, elastische und langlebige Konstruktion<\/p>\n<p data-start=\"2240\" data-end=\"2632\">\n","protected":false},"featured_media":11046,"template":"","meta":[],"product_brand":[],"product_cat":[241,245,428,194],"product_tag":[],"class_list":{"0":"post-11042","1":"product","2":"type-product","3":"status-publish","4":"has-post-thumbnail","6":"product_cat-still","7":"product_cat-yuk-tekeri-still","8":"product_cat-yuk-tekeri-vulkoprin","9":"product_cat-yuk-tekeri","11":"first","12":"instock","13":"taxable","14":"shipping-taxable","15":"purchasable","16":"product-type-simple"},"_links":{"self":[{"href":"https:\/\/ceoparts.com\/de\/wp-json\/wp\/v2\/product\/11042","targetHints":{"allow":["GET"]}}],"collection":[{"href":"https:\/\/ceoparts.com\/de\/wp-json\/wp\/v2\/product"}],"about":[{"href":"https:\/\/ceoparts.com\/de\/wp-json\/wp\/v2\/types\/product"}],"wp:featuredmedia":[{"embeddable":true,"href":"https:\/\/ceoparts.com\/de\/wp-json\/wp\/v2\/media\/11046"}],"wp:attachment":[{"href":"https:\/\/ceoparts.com\/de\/wp-json\/wp\/v2\/media?parent=11042"}],"wp:term":[{"taxonomy":"product_brand","embeddable":true,"href":"https:\/\/ceoparts.com\/de\/wp-json\/wp\/v2\/product_brand?post=11042"},{"taxonomy":"product_cat","embeddable":true,"href":"https:\/\/ceoparts.com\/de\/wp-json\/wp\/v2\/product_cat?post=11042"},{"taxonomy":"product_tag","embeddable":true,"href":"https:\/\/ceoparts.com\/de\/wp-json\/wp\/v2\/product_tag?post=11042"}],"curies":[{"name":"wp","href":"https:\/\/api.w.org\/{rel}","templated":true}]}}