{"id":11078,"date":"2024-10-01T15:57:54","date_gmt":"2024-10-01T12:57:54","guid":{"rendered":"https:\/\/ceoparts.com\/?post_type=product&#038;p=11078"},"modified":"2026-05-16T15:39:01","modified_gmt":"2026-05-16T12:39:01","slug":"200x140x100-75stellana-yuk-tekeri","status":"publish","type":"product","link":"https:\/\/ceoparts.com\/de\/urun\/200x140x100-75stellana-yuk-tekeri\/","title":{"rendered":"200\/140&#215;100-75 Stellana Lastenrad &#8211; 63187820"},"content":{"rendered":"<p>200\/140&#215;100-75 Stellana Lastenrad &#8211; 63187820<\/p>","protected":false},"excerpt":{"rendered":"<p data-start=\"0\" data-end=\"391\"><br data-start=\"1439\" data-end=\"1442\" \/>200\/140\u00d7100-75 Stellana Lastrolle ist eine langlebige und leistungsstarke Lastrolle f\u00fcr Gabelstapler und industrielle Transportfahrzeuge. Sie hat einen Au\u00dfendurchmesser von 200 mm, einen Innendurchmesser von 140 mm, eine Breite von 100 mm und eine Lagergr\u00f6\u00dfe von 75 mm. Die Stellana-Polyurethanbeschichtung bietet hervorragende Abriebfestigkeit und Rutschfestigkeit. Sie gew\u00e4hrleistet auch unter hoher Last eine stabile Fahrt und eine lange Lebensdauer.<\/p>\n<p data-start=\"1897\" data-end=\"2230\"><strong data-start=\"1897\" data-end=\"1915\">Eigenschaften:<\/strong><br data-start=\"1915\" data-end=\"1918\" \/><strong data-start=\"1918\" data-end=\"1934\">Produktname:<\/strong> 200\/140\u00d7100-75 Stellana Lastrolle<br data-start=\"1968\" data-end=\"1971\" \/><strong data-start=\"1971\" data-end=\"1987\">Teilenummer:<\/strong> 63187820<br data-start=\"1996\" data-end=\"1999\" \/><strong data-start=\"1999\" data-end=\"2012\">Material:<\/strong> Polyurethanbeschichtung, Stahlk\u00f6rper<br data-start=\"2049\" data-end=\"2052\" \/><strong data-start=\"2052\" data-end=\"2071\">Einsatzbereich:<\/strong> Lastrolle f\u00fcr Gabelstapler und industrielle Transportfahrzeuge<br data-start=\"2134\" data-end=\"2137\" \/><strong data-start=\"2137\" data-end=\"2149\">Vorteil:<\/strong> Hohe Abriebfestigkeit, rutschfeste Oberfl\u00e4che, stabile Fahrt und Langlebigkeit<\/p>\n<p data-start=\"2232\" data-end=\"2653\">\n<table dir=\"ltr\" border=\"0\" width=\"270\" cellspacing=\"0\" cellpadding=\"2\">\n<tbody>\n<tr>\n<td width=\"59%\" height=\"19\">\n<p align=\"left\"><span style=\"font-family: tim;\">ETM\/V 114<\/span><\/p>\n<\/td>\n<td width=\"41%\" height=\"19\">\n<p align=\"left\"><span style=\"font-family: tim;\">4.99 &#8211; 12.05<\/span><\/p>\n<\/td>\n<\/tr>\n<tr>\n<td width=\"59%\" height=\"19\">\n<p align=\"left\"><span style=\"font-family: tim;\">ETM\/V 110\/112<\/span><\/p>\n<\/td>\n<td width=\"41%\" height=\"19\">\n<p align=\"left\"><span style=\"font-family: tim;\">4.99 &#8211; 12.05<\/span><\/p>\n<\/td>\n<\/tr>\n<tr>\n<td width=\"59%\" height=\"19\">\n<p align=\"left\"><span style=\"font-family: tim;\">ETM\/V 10\/12<\/span><\/p>\n<\/td>\n<td width=\"41%\" height=\"19\">\n<p align=\"left\"><span style=\"font-family: tim;\">5.90 &#8211; 8.90<\/span><\/p>\n<\/td>\n<\/tr>\n<tr>\n<td width=\"59%\" height=\"19\">\n<p align=\"left\"><span style=\"font-family: tim;\">ETM\/V 10\/12<\/span><\/p>\n<\/td>\n<td width=\"41%\" height=\"19\">\n<p align=\"left\"><span style=\"font-family: tim;\">6.94 &#8211; 12.94<\/span><\/p>\n<\/td>\n<\/tr>\n<tr>\n<td width=\"59%\" height=\"19\">\n<p align=\"left\"><span style=\"font-family: tim;\">ETM\/V 10\/12<\/span><\/p>\n<\/td>\n<td width=\"41%\" height=\"19\">\n<p align=\"left\"><span style=\"font-family: tim;\">9.90 &#8211; 12.91<\/span><\/p>\n<\/td>\n<\/tr>\n<tr>\n<td width=\"59%\" height=\"19\">\n<p align=\"left\"><span style=\"font-family: tim;\">ETM\/V 10\/12<\/span><\/p>\n<\/td>\n<td width=\"41%\" height=\"19\">\n<p align=\"left\"><span style=\"font-family: tim;\">1.92 &#8211; 5.93<\/span><\/p>\n<\/td>\n<\/tr>\n<tr>\n<td width=\"59%\" height=\"19\">\n<p align=\"left\"><span style=\"font-family: tim;\">ETM\/V 10\/12<\/span><\/p>\n<\/td>\n<td width=\"41%\" height=\"19\">\n<p align=\"left\"><span style=\"font-family: tim;\">12.88 &#8211; 4.90<\/span><\/p>\n<\/td>\n<\/tr>\n<tr>\n<td width=\"59%\" height=\"19\">\n<p align=\"left\"><span style=\"font-family: tim;\">ETM\/V 10\/12<\/span><\/p>\n<\/td>\n<td width=\"41%\" height=\"19\">\n<p align=\"left\"><span style=\"font-family: tim;\">10.97 &#8211; 3.99<\/span><\/p>\n<\/td>\n<\/tr>\n<tr>\n<td width=\"59%\" height=\"19\">\n<p align=\"left\"><span style=\"font-family: tim;\">ETM\/V 10\/12<\/span><\/p>\n<\/td>\n<td width=\"41%\" height=\"19\">\n<p align=\"left\"><span style=\"font-family: tim;\">6.96 &#8211; 9.97<\/span><\/p>\n<\/td>\n<\/tr>\n<tr>\n<td width=\"59%\" height=\"19\">\n<p align=\"left\"><span style=\"font-family: tim;\">ETM\/V 10\/12<\/span><\/p>\n<\/td>\n<td width=\"41%\" height=\"19\">\n<p align=\"left\"><span style=\"font-family: tim;\">1.95 &#8211; 5.96<\/span><\/p>\n<\/td>\n<\/tr>\n<tr>\n<td width=\"59%\" height=\"19\">\n<p align=\"left\"><span style=\"font-family: tim;\">ESE 420\/430<\/span><\/p>\n<\/td>\n<td width=\"41%\" height=\"19\">\n<p align=\"left\"><span style=\"font-family: tim;\">5.05 &#8211; 7.09<\/span><\/p>\n<\/td>\n<\/tr>\n<tr>\n<td width=\"59%\" height=\"19\">\n<p align=\"left\"><span style=\"font-family: tim;\">EKE 30 48V<\/span><\/p>\n<\/td>\n<td width=\"41%\" height=\"19\">\n<p align=\"left\"><span style=\"font-family: tim;\">8.94 &#8211; 12.98<\/span><\/p>\n<\/td>\n<\/tr>\n<tr>\n<td width=\"59%\" height=\"19\">\n<p align=\"left\"><span style=\"font-family: tim;\">EKE 20\/30, 1Motor<\/span><\/p>\n<\/td>\n<td width=\"41%\" height=\"19\">\n<p align=\"left\"><span style=\"font-family: tim;\">6.04 &#8211; 5.05<\/span><\/p>\n<\/td>\n<\/tr>\n<tr>\n<td width=\"59%\" height=\"19\">\n<p align=\"left\"><span style=\"font-family: tim;\">EKE 20\/30 48V<\/span><\/p>\n<\/td>\n<td width=\"41%\" height=\"19\">\n<p align=\"left\"><span style=\"font-family: tim;\">11.97 &#8211; 5.04<\/span><\/p>\n<\/td>\n<\/tr>\n<tr>\n<td width=\"59%\" height=\"19\">\n<p align=\"left\"><span style=\"font-family: tim;\">EKE 20 L<\/span><\/p>\n<\/td>\n<td width=\"41%\" height=\"19\">\n<p align=\"left\"><span style=\"font-family: tim;\">1.94 &#8211; 4.94<\/span><\/p>\n<\/td>\n<\/tr>\n<tr>\n<td width=\"59%\" height=\"19\">\n<p align=\"left\"><span style=\"font-family: tim;\">EKE 20 48V<\/span><\/p>\n<\/td>\n<td width=\"41%\" height=\"19\">\n<p align=\"left\"><span style=\"font-family: tim;\">8.94 &#8211; 10.97<\/span><\/p>\n<\/td>\n<\/tr>\n<tr>\n<td width=\"59%\" height=\"19\">\n<p align=\"left\"><span style=\"font-family: tim;\">EKD 16\/48V<\/span><\/p>\n<\/td>\n<td width=\"41%\" height=\"19\">\n<p align=\"left\"><span style=\"font-family: tim;\">6.01 &#8211;<\/span><\/p>\n<\/td>\n<\/tr>\n<tr>\n<td width=\"59%\" height=\"19\">\n<p align=\"left\"><span style=\"font-family: tim;\">EKC 12,5 \/ 16 \/ 20<\/span><\/p>\n<\/td>\n<td width=\"41%\" height=\"19\">\n<p align=\"left\"><span style=\"font-family: tim;\">1.91 &#8211; 1.95<\/span><\/p>\n<\/td>\n<\/tr>\n<tr>\n<td width=\"59%\" height=\"19\">\n<p align=\"left\"><span style=\"font-family: tim;\">EKC 12,5 \/ 16<\/span><\/p>\n<\/td>\n<td width=\"41%\" height=\"19\">\n<p align=\"left\"><span style=\"font-family: tim;\">2.95 &#8211; 12.99<\/span><\/p>\n<\/td>\n<\/tr>\n<tr>\n<td width=\"59%\" height=\"19\">\n<p align=\"left\"><span style=\"font-family: tim;\">EKC 12,5<\/span><\/p>\n<\/td>\n<td width=\"41%\" height=\"19\">\n<p align=\"left\"><span style=\"font-family: tim;\">6.86 &#8211; 12.90<\/span><\/p>\n<\/td>\n<\/tr>\n<tr>\n<td width=\"59%\" height=\"19\">\n<p align=\"left\"><span style=\"font-family: tim;\">EJG 06-10<\/span><\/p>\n<\/td>\n<td width=\"41%\" height=\"19\">\n<p align=\"left\"><span style=\"font-family: tim;\">12.04 &#8211;<\/span><\/p>\n<\/td>\n<\/tr>\n<\/tbody>\n<\/table>\n","protected":false},"featured_media":11080,"template":"","meta":[],"product_brand":[],"product_cat":[419,194],"product_tag":[],"class_list":{"0":"post-11078","1":"product","2":"type-product","3":"status-publish","4":"has-post-thumbnail","6":"product_cat-yuk-tekeri-stellana","7":"product_cat-yuk-tekeri","9":"first","10":"instock","11":"taxable","12":"shipping-taxable","13":"purchasable","14":"product-type-simple"},"_links":{"self":[{"href":"https:\/\/ceoparts.com\/de\/wp-json\/wp\/v2\/product\/11078","targetHints":{"allow":["GET"]}}],"collection":[{"href":"https:\/\/ceoparts.com\/de\/wp-json\/wp\/v2\/product"}],"about":[{"href":"https:\/\/ceoparts.com\/de\/wp-json\/wp\/v2\/types\/product"}],"wp:featuredmedia":[{"embeddable":true,"href":"https:\/\/ceoparts.com\/de\/wp-json\/wp\/v2\/media\/11080"}],"wp:attachment":[{"href":"https:\/\/ceoparts.com\/de\/wp-json\/wp\/v2\/media?parent=11078"}],"wp:term":[{"taxonomy":"product_brand","embeddable":true,"href":"https:\/\/ceoparts.com\/de\/wp-json\/wp\/v2\/product_brand?post=11078"},{"taxonomy":"product_cat","embeddable":true,"href":"https:\/\/ceoparts.com\/de\/wp-json\/wp\/v2\/product_cat?post=11078"},{"taxonomy":"product_tag","embeddable":true,"href":"https:\/\/ceoparts.com\/de\/wp-json\/wp\/v2\/product_tag?post=11078"}],"curies":[{"name":"wp","href":"https:\/\/api.w.org\/{rel}","templated":true}]}}