{"id":11096,"date":"2024-10-07T12:57:33","date_gmt":"2024-10-07T09:57:33","guid":{"rendered":"https:\/\/ceoparts.com\/?post_type=product&#038;p=11096"},"modified":"2026-05-16T14:00:52","modified_gmt":"2026-05-16T11:00:52","slug":"230x75-45-rota-kahverengi-yuruyus-tekeri","status":"publish","type":"product","link":"https:\/\/ceoparts.com\/de\/urun\/230x75-45-rota-kahverengi-yuruyus-tekeri\/","title":{"rendered":"230&#215;75-45 Tellure Rota Braun Laufrolle &#8211; 4359920, 4400716, 0009903819"},"content":{"rendered":"<p>230&#215;75-45 Tellure Rota Braun Laufrolle &#8211; 4359920, 4400716, 0009903819<\/p>\n<p>LINDE 0009903819, 0009934071<\/p>\n<p>1151\u00a0T16\/T16P\/T20\/T20P<br \/>\n1152\u00a0T16\/T18\/T20\/T16L<br \/>\n1160\u00a0D06\/D08<br \/>\n1169\u00a0L10\/L12\/L14C<br \/>\n1169\u00a0L10P\/L12P\/L14P<br \/>\n1172\u00a0L10\/L12\/L12i<\/p>\n<p>Still 4359920 4400716<\/p>\n<p>EXU<br \/>\nEXU AC16 (0143, 0150, 0151, 0152)<br \/>\nEXU AC18 (0143, 0150, 0151, 0152)<br \/>\nEXU AC20 (0143, 0150, 0151, 0152)<br \/>\nEXU AC22 (0143, 0150, 0151, 0152)<br \/>\nEXU LINDE USA (0147)<br \/>\nEXU-H (0202)<br \/>\nEXU-H AC (0203)<br \/>\nEXU-H AC Autolift (0161, 0162, 0163)<br \/>\nEXU-SF20 (0160, 0179)<br \/>\nEXU-SF20 09\/2013-&gt;<br \/>\nEXV<br \/>\nEXV10 (4572) 02\/2015-&gt;<br \/>\nEXV10BASIC (4572) 02\/2015-&gt;<br \/>\nEXV12 (4572) 02\/2015-&gt;<br \/>\nEXV12I (4572) 02\/2015-&gt;<br \/>\nEXV14C (4572) 02\/2015-&gt;<br \/>\nEXV14IC (4572) 02\/2015-&gt;<br \/>\nEXVBasic (0251, 0252, 0253, 0254)<br \/>\nEXVBasic (0270, 0271, 0272, 0273) 01\/2013-&gt;<br \/>\nEXD<br \/>\nEXD-SF20 (0260,0261, 0283, 0284)<br \/>\nEXD-SF20 (0283, 0284)<br \/>\nEXD18 (0285, 0286)<br \/>\nEXD20 (0260,0261, 0283, 0284)<br \/>\nEXD20 (0283, 0284)<br \/>\nEGU<br \/>\nEGU 16 (0115, 0117, 0119, 0125)<br \/>\nEGU 18 (0115, 0117, 0119, 0125)<br \/>\nEGU 20 (0115, 0117, 0119, 0125)<br \/>\nEGU 20-S (0115, 0117, 0119, 0125)<br \/>\nEGU-H (0201)<br \/>\nEGU20 (0122)<br \/>\nEGU20S (0123)<br \/>\nEGV<br \/>\nEGV14 (0248,0250)<br \/>\nEGV16 (0248,0250)<br \/>\nLTX<br \/>\nLTX-T04<br \/>\nLTX20<br \/>\nTSD<br \/>\nTSD-SF20<br \/>\nTSD20<br \/>\nEGD<br \/>\nEGD16 (0219)<br \/>\nCL<br \/>\nCL10 Basic (4572) 01\/2013 -&gt;<br \/>\nCL12 Basic (4572) 01\/2013-&gt;<br \/>\nCL12i Basic (4572) 01\/2013-&gt;<\/p>","protected":false},"excerpt":{"rendered":"<p data-start=\"0\" data-end=\"446\"><br data-start=\"1629\" data-end=\"1632\" \/>230\u00d775-45 Tellure Rota braunes Laufrolle ist ein langlebiges, leistungsstarkes Laufrad f\u00fcr Gabelstapler und industrielle Transportfahrzeuge. Mit den Ma\u00dfen 230 mm Durchmesser, 75 mm Breite und 45 mm Lagergr\u00f6\u00dfe verf\u00fcgt dieses Modell \u00fcber eine braune Polyurethanbeschichtung, die hervorragenden Bodengrip und Rutschfestigkeit bietet. Das gerillte Design sorgt f\u00fcr stabile Fahrt und lange Lebensdauer. Widerstandsf\u00e4hig gegen Verformung auch bei hoher Belastung.<\/p>\n<p data-start=\"2091\" data-end=\"2476\"><strong data-start=\"2091\" data-end=\"2109\">Eigenschaften:<\/strong><br data-start=\"2109\" data-end=\"2112\" \/><strong data-start=\"2112\" data-end=\"2128\">Produktname:<\/strong> 230\u00d775-45 Tellure Rota braunes Laufrolle<br data-start=\"2169\" data-end=\"2172\" \/><strong data-start=\"2172\" data-end=\"2188\">Teilenummer:<\/strong> 4359920, 4400716, 0009903819<br data-start=\"2217\" data-end=\"2220\" \/><strong data-start=\"2220\" data-end=\"2233\">Material:<\/strong> Braune Polyurethanbeschichtung, Stahlk\u00f6rper<br data-start=\"2277\" data-end=\"2280\" \/><strong data-start=\"2280\" data-end=\"2299\">Einsatzbereich:<\/strong> Laufrolle f\u00fcr Gabelstapler und industrielle Transportfahrzeuge<br data-start=\"2362\" data-end=\"2365\" \/><strong data-start=\"2365\" data-end=\"2377\">Vorteil:<\/strong> Gerilltes Design f\u00fcr stabile Fahrt, hohe Abriebfestigkeit, rutschfeste und langlebige Oberfl\u00e4che<\/p>\n<p data-start=\"2478\" data-end=\"2908\">\n","protected":false},"featured_media":11520,"template":"","meta":[],"product_brand":[],"product_cat":[249,412,414,241,244,246,193],"product_tag":[],"class_list":{"0":"post-11096","1":"product","2":"type-product","3":"status-publish","4":"has-post-thumbnail","6":"product_cat-yuruyus-tekeri-linde","7":"product_cat-tellure-rota","8":"product_cat-yuruyus-tekeri-rota","9":"product_cat-still","10":"product_cat-yuruyus-tekeri-still","11":"product_cat-linde","12":"product_cat-yuruyus-tekeri","14":"first","15":"instock","16":"taxable","17":"shipping-taxable","18":"purchasable","19":"product-type-simple"},"_links":{"self":[{"href":"https:\/\/ceoparts.com\/de\/wp-json\/wp\/v2\/product\/11096","targetHints":{"allow":["GET"]}}],"collection":[{"href":"https:\/\/ceoparts.com\/de\/wp-json\/wp\/v2\/product"}],"about":[{"href":"https:\/\/ceoparts.com\/de\/wp-json\/wp\/v2\/types\/product"}],"wp:featuredmedia":[{"embeddable":true,"href":"https:\/\/ceoparts.com\/de\/wp-json\/wp\/v2\/media\/11520"}],"wp:attachment":[{"href":"https:\/\/ceoparts.com\/de\/wp-json\/wp\/v2\/media?parent=11096"}],"wp:term":[{"taxonomy":"product_brand","embeddable":true,"href":"https:\/\/ceoparts.com\/de\/wp-json\/wp\/v2\/product_brand?post=11096"},{"taxonomy":"product_cat","embeddable":true,"href":"https:\/\/ceoparts.com\/de\/wp-json\/wp\/v2\/product_cat?post=11096"},{"taxonomy":"product_tag","embeddable":true,"href":"https:\/\/ceoparts.com\/de\/wp-json\/wp\/v2\/product_tag?post=11096"}],"curies":[{"name":"wp","href":"https:\/\/api.w.org\/{rel}","templated":true}]}}